{"id":338,"date":"2025-10-17T14:41:46","date_gmt":"2025-10-17T14:41:46","guid":{"rendered":"https:\/\/condomanagedev.wpenginepowered.com\/?page_id=338"},"modified":"2025-11-05T16:15:28","modified_gmt":"2025-11-05T16:15:28","slug":"french-software-condo-inspection","status":"publish","type":"page","link":"https:\/\/www.condomanager.com\/fr\/solution\/condo-inspection\/","title":{"rendered":"Inspection de copropri\u00e9t\u00e9 logicielle"},"content":{"rendered":"<section class=\"hero hero-illustation\">\r\n  <div class=\"container hero-container\">\r\n    <div class=\"row align-items-center my-row\">\r\n      <!-- LEFT: text -->\r\n      <div class=\"col-md-12\">\r\n        <h1 class=\"text-huge\">Optimisez vos inspections de condo<\/h1>\r\n        <p class=\"text-large section-subtitle hompage-sub\">Une solution num\u00e9rique intelligente pour g\u00e9rer efficacement toutes vos inspections, de la planification au rapport final.<\/p>\r\n        \r\n        <div class=\"hero-section-action\">\r\n          <a href=\"\/fr\/contact\/demo-gratuit\" class=\"btn btn-cta\">Obtenez une d\u00e9mo gratuite<\/a>\r\n        <\/div>\r\n      <\/div><!-- col -->\r\n    <\/div>\r\n  <\/div>\r\n<\/section>\r\n\r\n<section class=\"section no-bottom-space hompepage-benefits wf-section\" style=\"margin-top:3%\">\r\n  <div class=\"container\">\r\n    <div class=\"row\">\r\n      <div class=\"col-md-6\">\r\n        <div class=\"content-pair-text\">\r\n          <div class=\"text-small-caps small-caps-title\">G\u00e9rez plus facilement.<\/div>\r\n          <h2 id=\"inspection-de-condos\">Inspection de condos<\/h2>\r\n          <h2 id=\"la-solution-intelligente-pour-la-gestion-de-coproprietes\">La solution intelligente pour la gestion de copropri\u00e9t\u00e9s<\/h2>\r\n          <p class=\"paragraph-large text-large\">Condo Inspection r\u00e9volutionne la mani\u00e8re dont les gestionnaires immobiliers r\u00e9alisent et documentent les inspections de propri\u00e9t\u00e9. Gr\u00e2ce \u00e0 une plateforme num\u00e9rique intuitive, simplifiez vos processus d\u2019inspection, am\u00e9liorez la pr\u00e9cision des rapports et assurez un suivi rigoureux de l\u2019\u00e9tat de vos b\u00e2timents.<\/p>\r\n          <a href=\"https:\/\/condoinspectionapp.com\/fr\" target=\"_blank\" class=\"btn btn-cta\">D\u00e9couvrir Condo Inspection<\/a>\r\n        <\/div><!-- content-pair-text -->\r\n      <\/div><!-- col -->\r\n\r\n      <div class=\"col-md-6 d-flex justify-content-center align-items-center\">\r\n        <img decoding=\"async\" src=\"\/wp-content\/uploads\/2025\/10\/IMAGE-2.png\" alt=\"\" class=\"content-pair-image\">\r\n      <\/div>\r\n    <\/div><!-- row -->\r\n  <\/div><!-- container -->\r\n<\/section>\r\n\r\n<div class=\"container mt-5\">\r\n  <div class=\"row\">\r\n    <div class=\"col-md-3\" style=\"padding-top: 20px;\">\r\n      <h2 style=\"font-size:35px !important\" id=\"fonctionnalites-de-condo-inspection\">Fonctionnalit\u00e9s de Condo Inspection<\/h2>\r\n    <\/div>\r\n\r\n    <div class=\"col-md-3\">\r\n      <div class=\"feature-box\">\r\n        <div class=\"feature-icon\">\r\n          <img decoding=\"async\" src=\"\/wp-content\/uploads\/2025\/10\/Image-checklist-image.png\" alt=\"\">\r\n        <\/div>\r\n        <div class=\"feature-title\">Inspections num\u00e9riques compl\u00e8tes<\/div>\r\n        <div class=\"feature-description\">\r\n          Effectuez des inspections d\u00e9taill\u00e9es avec photos, vid\u00e9os et notes directement depuis votre mobile, m\u00eame hors ligne.\r\n        <\/div>\r\n      <\/div>\r\n    <\/div>\r\n\r\n    <div class=\"col-md-3\">\r\n      <div class=\"feature-box\">\r\n        <div class=\"feature-icon\">\r\n          <img decoding=\"async\" src=\"\/wp-content\/uploads\/2025\/10\/Image-checklist-image.png\" alt=\"\">\r\n        <\/div>\r\n        <div class=\"feature-title\">Rapports professionnels automatis\u00e9s<\/div>\r\n        <div class=\"feature-description\">\r\n          G\u00e9n\u00e9ration instantan\u00e9e de rapports d\u00e9taill\u00e9s et personnalis\u00e9s avec photos int\u00e9gr\u00e9es et recommandations prioritaires.\r\n        <\/div>\r\n      <\/div>\r\n    <\/div>\r\n\r\n    <div class=\"col-md-3\">\r\n      <div class=\"feature-box\">\r\n        <div class=\"feature-icon\">\r\n          <img decoding=\"async\" src=\"\/wp-content\/uploads\/2025\/10\/Image-checklist-image.png\" alt=\"\">\r\n        <\/div>\r\n        <div class=\"feature-title\">Suivi de maintenance pr\u00e9ventive<\/div>\r\n        <div class=\"feature-description\">\r\n          Conservez un journal complet des travaux effectu\u00e9s et planifiez la maintenance pr\u00e9ventive pour prolonger la dur\u00e9e de vie des \u00e9quipements.\r\n        <\/div>\r\n      <\/div>\r\n    <\/div>\r\n  <\/div><!-- row -->\r\n\r\n  <div class=\"row\">\r\n    <div class=\"col-md-3 empty-col\"><\/div>\r\n    <div class=\"col-md-3\">\r\n      <div class=\"feature-box\">\r\n        <div class=\"feature-icon\">\r\n          <img decoding=\"async\" src=\"\/wp-content\/uploads\/2025\/10\/Image-checklist-image.png\" alt=\"\">\r\n        <\/div>\r\n        <div class=\"feature-title\">Checklists personnalisables<\/div>\r\n        <div class=\"feature-description\">\r\n          Cr\u00e9ez et r\u00e9utilisez des checklists adapt\u00e9es \u00e0 chaque type de propri\u00e9t\u00e9 pour garantir des inspections uniformes et compl\u00e8tes.\r\n        <\/div>\r\n      <\/div>\r\n    <\/div>\r\n\r\n    <div class=\"col-md-3\">\r\n      <div class=\"feature-box\">\r\n        <div class=\"feature-icon\">\r\n          <img decoding=\"async\" src=\"\/wp-content\/uploads\/2025\/10\/Image-checklist-image.png\" alt=\"\">\r\n        <\/div>\r\n        <div class=\"feature-title\">Gestion des d\u00e9fauts<\/div>\r\n        <div class=\"feature-description\">\r\n          Identifiez, documentez et suivez les d\u00e9fauts avec codes de priorit\u00e9 pour r\u00e9soudre efficacement les probl\u00e8mes.\r\n        <\/div>\r\n      <\/div>\r\n    <\/div>\r\n\r\n    <div class=\"col-md-3\">\r\n      <div class=\"feature-box\">\r\n        <div class=\"feature-icon\">\r\n          <img decoding=\"async\" src=\"\/wp-content\/uploads\/2025\/10\/Image-checklist-image.png\" alt=\"\">\r\n        <\/div>\r\n        <div class=\"feature-title\">Signatures \u00e9lectroniques<\/div>\r\n        <div class=\"feature-description\">\r\n          Obtenez des signatures \u00e9lectroniques sur les rapports d\u2019inspection directement dans l\u2019application pour validation rapide.\r\n        <\/div>\r\n      <\/div>\r\n    <\/div>\r\n  <\/div><!-- row -->\r\n\r\n  <div class=\"row\">\r\n    <div class=\"col-md-3 empty-col\"><\/div>\r\n    <div class=\"col-md-3\">\r\n      <div class=\"feature-box\">\r\n        <div class=\"feature-icon\">\r\n          <img decoding=\"async\" src=\"\/wp-content\/uploads\/2025\/10\/Image-checklist-image.png\" alt=\"\">\r\n        <\/div>\r\n        <div class=\"feature-title\">Int\u00e9gration avec Condo Manager<\/div>\r\n        <div class=\"feature-description\">\r\n          Synchronisez automatiquement vos donn\u00e9es d\u2019inspection avec Condo Manager pour une gestion centralis\u00e9e des propri\u00e9t\u00e9s.\r\n        <\/div>\r\n      <\/div>\r\n    <\/div>\r\n\r\n    <div class=\"col-md-3\">\r\n      <div class=\"feature-box\">\r\n        <div class=\"feature-icon\">\r\n          <img decoding=\"async\" src=\"\/wp-content\/uploads\/2025\/10\/Image-checklist-image.png\" alt=\"\">\r\n        <\/div>\r\n        <div class=\"feature-title\">Conformit\u00e9 aux normes<\/div>\r\n        <div class=\"feature-description\">\r\n          Garantissez que vos inspections respectent les normes du secteur et les exigences r\u00e9glementaires.\r\n        <\/div>\r\n      <\/div>\r\n    <\/div>\r\n  <\/div><!-- row -->\r\n<\/div>\r\n\r\n<section class=\"section no-bottom-space hompepage-benefits wf-section\" style=\"margin-top:3%; background-color: #F7FAFC; max-width: 100%; padding: 5%;\">\r\n  <div class=\"container\">\r\n    <div class=\"row\">\r\n      <div class=\"col-md-6\">\r\n        <div class=\"content-pair-text\">\r\n          <div class=\"text-small-caps small-caps-title\">\u00c0 DISTANCE. Abordable. Experts de premier plan.<\/div>\r\n          <h2 id=\"pourquoi-choisir-condo-inspection\">Pourquoi choisir Condo Inspection ?<\/h2>\r\n          <p class=\"paragraph-large text-large\">En tant que partenaire privil\u00e9gi\u00e9 de Condo Manager, Condo Inspection propose une solution sp\u00e9cialement con\u00e7ue pour les besoins des gestionnaires de copropri\u00e9t\u00e9s.<\/p>\r\n\r\n          <img decoding=\"async\" src=\"\/wp-content\/uploads\/2025\/10\/Image-checklist-image.png\" alt=\"\">\r\n          <p class=\"paragraph-large text-large\"><strong>Gain de temps significatif :<\/strong> jusqu\u2019\u00e0 50 % de r\u00e9duction du temps consacr\u00e9 aux inspections et \u00e0 la r\u00e9daction des rapports.<\/p>\r\n\r\n          <img decoding=\"async\" src=\"\/wp-content\/uploads\/2025\/10\/Image-checklist-image.png\" alt=\"\">\r\n          <p class=\"paragraph-large text-large\"><strong>Documentation centralis\u00e9e :<\/strong> conservez l\u2019historique complet des inspections et travaux pour chaque propri\u00e9t\u00e9.<\/p>\r\n\r\n          <img decoding=\"async\" src=\"\/wp-content\/uploads\/2025\/10\/Image-checklist-image.png\" alt=\"\">\r\n          <p class=\"paragraph-large text-large\"><strong>Communication am\u00e9lior\u00e9e :<\/strong> partagez facilement les rapports avec les conseils et les propri\u00e9taires.<\/p>\r\n\r\n          <img decoding=\"async\" src=\"\/wp-content\/uploads\/2025\/10\/Image-checklist-image.png\" alt=\"\">\r\n          <p class=\"paragraph-large text-large\"><strong>Conformit\u00e9 assur\u00e9e :<\/strong> respectez les exigences d\u2019assurance et de r\u00e9glementation en mati\u00e8re d\u2019inspection.<\/p>\r\n        <\/div><!-- content-pair-text -->\r\n      <\/div><!-- col -->\r\n\r\n      <div class=\"col-md-6 d-flex justify-content-center align-items-center\">\r\n        <img decoding=\"async\" src=\"\/wp-content\/uploads\/2025\/10\/IMAGE-3.png\" alt=\"\" class=\"content-pair-image\">\r\n      <\/div><!-- col -->\r\n    <\/div><!-- row -->\r\n  <\/div> <!-- container -->\r\n<\/section>\r\n\r\n<section class=\"section no-bottom-space hompepage-benefits wf-section\" style=\"margin-top:3%; margin-bottom: 3%;\">\r\n  <div class=\"container\" style=\"text-align:center\">\r\n    <h3 class=\"h1\" id=\"simplifiez-la-gestion-de-votre-copropriete\">Simplifiez la gestion de votre copropri\u00e9t\u00e9<\/h3>\r\n    <div class=\"text-large\">\r\n      D\u00e9couvrez comment l'int\u00e9gration de Condo Inspection \u00e0 Condo Manager peut transformer la gestion de vos biens immobiliers.\r\n    <\/div>\r\n    <div class=\"hero-section-action\" style=\"margin-top:2%\">\r\n      <a href=\"\/fr\/contact\/demo-gratuit\" class=\"btn btn-cta\">Obtenir une d\u00e9mo gratuite<\/a>\r\n    <\/div>\r\n  <\/div>\r\n<\/section>\n","protected":false},"excerpt":{"rendered":"","protected":false},"author":4,"featured_media":0,"parent":0,"menu_order":0,"comment_status":"closed","ping_status":"closed","template":"","meta":{"site-sidebar-layout":"default","site-content-layout":"","ast-site-content-layout":"default","site-content-style":"default","site-sidebar-style":"default","ast-global-header-display":"","ast-banner-title-visibility":"","ast-main-header-display":"","ast-hfb-above-header-display":"","ast-hfb-below-header-display":"","ast-hfb-mobile-header-display":"","site-post-title":"disabled","ast-breadcrumbs-content":"","ast-featured-img":"","footer-sml-layout":"","ast-disable-related-posts":"","theme-transparent-header-meta":"default","adv-header-id-meta":"","stick-header-meta":"default","header-above-stick-meta":"","header-main-stick-meta":"","header-below-stick-meta":"","astra-migrate-meta-layouts":"set","ast-page-background-enabled":"default","ast-page-background-meta":{"desktop":{"background-color":"var(--ast-global-color-5)","background-image":"","background-repeat":"repeat","background-position":"center center","background-size":"auto","background-attachment":"scroll","background-type":"","background-media":"","overlay-type":"","overlay-color":"","overlay-opacity":"","overlay-gradient":""},"tablet":{"background-color":"","background-image":"","background-repeat":"repeat","background-position":"center center","background-size":"auto","background-attachment":"scroll","background-type":"","background-media":"","overlay-type":"","overlay-color":"","overlay-opacity":"","overlay-gradient":""},"mobile":{"background-color":"","background-image":"","background-repeat":"repeat","background-position":"center center","background-size":"auto","background-attachment":"scroll","background-type":"","background-media":"","overlay-type":"","overlay-color":"","overlay-opacity":"","overlay-gradient":""}},"ast-content-background-meta":{"desktop":{"background-color":"var(--ast-global-color-4)","background-image":"","background-repeat":"repeat","background-position":"center center","background-size":"auto","background-attachment":"scroll","background-type":"","background-media":"","overlay-type":"","overlay-color":"","overlay-opacity":"","overlay-gradient":""},"tablet":{"background-color":"var(--ast-global-color-4)","background-image":"","background-repeat":"repeat","background-position":"center center","background-size":"auto","background-attachment":"scroll","background-type":"","background-media":"","overlay-type":"","overlay-color":"","overlay-opacity":"","overlay-gradient":""},"mobile":{"background-color":"var(--ast-global-color-4)","background-image":"","background-repeat":"repeat","background-position":"center center","background-size":"auto","background-attachment":"scroll","background-type":"","background-media":"","overlay-type":"","overlay-color":"","overlay-opacity":"","overlay-gradient":""}},"footnotes":""},"coauthors":[],"class_list":["post-338","page","type-page","status-publish","hentry"],"yoast_head":"<!-- This site is optimized with the Yoast SEO plugin v27.5 - https:\/\/yoast.com\/product\/yoast-seo-wordpress\/ -->\n<title>Inspection de copropri\u00e9t\u00e9 logicielle - Condo Manager<\/title>\n<meta name=\"robots\" content=\"index, follow, max-snippet:-1, max-image-preview:large, max-video-preview:-1\" \/>\n<link rel=\"canonical\" href=\"https:\/\/www.condomanager.com\/fr\/solution\/condo-inspection\/\" \/>\n<meta property=\"og:locale\" content=\"fr_FR\" \/>\n<meta property=\"og:type\" content=\"article\" \/>\n<meta property=\"og:title\" content=\"Inspection de copropri\u00e9t\u00e9 logicielle - Condo Manager\" \/>\n<meta property=\"og:url\" content=\"https:\/\/www.condomanager.com\/fr\/solution\/condo-inspection\/\" \/>\n<meta property=\"og:site_name\" content=\"Condo Manager\" \/>\n<meta property=\"article:modified_time\" content=\"2025-11-05T16:15:28+00:00\" \/>\n<meta name=\"twitter:card\" content=\"summary_large_image\" \/>\n<meta name=\"twitter:label1\" content=\"Dur\u00e9e de lecture estim\u00e9e\" \/>\n\t<meta name=\"twitter:data1\" content=\"1 minute\" \/>\n\t<meta name=\"twitter:label2\" content=\"Written by\" \/>\n\t<meta name=\"twitter:data2\" content=\"Adeel Abbasi\" \/>\n<script type=\"application\/ld+json\" class=\"yoast-schema-graph\">{\"@context\":\"https:\\\/\\\/schema.org\",\"@graph\":[{\"@type\":\"WebPage\",\"@id\":\"https:\\\/\\\/www.condomanager.com\\\/fr\\\/solution\\\/condo-inspection\\\/\",\"url\":\"https:\\\/\\\/www.condomanager.com\\\/fr\\\/solution\\\/condo-inspection\\\/\",\"name\":\"Inspection de copropri\u00e9t\u00e9 logicielle - Condo Manager\",\"isPartOf\":{\"@id\":\"https:\\\/\\\/www.condomanager.com\\\/fr\\\/#website\"},\"datePublished\":\"2025-10-17T14:41:46+00:00\",\"dateModified\":\"2025-11-05T16:15:28+00:00\",\"breadcrumb\":{\"@id\":\"https:\\\/\\\/www.condomanager.com\\\/fr\\\/solution\\\/condo-inspection\\\/#breadcrumb\"},\"inLanguage\":\"fr-FR\",\"potentialAction\":[{\"@type\":\"ReadAction\",\"target\":[\"https:\\\/\\\/www.condomanager.com\\\/fr\\\/solution\\\/condo-inspection\\\/\"]}]},{\"@type\":\"BreadcrumbList\",\"@id\":\"https:\\\/\\\/www.condomanager.com\\\/fr\\\/solution\\\/condo-inspection\\\/#breadcrumb\",\"itemListElement\":[{\"@type\":\"ListItem\",\"position\":1,\"name\":\"Home\",\"item\":\"https:\\\/\\\/www.condomanager.com\\\/fr\\\/\"},{\"@type\":\"ListItem\",\"position\":2,\"name\":\"Inspection de copropri\u00e9t\u00e9 logicielle\"}]},{\"@type\":\"WebSite\",\"@id\":\"https:\\\/\\\/www.condomanager.com\\\/fr\\\/#website\",\"url\":\"https:\\\/\\\/www.condomanager.com\\\/fr\\\/\",\"name\":\"Condo Manager\",\"description\":\"Online Property Condo management Services, HOA Software\",\"publisher\":{\"@id\":\"https:\\\/\\\/www.condomanager.com\\\/fr\\\/#organization\"},\"potentialAction\":[{\"@type\":\"SearchAction\",\"target\":{\"@type\":\"EntryPoint\",\"urlTemplate\":\"https:\\\/\\\/www.condomanager.com\\\/fr\\\/?s={search_term_string}\"},\"query-input\":{\"@type\":\"PropertyValueSpecification\",\"valueRequired\":true,\"valueName\":\"search_term_string\"}}],\"inLanguage\":\"fr-FR\"},{\"@type\":\"Organization\",\"@id\":\"https:\\\/\\\/www.condomanager.com\\\/fr\\\/#organization\",\"name\":\"Condo Manager\",\"url\":\"https:\\\/\\\/www.condomanager.com\\\/fr\\\/\",\"logo\":{\"@type\":\"ImageObject\",\"inLanguage\":\"fr-FR\",\"@id\":\"https:\\\/\\\/www.condomanager.com\\\/fr\\\/#\\\/schema\\\/logo\\\/image\\\/\",\"url\":\"https:\\\/\\\/www.condomanager.com\\\/wp-content\\\/uploads\\\/2025\\\/10\\\/condomanager-logo-1.png-1.png\",\"contentUrl\":\"https:\\\/\\\/www.condomanager.com\\\/wp-content\\\/uploads\\\/2025\\\/10\\\/condomanager-logo-1.png-1.png\",\"width\":291,\"height\":53,\"caption\":\"Condo Manager\"},\"image\":{\"@id\":\"https:\\\/\\\/www.condomanager.com\\\/fr\\\/#\\\/schema\\\/logo\\\/image\\\/\"}}]}<\/script>\n<!-- \/ Yoast SEO plugin. -->","yoast_head_json":{"title":"Inspection de copropri\u00e9t\u00e9 logicielle - Condo Manager","robots":{"index":"index","follow":"follow","max-snippet":"max-snippet:-1","max-image-preview":"max-image-preview:large","max-video-preview":"max-video-preview:-1"},"canonical":"https:\/\/www.condomanager.com\/fr\/solution\/condo-inspection\/","og_locale":"fr_FR","og_type":"article","og_title":"Inspection de copropri\u00e9t\u00e9 logicielle - Condo Manager","og_url":"https:\/\/www.condomanager.com\/fr\/solution\/condo-inspection\/","og_site_name":"Condo Manager","article_modified_time":"2025-11-05T16:15:28+00:00","twitter_card":"summary_large_image","twitter_misc":{"Dur\u00e9e de lecture estim\u00e9e":"1 minute","Written by":"Adeel Abbasi"},"schema":{"@context":"https:\/\/schema.org","@graph":[{"@type":"WebPage","@id":"https:\/\/www.condomanager.com\/fr\/solution\/condo-inspection\/","url":"https:\/\/www.condomanager.com\/fr\/solution\/condo-inspection\/","name":"Inspection de copropri\u00e9t\u00e9 logicielle - Condo Manager","isPartOf":{"@id":"https:\/\/www.condomanager.com\/fr\/#website"},"datePublished":"2025-10-17T14:41:46+00:00","dateModified":"2025-11-05T16:15:28+00:00","breadcrumb":{"@id":"https:\/\/www.condomanager.com\/fr\/solution\/condo-inspection\/#breadcrumb"},"inLanguage":"fr-FR","potentialAction":[{"@type":"ReadAction","target":["https:\/\/www.condomanager.com\/fr\/solution\/condo-inspection\/"]}]},{"@type":"BreadcrumbList","@id":"https:\/\/www.condomanager.com\/fr\/solution\/condo-inspection\/#breadcrumb","itemListElement":[{"@type":"ListItem","position":1,"name":"Home","item":"https:\/\/www.condomanager.com\/fr\/"},{"@type":"ListItem","position":2,"name":"Inspection de copropri\u00e9t\u00e9 logicielle"}]},{"@type":"WebSite","@id":"https:\/\/www.condomanager.com\/fr\/#website","url":"https:\/\/www.condomanager.com\/fr\/","name":"Condo Manager","description":"Online Property Condo management Services, HOA Software","publisher":{"@id":"https:\/\/www.condomanager.com\/fr\/#organization"},"potentialAction":[{"@type":"SearchAction","target":{"@type":"EntryPoint","urlTemplate":"https:\/\/www.condomanager.com\/fr\/?s={search_term_string}"},"query-input":{"@type":"PropertyValueSpecification","valueRequired":true,"valueName":"search_term_string"}}],"inLanguage":"fr-FR"},{"@type":"Organization","@id":"https:\/\/www.condomanager.com\/fr\/#organization","name":"Condo Manager","url":"https:\/\/www.condomanager.com\/fr\/","logo":{"@type":"ImageObject","inLanguage":"fr-FR","@id":"https:\/\/www.condomanager.com\/fr\/#\/schema\/logo\/image\/","url":"https:\/\/www.condomanager.com\/wp-content\/uploads\/2025\/10\/condomanager-logo-1.png-1.png","contentUrl":"https:\/\/www.condomanager.com\/wp-content\/uploads\/2025\/10\/condomanager-logo-1.png-1.png","width":291,"height":53,"caption":"Condo Manager"},"image":{"@id":"https:\/\/www.condomanager.com\/fr\/#\/schema\/logo\/image\/"}}]}},"_links":{"self":[{"href":"https:\/\/www.condomanager.com\/fr\/wp-json\/wp\/v2\/pages\/338","targetHints":{"allow":["GET"]}}],"collection":[{"href":"https:\/\/www.condomanager.com\/fr\/wp-json\/wp\/v2\/pages"}],"about":[{"href":"https:\/\/www.condomanager.com\/fr\/wp-json\/wp\/v2\/types\/page"}],"author":[{"embeddable":true,"href":"https:\/\/www.condomanager.com\/fr\/wp-json\/wp\/v2\/users\/4"}],"replies":[{"embeddable":true,"href":"https:\/\/www.condomanager.com\/fr\/wp-json\/wp\/v2\/comments?post=338"}],"version-history":[{"count":0,"href":"https:\/\/www.condomanager.com\/fr\/wp-json\/wp\/v2\/pages\/338\/revisions"}],"wp:attachment":[{"href":"https:\/\/www.condomanager.com\/fr\/wp-json\/wp\/v2\/media?parent=338"}],"wp:term":[{"taxonomy":"author","embeddable":true,"href":"https:\/\/www.condomanager.com\/fr\/wp-json\/wp\/v2\/coauthors?post=338"}],"curies":[{"name":"wp","href":"https:\/\/api.w.org\/{rel}","templated":true}]}}