{"id":348,"date":"2025-10-20T13:40:40","date_gmt":"2025-10-20T13:40:40","guid":{"rendered":"https:\/\/condomanagedev.wpenginepowered.com\/?page_id=348"},"modified":"2025-11-05T16:13:06","modified_gmt":"2025-11-05T16:13:06","slug":"french-integrations-condo-manager-api","status":"publish","type":"page","link":"https:\/\/www.condomanager.com\/fr\/integrations\/api-condo-manager\/","title":{"rendered":"Int\u00e9grations API Condo Manager"},"content":{"rendered":"<section class=\"hero hero-illustation\">\r\n  <div class=\"container hero-container\">\r\n    <div class=\"row align-items-center my-row\">\r\n      <!-- LEFT: text -->\r\n      <div class=\"col-md-12\">\r\n        <h1 class=\"text-huge\">Int\u00e9gration API avec Condo Manager<\/h1>\r\n        <p class=\"text-large section-subtitle hompage-sub\">\r\n          Faites passer vos relations d\u2019affaires au niveau sup\u00e9rieur gr\u00e2ce aux int\u00e9grations API de Condo Manager. \r\n          Des communications s\u00e9curis\u00e9es, ponctuelles et fluides sont essentielles \u00e0 des relations solides, \r\n          que ce soit avec des plateformes de paiement, des institutions financi\u00e8res ou d\u2019autres services logiciels. \r\n          La capacit\u00e9 de collaborer efficacement profite \u00e0 tous.\r\n        <\/p>\r\n        \r\n        <div class=\"hero-section-action\">\r\n          <a href=\"\/fr\/contact\/demo-gratuit\" class=\"btn btn-cta\">Obtenez une d\u00e9mo gratuite<\/a>\r\n        <\/div>\r\n      <\/div><!-- col -->\r\n    <\/div>\r\n  <\/div>\r\n<\/section>\r\n\r\n<section class=\"section no-bottom-space hompepage-benefits wf-section\" style=\"margin-top:3%\">\r\n  <div class=\"container\">\r\n    <div class=\"row\">\r\n      <div class=\"col-md-6\">\r\n        <div class=\"content-pair-text\">\r\n          <div class=\"text-small-caps small-caps-title\">API 101<\/div>\r\n          <h2 id=\"quest-ce-quune-integration-api\">Qu\u2019est-ce qu\u2019une int\u00e9gration API&nbsp;?<\/h2>\r\n          \r\n          <p class=\"paragraph-large text-large\">\r\n            Les int\u00e9grations API permettent aux entreprises d\u2019automatiser certaines t\u00e2ches \r\n            en int\u00e9grant des applications et des bases de donn\u00e9es avec des applications partenaires.\r\n          <\/p>\r\n\r\n          <p class=\"paragraph-large text-large\">\r\n            Une API efficace assure une communication fluide et continue entre diverses applications. \r\n            Cela permet \u00e0 toutes les parties impliqu\u00e9es de profiter de multiples applications bas\u00e9es sur le cloud.\r\n          <\/p>\r\n\r\n          <p class=\"paragraph-large text-large\">\r\n            Les API permettent aux entreprises de lancer de nouveaux produits et fonctionnalit\u00e9s de mani\u00e8re agile, \r\n            sans un engagement lourd ni un investissement important en temps ou en argent.\r\n          <\/p>\r\n        <\/div><!-- content-pair-text -->\r\n      <\/div><!-- col --> \r\n\r\n      <div class=\"col-md-6 d-flex justify-content-center align-items-center\">\r\n        <img decoding=\"async\" src=\"\/wp-content\/uploads\/2025\/10\/Condo20Manager20API-p-800.png.png\" alt=\"\" class=\"content-pair-image\">\r\n      <\/div>\r\n    <\/div><!-- row --> \r\n  <\/div> <!-- container -->\r\n<\/section>\r\n\r\n<div class=\"container mt-5\">\r\n  <div class=\"row\">\r\n    <!-- First Column (Heading) -->\r\n    <div class=\"col-md-3\" style=\"padding-top: 20px;\">\r\n      <h2 id=\"comment-les-api-peuvent-ellesameliorer-votre-entreprise\">Comment les API peuvent-elles<br>am\u00e9liorer votre entreprise&nbsp;?<\/h2>\r\n    <\/div>\r\n\r\n    <!-- Second, Third, and Fourth Columns (Icons + Text) -->\r\n    <div class=\"col-md-3\">\r\n      <div class=\"feature-box\">\r\n        <div class=\"feature-icon\">\r\n          <img decoding=\"async\" src=\"\/wp-content\/uploads\/2025\/10\/Image-checklist-image.png\" alt=\"\" class=\"\">\r\n        <\/div>\r\n        <div class=\"feature-title\">Facilit\u00e9 d\u2019int\u00e9gration<\/div>\r\n        <div class=\"feature-description\">\r\n          Les logiciels peuvent \u00eatre connect\u00e9s de mani\u00e8re transparente \u00e0 d\u2019autres afin de rationaliser certains processus.\r\n        <\/div>\r\n      <\/div>\r\n    <\/div>\r\n\r\n    <div class=\"col-md-3\">\r\n      <div class=\"feature-box\">\r\n        <div class=\"feature-icon\">\r\n          <img decoding=\"async\" src=\"\/wp-content\/uploads\/2025\/10\/Image-checklist-image.png\" alt=\"\" class=\"\">\r\n        <\/div>\r\n        <div class=\"feature-title\">Meilleure int\u00e9gration<\/div>\r\n        <div class=\"feature-description\">\r\n          Des int\u00e9grations simples permettent \u00e0 votre organisation de tirer parti des forces de plusieurs logiciels, \r\n          adapt\u00e9s \u00e0 des besoins commerciaux sp\u00e9cifiques.\r\n        <\/div>\r\n      <\/div>\r\n    <\/div>\r\n\r\n    <div class=\"col-md-3\">\r\n      <div class=\"feature-box\">\r\n        <div class=\"feature-icon\">\r\n          <img decoding=\"async\" src=\"\/wp-content\/uploads\/2025\/10\/Image-checklist-image.png\" alt=\"\" class=\"\">\r\n        <\/div>\r\n        <div class=\"feature-title\">Automatisation des t\u00e2ches<\/div>\r\n        <div class=\"feature-description\">\r\n          Automatisez les t\u00e2ches manuelles pour assurer une communication fluide entre les applications. \r\n          Cela permet de gagner du temps et de l\u2019argent.\r\n        <\/div>\r\n      <\/div>\r\n    <\/div>\r\n  <\/div>\r\n\r\n  <div class=\"row\">\r\n    <!-- Second Row -->\r\n    <div class=\"col-md-3 empty-col\">\r\n    <\/div><!-- col --> \r\n\r\n    <div class=\"col-md-3\">\r\n      <div class=\"feature-box\">\r\n        <div class=\"feature-icon\">\r\n          <img decoding=\"async\" src=\"\/wp-content\/uploads\/2025\/10\/Image-checklist-image.png\" alt=\"\" class=\"\">\r\n        <\/div>\r\n        <div class=\"feature-title\">Am\u00e9lioration des services<\/div>\r\n        <div class=\"feature-description\">\r\n          Simplifiez la mise en \u0153uvre de nouvelles applications, entreprises et produits tout en lib\u00e9rant des ressources de d\u00e9veloppement.\r\n        <\/div>\r\n      <\/div>\r\n    <\/div>\r\n\r\n    <div class=\"col-md-3\">\r\n      <div class=\"feature-box\">\r\n        <div class=\"feature-icon\">\r\n          <img decoding=\"async\" src=\"\/wp-content\/uploads\/2025\/10\/Image-checklist-image.png\" alt=\"\" class=\"\">\r\n        <\/div>\r\n        <div class=\"feature-title\">Innovation<\/div>\r\n        <div class=\"feature-description\">\r\n          L\u2019innovation num\u00e9rique devient moins intimidante puisque les applications peuvent \u00eatre d\u00e9velopp\u00e9es plus rapidement, \r\n          plus efficacement et \u00e0 moindre co\u00fbt.\r\n        <\/div>\r\n      <\/div>\r\n    <\/div>\r\n  <\/div><!-- row -->\r\n<\/div>\r\n\r\n\r\n\r\n\r\n\r\n\r\n<section class=\"section no-bottom-space hompepage-benefits wf-section\" style=\"margin-top:3%; margin-bottom: 3%;\">\r\n  <div class=\"container\" style=\"text-align:center\">\r\n    <h3 class=\"h1\" id=\"simplifiez-la-gestion-de-votre-copropriete\">Simplifiez la gestion de votre copropri\u00e9t\u00e9<\/h3>\r\n    <div class=\"text-large\">\r\n      D\u00e9couvrez comment l'int\u00e9gration de Condo Inspection \u00e0 Condo Manager peut transformer la gestion de vos biens immobiliers.\r\n    <\/div>\r\n    <div class=\"hero-section-action\" style=\"margin-top:2%\">\r\n      <a href=\"\/fr\/contact\/demo-gratuit\" class=\"btn btn-cta\">Obtenir une d\u00e9mo gratuite<\/a>\r\n    <\/div>\r\n  <\/div>\r\n<\/section>\n","protected":false},"excerpt":{"rendered":"","protected":false},"author":4,"featured_media":0,"parent":0,"menu_order":0,"comment_status":"closed","ping_status":"closed","template":"","meta":{"site-sidebar-layout":"default","site-content-layout":"","ast-site-content-layout":"default","site-content-style":"default","site-sidebar-style":"default","ast-global-header-display":"","ast-banner-title-visibility":"","ast-main-header-display":"","ast-hfb-above-header-display":"","ast-hfb-below-header-display":"","ast-hfb-mobile-header-display":"","site-post-title":"disabled","ast-breadcrumbs-content":"","ast-featured-img":"","footer-sml-layout":"","ast-disable-related-posts":"","theme-transparent-header-meta":"default","adv-header-id-meta":"","stick-header-meta":"default","header-above-stick-meta":"","header-main-stick-meta":"","header-below-stick-meta":"","astra-migrate-meta-layouts":"set","ast-page-background-enabled":"default","ast-page-background-meta":{"desktop":{"background-color":"var(--ast-global-color-5)","background-image":"","background-repeat":"repeat","background-position":"center center","background-size":"auto","background-attachment":"scroll","background-type":"","background-media":"","overlay-type":"","overlay-color":"","overlay-opacity":"","overlay-gradient":""},"tablet":{"background-color":"","background-image":"","background-repeat":"repeat","background-position":"center center","background-size":"auto","background-attachment":"scroll","background-type":"","background-media":"","overlay-type":"","overlay-color":"","overlay-opacity":"","overlay-gradient":""},"mobile":{"background-color":"","background-image":"","background-repeat":"repeat","background-position":"center center","background-size":"auto","background-attachment":"scroll","background-type":"","background-media":"","overlay-type":"","overlay-color":"","overlay-opacity":"","overlay-gradient":""}},"ast-content-background-meta":{"desktop":{"background-color":"var(--ast-global-color-4)","background-image":"","background-repeat":"repeat","background-position":"center center","background-size":"auto","background-attachment":"scroll","background-type":"","background-media":"","overlay-type":"","overlay-color":"","overlay-opacity":"","overlay-gradient":""},"tablet":{"background-color":"var(--ast-global-color-4)","background-image":"","background-repeat":"repeat","background-position":"center center","background-size":"auto","background-attachment":"scroll","background-type":"","background-media":"","overlay-type":"","overlay-color":"","overlay-opacity":"","overlay-gradient":""},"mobile":{"background-color":"var(--ast-global-color-4)","background-image":"","background-repeat":"repeat","background-position":"center center","background-size":"auto","background-attachment":"scroll","background-type":"","background-media":"","overlay-type":"","overlay-color":"","overlay-opacity":"","overlay-gradient":""}},"footnotes":""},"coauthors":[],"class_list":["post-348","page","type-page","status-publish","hentry"],"yoast_head":"<!-- This site is optimized with the Yoast SEO plugin v27.2 - https:\/\/yoast.com\/product\/yoast-seo-wordpress\/ -->\n<title>Int\u00e9grations API Condo Manager - Condo Manager<\/title>\n<meta name=\"robots\" content=\"index, follow, max-snippet:-1, max-image-preview:large, max-video-preview:-1\" \/>\n<link rel=\"canonical\" href=\"https:\/\/www.condomanager.com\/fr\/integrations\/api-condo-manager\/\" \/>\n<meta property=\"og:locale\" content=\"fr_FR\" \/>\n<meta property=\"og:type\" content=\"article\" \/>\n<meta property=\"og:title\" content=\"Int\u00e9grations API Condo Manager - Condo Manager\" \/>\n<meta property=\"og:url\" content=\"https:\/\/www.condomanager.com\/fr\/integrations\/api-condo-manager\/\" \/>\n<meta property=\"og:site_name\" content=\"Condo Manager\" \/>\n<meta property=\"article:modified_time\" content=\"2025-11-05T16:13:06+00:00\" \/>\n<meta name=\"twitter:card\" content=\"summary_large_image\" \/>\n<meta name=\"twitter:label1\" content=\"Dur\u00e9e de lecture estim\u00e9e\" \/>\n\t<meta name=\"twitter:data1\" content=\"1 minute\" \/>\n\t<meta name=\"twitter:label2\" content=\"Written by\" \/>\n\t<meta name=\"twitter:data2\" content=\"Adeel Abbasi\" \/>\n<script type=\"application\/ld+json\" class=\"yoast-schema-graph\">{\"@context\":\"https:\/\/schema.org\",\"@graph\":[{\"@type\":\"WebPage\",\"@id\":\"https:\/\/www.condomanager.com\/fr\/integrations\/api-condo-manager\/\",\"url\":\"https:\/\/www.condomanager.com\/fr\/integrations\/api-condo-manager\/\",\"name\":\"Int\u00e9grations API Condo Manager - Condo Manager\",\"isPartOf\":{\"@id\":\"https:\/\/www.condomanager.com\/fr\/#website\"},\"datePublished\":\"2025-10-20T13:40:40+00:00\",\"dateModified\":\"2025-11-05T16:13:06+00:00\",\"breadcrumb\":{\"@id\":\"https:\/\/www.condomanager.com\/fr\/integrations\/api-condo-manager\/#breadcrumb\"},\"inLanguage\":\"fr-FR\",\"potentialAction\":[{\"@type\":\"ReadAction\",\"target\":[\"https:\/\/www.condomanager.com\/fr\/integrations\/api-condo-manager\/\"]}]},{\"@type\":\"BreadcrumbList\",\"@id\":\"https:\/\/www.condomanager.com\/fr\/integrations\/api-condo-manager\/#breadcrumb\",\"itemListElement\":[{\"@type\":\"ListItem\",\"position\":1,\"name\":\"Home\",\"item\":\"https:\/\/www.condomanager.com\/fr\/\"},{\"@type\":\"ListItem\",\"position\":2,\"name\":\"Int\u00e9grations API Condo Manager\"}]},{\"@type\":\"WebSite\",\"@id\":\"https:\/\/www.condomanager.com\/fr\/#website\",\"url\":\"https:\/\/www.condomanager.com\/fr\/\",\"name\":\"Condo Manager\",\"description\":\"Online Property Condo management Services, HOA Software\",\"publisher\":{\"@id\":\"https:\/\/www.condomanager.com\/fr\/#organization\"},\"potentialAction\":[{\"@type\":\"SearchAction\",\"target\":{\"@type\":\"EntryPoint\",\"urlTemplate\":\"https:\/\/www.condomanager.com\/fr\/?s={search_term_string}\"},\"query-input\":{\"@type\":\"PropertyValueSpecification\",\"valueRequired\":true,\"valueName\":\"search_term_string\"}}],\"inLanguage\":\"fr-FR\"},{\"@type\":\"Organization\",\"@id\":\"https:\/\/www.condomanager.com\/fr\/#organization\",\"name\":\"Condo Manager\",\"url\":\"https:\/\/www.condomanager.com\/fr\/\",\"logo\":{\"@type\":\"ImageObject\",\"inLanguage\":\"fr-FR\",\"@id\":\"https:\/\/www.condomanager.com\/fr\/#\/schema\/logo\/image\/\",\"url\":\"https:\/\/www.condomanager.com\/wp-content\/uploads\/2025\/10\/condomanager-logo-1.png-1.png\",\"contentUrl\":\"https:\/\/www.condomanager.com\/wp-content\/uploads\/2025\/10\/condomanager-logo-1.png-1.png\",\"width\":291,\"height\":53,\"caption\":\"Condo Manager\"},\"image\":{\"@id\":\"https:\/\/www.condomanager.com\/fr\/#\/schema\/logo\/image\/\"}}]}<\/script>\n<!-- \/ Yoast SEO plugin. -->","yoast_head_json":{"title":"Int\u00e9grations API Condo Manager - Condo Manager","robots":{"index":"index","follow":"follow","max-snippet":"max-snippet:-1","max-image-preview":"max-image-preview:large","max-video-preview":"max-video-preview:-1"},"canonical":"https:\/\/www.condomanager.com\/fr\/integrations\/api-condo-manager\/","og_locale":"fr_FR","og_type":"article","og_title":"Int\u00e9grations API Condo Manager - Condo Manager","og_url":"https:\/\/www.condomanager.com\/fr\/integrations\/api-condo-manager\/","og_site_name":"Condo Manager","article_modified_time":"2025-11-05T16:13:06+00:00","twitter_card":"summary_large_image","twitter_misc":{"Dur\u00e9e de lecture estim\u00e9e":"1 minute","Written by":"Adeel Abbasi"},"schema":{"@context":"https:\/\/schema.org","@graph":[{"@type":"WebPage","@id":"https:\/\/www.condomanager.com\/fr\/integrations\/api-condo-manager\/","url":"https:\/\/www.condomanager.com\/fr\/integrations\/api-condo-manager\/","name":"Int\u00e9grations API Condo Manager - Condo Manager","isPartOf":{"@id":"https:\/\/www.condomanager.com\/fr\/#website"},"datePublished":"2025-10-20T13:40:40+00:00","dateModified":"2025-11-05T16:13:06+00:00","breadcrumb":{"@id":"https:\/\/www.condomanager.com\/fr\/integrations\/api-condo-manager\/#breadcrumb"},"inLanguage":"fr-FR","potentialAction":[{"@type":"ReadAction","target":["https:\/\/www.condomanager.com\/fr\/integrations\/api-condo-manager\/"]}]},{"@type":"BreadcrumbList","@id":"https:\/\/www.condomanager.com\/fr\/integrations\/api-condo-manager\/#breadcrumb","itemListElement":[{"@type":"ListItem","position":1,"name":"Home","item":"https:\/\/www.condomanager.com\/fr\/"},{"@type":"ListItem","position":2,"name":"Int\u00e9grations API Condo Manager"}]},{"@type":"WebSite","@id":"https:\/\/www.condomanager.com\/fr\/#website","url":"https:\/\/www.condomanager.com\/fr\/","name":"Condo Manager","description":"Online Property Condo management Services, HOA Software","publisher":{"@id":"https:\/\/www.condomanager.com\/fr\/#organization"},"potentialAction":[{"@type":"SearchAction","target":{"@type":"EntryPoint","urlTemplate":"https:\/\/www.condomanager.com\/fr\/?s={search_term_string}"},"query-input":{"@type":"PropertyValueSpecification","valueRequired":true,"valueName":"search_term_string"}}],"inLanguage":"fr-FR"},{"@type":"Organization","@id":"https:\/\/www.condomanager.com\/fr\/#organization","name":"Condo Manager","url":"https:\/\/www.condomanager.com\/fr\/","logo":{"@type":"ImageObject","inLanguage":"fr-FR","@id":"https:\/\/www.condomanager.com\/fr\/#\/schema\/logo\/image\/","url":"https:\/\/www.condomanager.com\/wp-content\/uploads\/2025\/10\/condomanager-logo-1.png-1.png","contentUrl":"https:\/\/www.condomanager.com\/wp-content\/uploads\/2025\/10\/condomanager-logo-1.png-1.png","width":291,"height":53,"caption":"Condo Manager"},"image":{"@id":"https:\/\/www.condomanager.com\/fr\/#\/schema\/logo\/image\/"}}]}},"_links":{"self":[{"href":"https:\/\/www.condomanager.com\/fr\/wp-json\/wp\/v2\/pages\/348","targetHints":{"allow":["GET"]}}],"collection":[{"href":"https:\/\/www.condomanager.com\/fr\/wp-json\/wp\/v2\/pages"}],"about":[{"href":"https:\/\/www.condomanager.com\/fr\/wp-json\/wp\/v2\/types\/page"}],"author":[{"embeddable":true,"href":"https:\/\/www.condomanager.com\/fr\/wp-json\/wp\/v2\/users\/4"}],"replies":[{"embeddable":true,"href":"https:\/\/www.condomanager.com\/fr\/wp-json\/wp\/v2\/comments?post=348"}],"version-history":[{"count":0,"href":"https:\/\/www.condomanager.com\/fr\/wp-json\/wp\/v2\/pages\/348\/revisions"}],"wp:attachment":[{"href":"https:\/\/www.condomanager.com\/fr\/wp-json\/wp\/v2\/media?parent=348"}],"wp:term":[{"taxonomy":"author","embeddable":true,"href":"https:\/\/www.condomanager.com\/fr\/wp-json\/wp\/v2\/coauthors?post=348"}],"curies":[{"name":"wp","href":"https:\/\/api.w.org\/{rel}","templated":true}]}}