{"id":349,"date":"2025-10-20T13:59:34","date_gmt":"2025-10-20T13:59:34","guid":{"rendered":"https:\/\/condomanagedev.wpenginepowered.com\/?page_id=349"},"modified":"2025-11-05T16:13:20","modified_gmt":"2025-11-05T16:13:20","slug":"french-integrations-direct-payment","status":"publish","type":"page","link":"https:\/\/www.condomanager.com\/fr\/integrations\/paiements-electroniques\/","title":{"rendered":"Int\u00e9grations Paiement direct"},"content":{"rendered":"<section class=\"section no-bottom-space hompepage-benefits wf-section\" style=\"margin-top:3%\">\r\n  <div class=\"container\">\r\n    <div class=\"row\">\r\n      <div class=\"col-md-6\">\r\n        <div class=\"content-pair-text\">\r\n          <!--<div class=\"text-small-caps small-caps-title\">Powerful. easy to use.<\/div>-->\r\n          <h2 id=\"simplifiez-vos-operations-avec-otonom-solution-et-condo-manager\">Simplifiez vos op\u00e9rations avec Otonom Solution et Condo Manager<\/h2>\r\n          \r\n          <p class=\"paragraph-large text-large\">\r\n            Une solution de paiement pour les propri\u00e9taires et gestionnaires immobiliers afin de g\u00e9rer facilement \r\n            les paiements et les encaissements en seulement quelques minutes par mois.\r\n          <\/p>\r\n\r\n          <a href=\"\/fr\/contact\/demo-gratuit\" class=\"btn btn-cta\">Obtenez une d\u00e9mo gratuite<\/a>\r\n        <\/div><!-- content-pair-text -->\r\n      <\/div><!-- col --> \r\n\r\n      <div class=\"col-md-6 d-flex justify-content-center align-items-center\">\r\n        <img decoding=\"async\" src=\"\/wp-content\/uploads\/2025\/10\/hourglass_money.png.png\" alt=\"\" class=\"content-pair-image\" style=\"max-width:70%\">\r\n      <\/div>\r\n    <\/div><!-- row --> \r\n  <\/div> <!-- container -->\r\n<\/section>\r\n\r\n<section class=\"blue-curve-section\">\r\n  <div class=\"container\" style=\"padding-top: 6%;\">\r\n    <div class=\"row\">\r\n      <div class=\"col-md-6\">\r\n        <img decoding=\"async\" src=\"\/wp-content\/uploads\/2025\/10\/Otonomsolution_logo_orange_gris.png.png\" alt=\"\" class=\"\" style=\"margin-bottom: 24px;\">\r\n        <img decoding=\"async\" src=\"\/wp-content\/uploads\/2025\/10\/table_chat.png.png\" alt=\"\" class=\"\" style=\"margin-bottom: 24px; margin-top: 24px;\">\r\n      <\/div><!-- col -->\r\n\r\n      <div class=\"col-md-6\">\r\n        <h6 class=\"text-white\" style=\"letter-spacing:normal !important; line-height: 48px !important; text-align: left; font-weight: 400 !important;\">\r\n          Une solution de paiement con\u00e7ue sp\u00e9cifiquement pour l\u2019industrie de la gestion immobili\u00e8re\r\n        <\/h6>\r\n        \r\n        <p style=\"color:#fff; text-align: left;\">\r\n          Otonom Solution est une solution de paiement sp\u00e9cialis\u00e9e pour la gestion immobili\u00e8re. \r\n          Soutenant efficacement les communaut\u00e9s depuis 15 ans, elle simplifie le traitement des loyers, \r\n          des frais de copropri\u00e9t\u00e9 et des paiements fournisseurs en seulement quelques minutes par mois.\r\n        <\/p>\r\n\r\n        <p style=\"color:#fff; text-align: left;\">\r\n          Elle offre aux membres de Condo Manager un service de paiement multibancaire simplifi\u00e9 leur permettant \r\n          de g\u00e9rer tous leurs comptes bancaires \u00e0 partir d\u2019un seul endroit.\r\n        <\/p>\r\n      <\/div><!-- col -->\r\n    <\/div><!-- row -->  \r\n  <\/div><!-- container -->\r\n<\/section>\r\n\r\n<section class=\"section no-bottom-space hompepage-benefits wf-section\" style=\"margin-top:3%\">\r\n  <div class=\"container\">\r\n    <div class=\"row\">\r\n      <div class=\"col-md-6\">\r\n        <div class=\"content-pair-text\">\r\n          <!--<div class=\"text-small-caps small-caps-title\">REMOTE. Affordable. top-notch experts.<\/div>-->\r\n          <h2 id=\"offre-exclusive-dotonom-solution-pour-les-clients-de-condo-manager\">Offre exclusive d\u2019Otonom Solution pour les clients de Condo Manager<\/h2>\r\n\r\n          <p class=\"paragraph-large text-large\">\r\n            Trois solutions d\u2019affaires pour une gestion optimale des encaissements et des paiements \r\n            directement depuis votre logiciel Condo Manager.\r\n          <\/p>\r\n\r\n          <p class=\"paragraph-large text-large\">Paiement pr\u00e9autoris\u00e9<\/p>\r\n          <p class=\"paragraph-large text-large\">Paiement des fournisseurs<\/p>\r\n          <p class=\"paragraph-large text-large\">Imagerie de ch\u00e8ques<\/p>\r\n\r\n          <a href=\"https:\/\/www.otonomsolution.com\/fr\/\" target=\"_blank\" class=\"text-large\">En savoir plus<\/a>\r\n        <\/div><!-- content-pair-text -->\r\n      <\/div><!-- col --> \r\n\r\n      <div class=\"col-md-6 d-flex justify-content-center align-items-center\">\r\n        <img decoding=\"async\" src=\"\/wp-content\/uploads\/2025\/10\/image-5.jpg\" alt=\"\" class=\"content-pair-image\">\r\n      <\/div><!-- col -->\r\n    <\/div><!-- row --> \r\n  <\/div> <!-- container -->\r\n<\/section>\r\n\r\n<section class=\"section no-bottom-space hompepage-benefits wf-section\" style=\"margin-top:3%\">\r\n  <div class=\"container\" style=\"text-align:center\">\r\n    <img decoding=\"async\" src=\"\/wp-content\/uploads\/2025\/10\/Otonomsolution_logo_orange_gris.png.png\" alt=\"\" class=\"content-pair-image\">\r\n    <h3 class=\"h1\" id=\"gagnez-du-temps-et-de-largent\">Gagnez du temps et de l\u2019argent<\/h3>\r\n    <div class=\"text-large\">\r\n      Une solution de paiement technologique pour propulser<br>vos op\u00e9rations directement depuis Condo Manager\r\n    <\/div>\r\n\r\n    <div class=\"hero-section-action\" style=\"margin-top:2%\">\r\n      <a href=\"\/fr\/contact\/demo-otonom\" class=\"btn btn-cta\">Planifiez un appel d\u00e9couverte<\/a>\r\n    <\/div>\r\n\r\n    <div class=\"hero-section-action\" style=\"margin-top:2%\">\r\n      <img decoding=\"async\" src=\"\/wp-content\/uploads\/2025\/10\/image-17.png\" alt=\"\" class=\"content-pair-image\">\r\n    <\/div>\r\n  <\/div>\r\n<\/section>\r\n\r\n\r\n\r\n\r\n\r\n\n","protected":false},"excerpt":{"rendered":"","protected":false},"author":4,"featured_media":0,"parent":0,"menu_order":0,"comment_status":"closed","ping_status":"closed","template":"","meta":{"site-sidebar-layout":"default","site-content-layout":"","ast-site-content-layout":"default","site-content-style":"default","site-sidebar-style":"default","ast-global-header-display":"","ast-banner-title-visibility":"","ast-main-header-display":"","ast-hfb-above-header-display":"","ast-hfb-below-header-display":"","ast-hfb-mobile-header-display":"","site-post-title":"disabled","ast-breadcrumbs-content":"","ast-featured-img":"","footer-sml-layout":"","ast-disable-related-posts":"","theme-transparent-header-meta":"default","adv-header-id-meta":"","stick-header-meta":"default","header-above-stick-meta":"","header-main-stick-meta":"","header-below-stick-meta":"","astra-migrate-meta-layouts":"set","ast-page-background-enabled":"default","ast-page-background-meta":{"desktop":{"background-color":"var(--ast-global-color-5)","background-image":"","background-repeat":"repeat","background-position":"center center","background-size":"auto","background-attachment":"scroll","background-type":"","background-media":"","overlay-type":"","overlay-color":"","overlay-opacity":"","overlay-gradient":""},"tablet":{"background-color":"","background-image":"","background-repeat":"repeat","background-position":"center center","background-size":"auto","background-attachment":"scroll","background-type":"","background-media":"","overlay-type":"","overlay-color":"","overlay-opacity":"","overlay-gradient":""},"mobile":{"background-color":"","background-image":"","background-repeat":"repeat","background-position":"center center","background-size":"auto","background-attachment":"scroll","background-type":"","background-media":"","overlay-type":"","overlay-color":"","overlay-opacity":"","overlay-gradient":""}},"ast-content-background-meta":{"desktop":{"background-color":"var(--ast-global-color-4)","background-image":"","background-repeat":"repeat","background-position":"center center","background-size":"auto","background-attachment":"scroll","background-type":"","background-media":"","overlay-type":"","overlay-color":"","overlay-opacity":"","overlay-gradient":""},"tablet":{"background-color":"var(--ast-global-color-4)","background-image":"","background-repeat":"repeat","background-position":"center center","background-size":"auto","background-attachment":"scroll","background-type":"","background-media":"","overlay-type":"","overlay-color":"","overlay-opacity":"","overlay-gradient":""},"mobile":{"background-color":"var(--ast-global-color-4)","background-image":"","background-repeat":"repeat","background-position":"center center","background-size":"auto","background-attachment":"scroll","background-type":"","background-media":"","overlay-type":"","overlay-color":"","overlay-opacity":"","overlay-gradient":""}},"footnotes":""},"coauthors":[],"class_list":["post-349","page","type-page","status-publish","hentry"],"yoast_head":"<!-- This site is optimized with the Yoast SEO plugin v27.5 - https:\/\/yoast.com\/product\/yoast-seo-wordpress\/ -->\n<title>Int\u00e9grations Paiement direct - Condo Manager<\/title>\n<meta name=\"robots\" content=\"index, follow, max-snippet:-1, max-image-preview:large, max-video-preview:-1\" \/>\n<link rel=\"canonical\" href=\"https:\/\/www.condomanager.com\/fr\/integrations\/paiements-electroniques\/\" \/>\n<meta property=\"og:locale\" content=\"fr_FR\" \/>\n<meta property=\"og:type\" content=\"article\" \/>\n<meta property=\"og:title\" content=\"Int\u00e9grations Paiement direct - Condo Manager\" \/>\n<meta property=\"og:url\" content=\"https:\/\/www.condomanager.com\/fr\/integrations\/paiements-electroniques\/\" \/>\n<meta property=\"og:site_name\" content=\"Condo Manager\" \/>\n<meta property=\"article:modified_time\" content=\"2025-11-05T16:13:20+00:00\" \/>\n<meta name=\"twitter:card\" content=\"summary_large_image\" \/>\n<meta name=\"twitter:label1\" content=\"Dur\u00e9e de lecture estim\u00e9e\" \/>\n\t<meta name=\"twitter:data1\" content=\"1 minute\" \/>\n\t<meta name=\"twitter:label2\" content=\"Written by\" \/>\n\t<meta name=\"twitter:data2\" content=\"Adeel Abbasi\" \/>\n<script type=\"application\/ld+json\" class=\"yoast-schema-graph\">{\"@context\":\"https:\\\/\\\/schema.org\",\"@graph\":[{\"@type\":\"WebPage\",\"@id\":\"https:\\\/\\\/www.condomanager.com\\\/fr\\\/integrations\\\/paiements-electroniques\\\/\",\"url\":\"https:\\\/\\\/www.condomanager.com\\\/fr\\\/integrations\\\/paiements-electroniques\\\/\",\"name\":\"Int\u00e9grations Paiement direct - Condo Manager\",\"isPartOf\":{\"@id\":\"https:\\\/\\\/www.condomanager.com\\\/fr\\\/#website\"},\"datePublished\":\"2025-10-20T13:59:34+00:00\",\"dateModified\":\"2025-11-05T16:13:20+00:00\",\"breadcrumb\":{\"@id\":\"https:\\\/\\\/www.condomanager.com\\\/fr\\\/integrations\\\/paiements-electroniques\\\/#breadcrumb\"},\"inLanguage\":\"fr-FR\",\"potentialAction\":[{\"@type\":\"ReadAction\",\"target\":[\"https:\\\/\\\/www.condomanager.com\\\/fr\\\/integrations\\\/paiements-electroniques\\\/\"]}]},{\"@type\":\"BreadcrumbList\",\"@id\":\"https:\\\/\\\/www.condomanager.com\\\/fr\\\/integrations\\\/paiements-electroniques\\\/#breadcrumb\",\"itemListElement\":[{\"@type\":\"ListItem\",\"position\":1,\"name\":\"Home\",\"item\":\"https:\\\/\\\/www.condomanager.com\\\/fr\\\/\"},{\"@type\":\"ListItem\",\"position\":2,\"name\":\"Int\u00e9grations Paiement direct\"}]},{\"@type\":\"WebSite\",\"@id\":\"https:\\\/\\\/www.condomanager.com\\\/fr\\\/#website\",\"url\":\"https:\\\/\\\/www.condomanager.com\\\/fr\\\/\",\"name\":\"Condo Manager\",\"description\":\"Online Property Condo management Services, HOA Software\",\"publisher\":{\"@id\":\"https:\\\/\\\/www.condomanager.com\\\/fr\\\/#organization\"},\"potentialAction\":[{\"@type\":\"SearchAction\",\"target\":{\"@type\":\"EntryPoint\",\"urlTemplate\":\"https:\\\/\\\/www.condomanager.com\\\/fr\\\/?s={search_term_string}\"},\"query-input\":{\"@type\":\"PropertyValueSpecification\",\"valueRequired\":true,\"valueName\":\"search_term_string\"}}],\"inLanguage\":\"fr-FR\"},{\"@type\":\"Organization\",\"@id\":\"https:\\\/\\\/www.condomanager.com\\\/fr\\\/#organization\",\"name\":\"Condo Manager\",\"url\":\"https:\\\/\\\/www.condomanager.com\\\/fr\\\/\",\"logo\":{\"@type\":\"ImageObject\",\"inLanguage\":\"fr-FR\",\"@id\":\"https:\\\/\\\/www.condomanager.com\\\/fr\\\/#\\\/schema\\\/logo\\\/image\\\/\",\"url\":\"https:\\\/\\\/www.condomanager.com\\\/wp-content\\\/uploads\\\/2025\\\/10\\\/condomanager-logo-1.png-1.png\",\"contentUrl\":\"https:\\\/\\\/www.condomanager.com\\\/wp-content\\\/uploads\\\/2025\\\/10\\\/condomanager-logo-1.png-1.png\",\"width\":291,\"height\":53,\"caption\":\"Condo Manager\"},\"image\":{\"@id\":\"https:\\\/\\\/www.condomanager.com\\\/fr\\\/#\\\/schema\\\/logo\\\/image\\\/\"}}]}<\/script>\n<!-- \/ Yoast SEO plugin. -->","yoast_head_json":{"title":"Int\u00e9grations Paiement direct - Condo Manager","robots":{"index":"index","follow":"follow","max-snippet":"max-snippet:-1","max-image-preview":"max-image-preview:large","max-video-preview":"max-video-preview:-1"},"canonical":"https:\/\/www.condomanager.com\/fr\/integrations\/paiements-electroniques\/","og_locale":"fr_FR","og_type":"article","og_title":"Int\u00e9grations Paiement direct - Condo Manager","og_url":"https:\/\/www.condomanager.com\/fr\/integrations\/paiements-electroniques\/","og_site_name":"Condo Manager","article_modified_time":"2025-11-05T16:13:20+00:00","twitter_card":"summary_large_image","twitter_misc":{"Dur\u00e9e de lecture estim\u00e9e":"1 minute","Written by":"Adeel Abbasi"},"schema":{"@context":"https:\/\/schema.org","@graph":[{"@type":"WebPage","@id":"https:\/\/www.condomanager.com\/fr\/integrations\/paiements-electroniques\/","url":"https:\/\/www.condomanager.com\/fr\/integrations\/paiements-electroniques\/","name":"Int\u00e9grations Paiement direct - Condo Manager","isPartOf":{"@id":"https:\/\/www.condomanager.com\/fr\/#website"},"datePublished":"2025-10-20T13:59:34+00:00","dateModified":"2025-11-05T16:13:20+00:00","breadcrumb":{"@id":"https:\/\/www.condomanager.com\/fr\/integrations\/paiements-electroniques\/#breadcrumb"},"inLanguage":"fr-FR","potentialAction":[{"@type":"ReadAction","target":["https:\/\/www.condomanager.com\/fr\/integrations\/paiements-electroniques\/"]}]},{"@type":"BreadcrumbList","@id":"https:\/\/www.condomanager.com\/fr\/integrations\/paiements-electroniques\/#breadcrumb","itemListElement":[{"@type":"ListItem","position":1,"name":"Home","item":"https:\/\/www.condomanager.com\/fr\/"},{"@type":"ListItem","position":2,"name":"Int\u00e9grations Paiement direct"}]},{"@type":"WebSite","@id":"https:\/\/www.condomanager.com\/fr\/#website","url":"https:\/\/www.condomanager.com\/fr\/","name":"Condo Manager","description":"Online Property Condo management Services, HOA Software","publisher":{"@id":"https:\/\/www.condomanager.com\/fr\/#organization"},"potentialAction":[{"@type":"SearchAction","target":{"@type":"EntryPoint","urlTemplate":"https:\/\/www.condomanager.com\/fr\/?s={search_term_string}"},"query-input":{"@type":"PropertyValueSpecification","valueRequired":true,"valueName":"search_term_string"}}],"inLanguage":"fr-FR"},{"@type":"Organization","@id":"https:\/\/www.condomanager.com\/fr\/#organization","name":"Condo Manager","url":"https:\/\/www.condomanager.com\/fr\/","logo":{"@type":"ImageObject","inLanguage":"fr-FR","@id":"https:\/\/www.condomanager.com\/fr\/#\/schema\/logo\/image\/","url":"https:\/\/www.condomanager.com\/wp-content\/uploads\/2025\/10\/condomanager-logo-1.png-1.png","contentUrl":"https:\/\/www.condomanager.com\/wp-content\/uploads\/2025\/10\/condomanager-logo-1.png-1.png","width":291,"height":53,"caption":"Condo Manager"},"image":{"@id":"https:\/\/www.condomanager.com\/fr\/#\/schema\/logo\/image\/"}}]}},"_links":{"self":[{"href":"https:\/\/www.condomanager.com\/fr\/wp-json\/wp\/v2\/pages\/349","targetHints":{"allow":["GET"]}}],"collection":[{"href":"https:\/\/www.condomanager.com\/fr\/wp-json\/wp\/v2\/pages"}],"about":[{"href":"https:\/\/www.condomanager.com\/fr\/wp-json\/wp\/v2\/types\/page"}],"author":[{"embeddable":true,"href":"https:\/\/www.condomanager.com\/fr\/wp-json\/wp\/v2\/users\/4"}],"replies":[{"embeddable":true,"href":"https:\/\/www.condomanager.com\/fr\/wp-json\/wp\/v2\/comments?post=349"}],"version-history":[{"count":0,"href":"https:\/\/www.condomanager.com\/fr\/wp-json\/wp\/v2\/pages\/349\/revisions"}],"wp:attachment":[{"href":"https:\/\/www.condomanager.com\/fr\/wp-json\/wp\/v2\/media?parent=349"}],"wp:term":[{"taxonomy":"author","embeddable":true,"href":"https:\/\/www.condomanager.com\/fr\/wp-json\/wp\/v2\/coauthors?post=349"}],"curies":[{"name":"wp","href":"https:\/\/api.w.org\/{rel}","templated":true}]}}