{"id":354,"date":"2025-10-20T14:31:56","date_gmt":"2025-10-20T14:31:56","guid":{"rendered":"https:\/\/condomanagedev.wpenginepowered.com\/?page_id=354"},"modified":"2025-11-05T16:13:49","modified_gmt":"2025-11-05T16:13:49","slug":"french-integrations-owners-meeting-management","status":"publish","type":"page","link":"https:\/\/www.condomanager.com\/fr\/integrations\/gestion-assemblee-proprietaires\/","title":{"rendered":"Int\u00e9grations Gestion des r\u00e9unions des propri\u00e9taires"},"content":{"rendered":" <style>\r\n  p.paragraph-large.text-large {\r\n    margin-bottom: 0;\r\n}\r\n<\/style>\r\n\r\n <section class=\"hero hero-illustation\">\r\n  <div class=\"container hero-container\">\r\n    <div class=\"row align-items-center my-row\">\r\n      <!-- LEFT: text -->\r\n\r\n      <div class=\"col-md-6 d-flex justify-content-center align-items-center\">\r\n        <img decoding=\"async\" src=\"\/wp-content\/uploads\/2025\/10\/header.svg-fill.png\" alt=\"\" class=\"content-pair-image\">\r\n      <\/div>\r\n\r\n      <div class=\"col-md-6\">\r\n        <!--<h1 class=\"text-huge\">The most advanced accounting solution for condos\/HOAs <\/h1>-->\r\n        <p class=\"text-large section-subtitle hompage-sub\">\r\n          Notre partenaire AG-CONNECT pr\u00e9sente une solution de plateforme web pour la tenue d\u2019assembl\u00e9es g\u00e9n\u00e9rales connect\u00e9es \u00e0 distance, \r\n          permettant la gestion globale des assembl\u00e9es de copropri\u00e9taires en pr\u00e9sentiel, \u00e0 distance ou en mode hybride.\r\n        <\/p>\r\n      <\/div><!-- col -->\r\n    <\/div>\r\n  <\/div>\r\n<\/section>\r\n\r\n<section class=\"section no-bottom-space hompepage-benefits wf-section\" style=\"margin-top:3%;\">\r\n  <div class=\"container\">\r\n    <div class=\"row\">\r\n\r\n      <div class=\"col-md-6 d-flex justify-content-center align-items-center\">\r\n        <img decoding=\"async\" src=\"\/wp-content\/uploads\/2025\/10\/connectivity.svg_.png\" alt=\"\" class=\"content-pair-image\">\r\n      <\/div>\r\n\r\n      <div class=\"col-md-6\">\r\n        <div class=\"content-pair-text\">\r\n          <!--<div class=\"text-small-caps small-caps-title\">Powerful. easy to use.<\/div>-->\r\n          <h2 id=\"un-processus-dassemblee-plus-simple-et-plus-moderne\">Un processus d\u2019assembl\u00e9e plus simple et plus moderne<\/h2>\r\n          \r\n          <p class=\"paragraph-large text-large\">Avant la r\u00e9union :<\/p>\r\n\r\n          <ul class=\"paragraph-large text-large\">\r\n            <li>Identification des participants<\/li>\r\n            <li>Identification des mod\u00e9rateurs<\/li>\r\n            <li>Pr\u00e9paration de la r\u00e9union avec les pi\u00e8ces jointes associ\u00e9es<\/li>\r\n            <li>Processus d\u2019invitation num\u00e9rique des participants<\/li>\r\n            <li>Gestion des procurations avec ou sans intention de vote<\/li>\r\n          <\/ul>\r\n          \r\n          <p class=\"paragraph-large text-large\">Pendant la r\u00e9union :<\/p>\r\n          \r\n          <ul class=\"paragraph-large text-large\">\r\n            <li>Enregistrement des pr\u00e9sences<\/li>\r\n            <li>Enregistrement des procurations<\/li>\r\n            <li>Calcul et affichage du quorum en temps r\u00e9el<\/li>\r\n            <li>Gestion des votes \u00e0 distance et en pr\u00e9sentiel<\/li>\r\n            <li>Calcul des d\u00e9cisions selon les majorit\u00e9s requises<\/li>\r\n            <li>Vid\u00e9o et chat int\u00e9gr\u00e9s<\/li>\r\n            <li>Option d\u2019\u00e9coute audio de la r\u00e9union via t\u00e9l\u00e9phone fixe<\/li>\r\n            <li>Gestion des d\u00e9parts et arriv\u00e9es durant la r\u00e9union<\/li>\r\n            <li>Affichage des r\u00e9sultats \u00e0 tous les participants tout en conservant le secret du vote<\/li>         \r\n          <\/ul>\r\n        \r\n          <p class=\"paragraph-large text-large\">Apr\u00e8s la r\u00e9union :<\/p>\r\n          <ul class=\"paragraph-large text-large\">\r\n            <li>G\u00e9n\u00e9ration d\u2019un canevas de proc\u00e8s-verbal pour la publication du proc\u00e8s-verbal final<\/li>\r\n            <li>Transmission de l\u2019enregistrement audio et vid\u00e9o de la r\u00e9union<\/li>\r\n            <li>Transmission de tous les \u00e9changes effectu\u00e9s par chat<\/li>\r\n            <li>\u00c9mission de la feuille de pr\u00e9sence<\/li>\r\n            <li>Tra\u00e7abilit\u00e9 num\u00e9rique de tous les votes et mouvements (arriv\u00e9es et d\u00e9parts pendant la r\u00e9union)<\/li>                 \r\n          <\/ul>\r\n        <\/div><!-- content-pair-text -->\r\n      <\/div><!-- col --> \r\n    <\/div><!-- row -->\r\n\r\n    <div class=\"row\" style=\"margin-top: 2%;\">\r\n      <div class=\"col-md-6\">\r\n        <div class=\"content-pair-text\">\r\n          <!--<div class=\"text-small-caps small-caps-title\">Powerful. easy to use.<\/div>-->\r\n          <h2 id=\"solution-securisee\">Solution S\u00e9curis\u00e9e<\/h2>\r\n          \r\n          <p class=\"paragraph-large text-large\">\r\n            Conforme \u00e0 la l\u00e9gislation, r\u00e9unissant l\u2019expertise technologique et juridique de partenaires \r\n            et d\u2019avocats \u00e9m\u00e9rites en copropri\u00e9t\u00e9 (Ad. E) au Qu\u00e9bec, AG-CONNECT permet de tenir vos assembl\u00e9es \r\n            en toute confiance et en parfaite s\u00e9curit\u00e9 juridique.\r\n          <\/p>\r\n\r\n          <p class=\"paragraph-large text-large\">\r\n            Permet \u00e0 tous les membres de communiquer par vid\u00e9o, audio, t\u00e9l\u00e9phone ou chat.\r\n          <\/p>\r\n        \r\n          <p class=\"paragraph-large text-large\">\r\n            Chaque participant est identifi\u00e9 avec un identifiant unique et un code d\u2019acc\u00e8s associ\u00e9, n\u00e9cessaires pour participer \u00e0 la r\u00e9union.\r\n          <\/p>\r\n\r\n          <p class=\"paragraph-large text-large\">\r\n            Tra\u00e7abilit\u00e9 num\u00e9rique de tous les \u00e9v\u00e9nements : AG-CONNECT permet la d\u00e9livrance d\u2019un certificat de preuve \r\n            pour tous les votes effectu\u00e9s durant les assembl\u00e9es g\u00e9n\u00e9rales.\r\n          <\/p>\r\n        <\/div><!-- content-pair-text -->\r\n      <\/div><!-- col -->\r\n\r\n      <div class=\"col-md-6 d-flex justify-content-center align-items-center\">\r\n        <img decoding=\"async\" src=\"\/wp-content\/uploads\/2025\/10\/image-6.png\" alt=\"\" class=\"content-pair-image\">\r\n      <\/div><!-- col -->\r\n    <\/div><!-- row -->\r\n  <\/div> <!-- container -->\r\n<\/section>\r\n\r\n<section class=\"blue-curve-section\">\r\n  <div class=\"container\" style=\"padding-top: 6%;\">\r\n    <div class=\"row\">\r\n      <div class=\"col-md-6 d-flex justify-content-center align-items-center\">\r\n        <img decoding=\"async\" src=\"\/wp-content\/uploads\/2025\/10\/Desktop-HD-Copy-4.png\" alt=\"\" class=\"\" style=\"margin-bottom: 24px;\">\r\n      <\/div><!-- col -->\r\n\r\n      <div class=\"col-md-6\">\r\n        <h6 class=\"text-white\" style=\"letter-spacing:normal !important; line-height: 48px !important; text-align: left; font-weight: 400 !important;\">\r\n          Accessible \u00e0 tous, partout\r\n        <\/h6>\r\n        \r\n        <p style=\"color:#fff; text-align: left;\">\r\n          Vous pouvez \u00e9galement vous connecter \u00e0 partir d\u2019une tablette ou d\u2019un smartphone (iOS version 12 minimum, Android version 9) ou via Opera.\r\n        <\/p>\r\n\r\n        <p style=\"color:#fff; text-align: left;\">\r\n          Elle offre aux membres de Condo Manager un service de paiement multibancaire simplifi\u00e9 leur permettant \r\n          de g\u00e9rer tous leurs comptes bancaires \u00e0 partir d\u2019un seul endroit.\r\n        <\/p>\r\n\r\n        <p style=\"color:#fff; text-align: left;\">\r\n          Les navigateurs Internet Explorer et EDGE ne sont pas pris en charge.  \r\n          Si vous ne disposez d\u2019aucun de ces appareils, vous pouvez participer \u00e0 la r\u00e9union par t\u00e9l\u00e9phone, \r\n          mais vous ne pourrez pas voter, sauf par procuration.\r\n        <\/p>\r\n      <\/div><!-- col -->\r\n    <\/div><!-- row -->  \r\n  <\/div><!-- container -->\r\n<\/section>\r\n\r\n<section class=\"section no-bottom-space hompepage-benefits wf-section\" style=\"margin-top:3%\">\r\n  <div class=\"container\">\r\n    <div class=\"row\">\r\n      <div class=\"col-md-6 d-flex justify-content-center align-items-center\">\r\n        <img decoding=\"async\" src=\"\/wp-content\/uploads\/2025\/10\/present.svg_.png\" alt=\"\" class=\"content-pair-image\">\r\n      <\/div><!-- col -->\r\n\r\n      <div class=\"col-md-6\">\r\n        <div class=\"content-pair-text\">\r\n          <!--<div class=\"text-small-caps small-caps-title\">REMOTE. Affordable. top-notch experts.<\/div>-->\r\n          <h2 id=\"presentiel-et-a-distance\">Pr\u00e9sentiel et \u00e0 Distance<\/h2>\r\n          <p class=\"paragraph-large text-large\">\r\n            AG-CONNECT met fin aux urnes de vote et au traitement manuel des votes.  \r\n            En salle, les participants s\u2019enregistrent directement depuis leur smartphone (Apple ou Android) et votent en temps r\u00e9el.  \r\n            AG-CONNECT centralise les votes \u00e0 distance et en pr\u00e9sentiel dans un m\u00eame espace.  \r\n            Les r\u00e9sultats sont instantan\u00e9s et s\u2019affichent sur l\u2019interface des participants.\r\n          <\/p>\r\n        <\/div><!-- content-pair-text -->\r\n      <\/div><!-- col --> \r\n    <\/div><!-- row --> \r\n  <\/div> <!-- container -->\r\n<\/section>\r\n\r\n\r\n\r\n\r\n\r\n\n","protected":false},"excerpt":{"rendered":"","protected":false},"author":4,"featured_media":0,"parent":0,"menu_order":0,"comment_status":"closed","ping_status":"closed","template":"","meta":{"site-sidebar-layout":"default","site-content-layout":"","ast-site-content-layout":"default","site-content-style":"default","site-sidebar-style":"default","ast-global-header-display":"","ast-banner-title-visibility":"","ast-main-header-display":"","ast-hfb-above-header-display":"","ast-hfb-below-header-display":"","ast-hfb-mobile-header-display":"","site-post-title":"disabled","ast-breadcrumbs-content":"","ast-featured-img":"","footer-sml-layout":"","ast-disable-related-posts":"","theme-transparent-header-meta":"default","adv-header-id-meta":"","stick-header-meta":"default","header-above-stick-meta":"","header-main-stick-meta":"","header-below-stick-meta":"","astra-migrate-meta-layouts":"set","ast-page-background-enabled":"default","ast-page-background-meta":{"desktop":{"background-color":"var(--ast-global-color-5)","background-image":"","background-repeat":"repeat","background-position":"center center","background-size":"auto","background-attachment":"scroll","background-type":"","background-media":"","overlay-type":"","overlay-color":"","overlay-opacity":"","overlay-gradient":""},"tablet":{"background-color":"","background-image":"","background-repeat":"repeat","background-position":"center center","background-size":"auto","background-attachment":"scroll","background-type":"","background-media":"","overlay-type":"","overlay-color":"","overlay-opacity":"","overlay-gradient":""},"mobile":{"background-color":"","background-image":"","background-repeat":"repeat","background-position":"center center","background-size":"auto","background-attachment":"scroll","background-type":"","background-media":"","overlay-type":"","overlay-color":"","overlay-opacity":"","overlay-gradient":""}},"ast-content-background-meta":{"desktop":{"background-color":"var(--ast-global-color-4)","background-image":"","background-repeat":"repeat","background-position":"center center","background-size":"auto","background-attachment":"scroll","background-type":"","background-media":"","overlay-type":"","overlay-color":"","overlay-opacity":"","overlay-gradient":""},"tablet":{"background-color":"var(--ast-global-color-4)","background-image":"","background-repeat":"repeat","background-position":"center center","background-size":"auto","background-attachment":"scroll","background-type":"","background-media":"","overlay-type":"","overlay-color":"","overlay-opacity":"","overlay-gradient":""},"mobile":{"background-color":"var(--ast-global-color-4)","background-image":"","background-repeat":"repeat","background-position":"center center","background-size":"auto","background-attachment":"scroll","background-type":"","background-media":"","overlay-type":"","overlay-color":"","overlay-opacity":"","overlay-gradient":""}},"footnotes":""},"coauthors":[],"class_list":["post-354","page","type-page","status-publish","hentry"],"yoast_head":"<!-- This site is optimized with the Yoast SEO plugin v27.3 - https:\/\/yoast.com\/product\/yoast-seo-wordpress\/ -->\n<title>Int\u00e9grations Gestion des r\u00e9unions des propri\u00e9taires - Condo Manager<\/title>\n<meta name=\"robots\" content=\"index, follow, max-snippet:-1, max-image-preview:large, max-video-preview:-1\" \/>\n<link rel=\"canonical\" href=\"https:\/\/www.condomanager.com\/fr\/integrations\/gestion-assemblee-proprietaires\/\" \/>\n<meta property=\"og:locale\" content=\"fr_FR\" \/>\n<meta property=\"og:type\" content=\"article\" \/>\n<meta property=\"og:title\" content=\"Int\u00e9grations Gestion des r\u00e9unions des propri\u00e9taires - Condo Manager\" \/>\n<meta property=\"og:url\" content=\"https:\/\/www.condomanager.com\/fr\/integrations\/gestion-assemblee-proprietaires\/\" \/>\n<meta property=\"og:site_name\" content=\"Condo Manager\" \/>\n<meta property=\"article:modified_time\" content=\"2025-11-05T16:13:49+00:00\" \/>\n<meta name=\"twitter:card\" content=\"summary_large_image\" \/>\n<meta name=\"twitter:label1\" content=\"Dur\u00e9e de lecture estim\u00e9e\" \/>\n\t<meta name=\"twitter:data1\" content=\"1 minute\" \/>\n\t<meta name=\"twitter:label2\" content=\"Written by\" \/>\n\t<meta name=\"twitter:data2\" content=\"Adeel Abbasi\" \/>\n<script type=\"application\/ld+json\" class=\"yoast-schema-graph\">{\"@context\":\"https:\\\/\\\/schema.org\",\"@graph\":[{\"@type\":\"WebPage\",\"@id\":\"https:\\\/\\\/www.condomanager.com\\\/fr\\\/integrations\\\/gestion-assemblee-proprietaires\\\/\",\"url\":\"https:\\\/\\\/www.condomanager.com\\\/fr\\\/integrations\\\/gestion-assemblee-proprietaires\\\/\",\"name\":\"Int\u00e9grations Gestion des r\u00e9unions des propri\u00e9taires - Condo Manager\",\"isPartOf\":{\"@id\":\"https:\\\/\\\/www.condomanager.com\\\/fr\\\/#website\"},\"datePublished\":\"2025-10-20T14:31:56+00:00\",\"dateModified\":\"2025-11-05T16:13:49+00:00\",\"breadcrumb\":{\"@id\":\"https:\\\/\\\/www.condomanager.com\\\/fr\\\/integrations\\\/gestion-assemblee-proprietaires\\\/#breadcrumb\"},\"inLanguage\":\"fr-FR\",\"potentialAction\":[{\"@type\":\"ReadAction\",\"target\":[\"https:\\\/\\\/www.condomanager.com\\\/fr\\\/integrations\\\/gestion-assemblee-proprietaires\\\/\"]}]},{\"@type\":\"BreadcrumbList\",\"@id\":\"https:\\\/\\\/www.condomanager.com\\\/fr\\\/integrations\\\/gestion-assemblee-proprietaires\\\/#breadcrumb\",\"itemListElement\":[{\"@type\":\"ListItem\",\"position\":1,\"name\":\"Home\",\"item\":\"https:\\\/\\\/www.condomanager.com\\\/fr\\\/\"},{\"@type\":\"ListItem\",\"position\":2,\"name\":\"Int\u00e9grations Gestion des r\u00e9unions des propri\u00e9taires\"}]},{\"@type\":\"WebSite\",\"@id\":\"https:\\\/\\\/www.condomanager.com\\\/fr\\\/#website\",\"url\":\"https:\\\/\\\/www.condomanager.com\\\/fr\\\/\",\"name\":\"Condo Manager\",\"description\":\"Online Property Condo management Services, HOA Software\",\"publisher\":{\"@id\":\"https:\\\/\\\/www.condomanager.com\\\/fr\\\/#organization\"},\"potentialAction\":[{\"@type\":\"SearchAction\",\"target\":{\"@type\":\"EntryPoint\",\"urlTemplate\":\"https:\\\/\\\/www.condomanager.com\\\/fr\\\/?s={search_term_string}\"},\"query-input\":{\"@type\":\"PropertyValueSpecification\",\"valueRequired\":true,\"valueName\":\"search_term_string\"}}],\"inLanguage\":\"fr-FR\"},{\"@type\":\"Organization\",\"@id\":\"https:\\\/\\\/www.condomanager.com\\\/fr\\\/#organization\",\"name\":\"Condo Manager\",\"url\":\"https:\\\/\\\/www.condomanager.com\\\/fr\\\/\",\"logo\":{\"@type\":\"ImageObject\",\"inLanguage\":\"fr-FR\",\"@id\":\"https:\\\/\\\/www.condomanager.com\\\/fr\\\/#\\\/schema\\\/logo\\\/image\\\/\",\"url\":\"https:\\\/\\\/www.condomanager.com\\\/wp-content\\\/uploads\\\/2025\\\/10\\\/condomanager-logo-1.png-1.png\",\"contentUrl\":\"https:\\\/\\\/www.condomanager.com\\\/wp-content\\\/uploads\\\/2025\\\/10\\\/condomanager-logo-1.png-1.png\",\"width\":291,\"height\":53,\"caption\":\"Condo Manager\"},\"image\":{\"@id\":\"https:\\\/\\\/www.condomanager.com\\\/fr\\\/#\\\/schema\\\/logo\\\/image\\\/\"}}]}<\/script>\n<!-- \/ Yoast SEO plugin. -->","yoast_head_json":{"title":"Int\u00e9grations Gestion des r\u00e9unions des propri\u00e9taires - Condo Manager","robots":{"index":"index","follow":"follow","max-snippet":"max-snippet:-1","max-image-preview":"max-image-preview:large","max-video-preview":"max-video-preview:-1"},"canonical":"https:\/\/www.condomanager.com\/fr\/integrations\/gestion-assemblee-proprietaires\/","og_locale":"fr_FR","og_type":"article","og_title":"Int\u00e9grations Gestion des r\u00e9unions des propri\u00e9taires - Condo Manager","og_url":"https:\/\/www.condomanager.com\/fr\/integrations\/gestion-assemblee-proprietaires\/","og_site_name":"Condo Manager","article_modified_time":"2025-11-05T16:13:49+00:00","twitter_card":"summary_large_image","twitter_misc":{"Dur\u00e9e de lecture estim\u00e9e":"1 minute","Written by":"Adeel Abbasi"},"schema":{"@context":"https:\/\/schema.org","@graph":[{"@type":"WebPage","@id":"https:\/\/www.condomanager.com\/fr\/integrations\/gestion-assemblee-proprietaires\/","url":"https:\/\/www.condomanager.com\/fr\/integrations\/gestion-assemblee-proprietaires\/","name":"Int\u00e9grations Gestion des r\u00e9unions des propri\u00e9taires - Condo Manager","isPartOf":{"@id":"https:\/\/www.condomanager.com\/fr\/#website"},"datePublished":"2025-10-20T14:31:56+00:00","dateModified":"2025-11-05T16:13:49+00:00","breadcrumb":{"@id":"https:\/\/www.condomanager.com\/fr\/integrations\/gestion-assemblee-proprietaires\/#breadcrumb"},"inLanguage":"fr-FR","potentialAction":[{"@type":"ReadAction","target":["https:\/\/www.condomanager.com\/fr\/integrations\/gestion-assemblee-proprietaires\/"]}]},{"@type":"BreadcrumbList","@id":"https:\/\/www.condomanager.com\/fr\/integrations\/gestion-assemblee-proprietaires\/#breadcrumb","itemListElement":[{"@type":"ListItem","position":1,"name":"Home","item":"https:\/\/www.condomanager.com\/fr\/"},{"@type":"ListItem","position":2,"name":"Int\u00e9grations Gestion des r\u00e9unions des propri\u00e9taires"}]},{"@type":"WebSite","@id":"https:\/\/www.condomanager.com\/fr\/#website","url":"https:\/\/www.condomanager.com\/fr\/","name":"Condo Manager","description":"Online Property Condo management Services, HOA Software","publisher":{"@id":"https:\/\/www.condomanager.com\/fr\/#organization"},"potentialAction":[{"@type":"SearchAction","target":{"@type":"EntryPoint","urlTemplate":"https:\/\/www.condomanager.com\/fr\/?s={search_term_string}"},"query-input":{"@type":"PropertyValueSpecification","valueRequired":true,"valueName":"search_term_string"}}],"inLanguage":"fr-FR"},{"@type":"Organization","@id":"https:\/\/www.condomanager.com\/fr\/#organization","name":"Condo Manager","url":"https:\/\/www.condomanager.com\/fr\/","logo":{"@type":"ImageObject","inLanguage":"fr-FR","@id":"https:\/\/www.condomanager.com\/fr\/#\/schema\/logo\/image\/","url":"https:\/\/www.condomanager.com\/wp-content\/uploads\/2025\/10\/condomanager-logo-1.png-1.png","contentUrl":"https:\/\/www.condomanager.com\/wp-content\/uploads\/2025\/10\/condomanager-logo-1.png-1.png","width":291,"height":53,"caption":"Condo Manager"},"image":{"@id":"https:\/\/www.condomanager.com\/fr\/#\/schema\/logo\/image\/"}}]}},"_links":{"self":[{"href":"https:\/\/www.condomanager.com\/fr\/wp-json\/wp\/v2\/pages\/354","targetHints":{"allow":["GET"]}}],"collection":[{"href":"https:\/\/www.condomanager.com\/fr\/wp-json\/wp\/v2\/pages"}],"about":[{"href":"https:\/\/www.condomanager.com\/fr\/wp-json\/wp\/v2\/types\/page"}],"author":[{"embeddable":true,"href":"https:\/\/www.condomanager.com\/fr\/wp-json\/wp\/v2\/users\/4"}],"replies":[{"embeddable":true,"href":"https:\/\/www.condomanager.com\/fr\/wp-json\/wp\/v2\/comments?post=354"}],"version-history":[{"count":0,"href":"https:\/\/www.condomanager.com\/fr\/wp-json\/wp\/v2\/pages\/354\/revisions"}],"wp:attachment":[{"href":"https:\/\/www.condomanager.com\/fr\/wp-json\/wp\/v2\/media?parent=354"}],"wp:term":[{"taxonomy":"author","embeddable":true,"href":"https:\/\/www.condomanager.com\/fr\/wp-json\/wp\/v2\/coauthors?post=354"}],"curies":[{"name":"wp","href":"https:\/\/api.w.org\/{rel}","templated":true}]}}