{"id":355,"date":"2025-10-20T15:19:36","date_gmt":"2025-10-20T15:19:36","guid":{"rendered":"https:\/\/condomanagedev.wpenginepowered.com\/?page_id=355"},"modified":"2025-11-05T16:13:35","modified_gmt":"2025-11-05T16:13:35","slug":"french-integrations-leapap","status":"publish","type":"page","link":"https:\/\/www.condomanager.com\/fr\/integrations\/leapap\/","title":{"rendered":"Int\u00e9grations LeapAp"},"content":{"rendered":"<section class=\"hero hero-illustation\">\r\n  <div class=\"container hero-container\">\r\n    <div class=\"row align-items-center my-row\">\r\n      <!-- LEFT: text -->\r\n      <div class=\"col-md-12\">\r\n        <h1 class=\"text-huge\">Optimisez le traitement des comptes fournisseurs avec Condo Manager et LeapAP.<\/h1>\r\n        <p class=\"text-large section-subtitle hompage-sub\">\u00c9liminez la saisie manuelle des donn\u00e9es, acheminez facilement les factures pour approbation et r\u00e9duisez le co\u00fbt du traitement des paiements gr\u00e2ce \u00e0 LeapAP.<\/p>\r\n        \r\n        <div class=\"hero-section-action\">\r\n        <a href=\"\/fr\/contact\/demo-gratuit\" class=\"btn btn-cta\">Obtenez une d\u00e9mo gratuite<\/a>\r\n      <\/div>\r\n      \r\n      <\/div><!-- col -->\r\n    <\/div>\r\n  <\/div>\r\n<\/section>\r\n\r\n\r\n  <section class=\"section no-bottom-space hompepage-benefits wf-section\" style=\"margin-top:3%\">\r\n    <div class=\"container\">\r\n      <!--<p style=\"color:#666\">Content below the hero \u2014 the V notch exposes this white area.<\/p>-->\r\n\r\n      <div class=\"row\">\r\n\r\n\r\n      <div class=\"col-md-6\">\r\n\r\n        <div class=\"content-pair-text\">\r\n        <!--<div class=\"text-small-caps small-caps-title\">Powerful. easy to use.<\/div>-->\r\n        <h2 id=\"leap-ap\">Leap AP<\/h2>\r\n        \r\n        <h2 style=\"font-weight:500\" id=\"des-comptes-fournisseurs-rapides-efficaces-et-precis\">Des comptes fournisseurs rapides, efficaces et pr\u00e9cis.<\/h2>\r\n\r\n        <p class=\"paragraph-large text-large\">LeapAP simplifie la gestion des comptes fournisseurs en automatisant l\u2019ensemble du processus de r\u00e9ception, de codage, d\u2019approbation et de paiement des factures. LeapAP garantit l\u2019exactitude des livres de vos clients, la satisfaction de vos fournisseurs et une meilleure productivit\u00e9 de votre \u00e9quipe.<\/p>\r\n        \r\n        <!--<a href=\"\/about\/why-condo-manager\" class=\"text-large\">Explore the benefits of Condo Manager<\/a>-->\r\n      <\/div><!-- content-pair-text -->\r\n\r\n       <\/div><!-- col --> \r\n\r\n\r\n       <div class=\"col-md-6 d-flex justify-content-center align-items-center\">\r\n  <img decoding=\"async\" src=\"\/wp-content\/uploads\/2025\/10\/LeapAP-screenshot.png\" alt=\"\" class=\"content-pair-image\">\r\n        <\/div>\r\n\r\n\r\n\r\n      <\/div><!-- row --> \r\n\r\n    <\/div> <!-- container -->\r\n  <\/section>\r\n\r\n\r\n\r\n\r\n<div class=\"container mt-5\">\r\n  <div class=\"row\">\r\n    <!-- First Column (Heading) -->\r\n    <div class=\"col-md-3\" style=\"padding-top: 20px;\">\r\n      <h2 id=\"fonctionnalites-de-leap-ap\">Fonctionnalit\u00e9s de Leap AP<\/h2>\r\n    <\/div>\r\n\r\n    <!-- Second, Third, and Fourth Columns (Icons + Text) -->\r\n    <div class=\"col-md-3\">\r\n      <div class=\"feature-box\">\r\n        <div class=\"feature-icon\">\r\n          <img decoding=\"async\" src=\"\/wp-content\/uploads\/2025\/10\/Image-checklist-image.png\" alt=\"\" class=\"\">\r\n        <\/div>\r\n        <div class=\"feature-title\">\u00c9liminez la saisie de donn\u00e9es<\/div>\r\n        <div class=\"feature-description\">\r\n          Les donn\u00e9es cl\u00e9s des factures sont automatiquement extraites et synchronis\u00e9es sans effort avec Condo Manager une fois approuv\u00e9es.\r\n        <\/div>\r\n      <\/div>\r\n    <\/div>\r\n    <div class=\"col-md-3\">\r\n      <div class=\"feature-box\">\r\n        <div class=\"feature-icon\">\r\n          <img decoding=\"async\" src=\"\/wp-content\/uploads\/2025\/10\/Image-checklist-image.png\" alt=\"\" class=\"\">\r\n        <\/div>\r\n        <div class=\"feature-title\">T\u00e9l\u00e9chargement automatique des factures de services publics<\/div>\r\n        <div class=\"feature-description\">\r\n          LeapAP se connecte directement \u00e0 vos portails de services publics en ligne et t\u00e9l\u00e9charge les factures pour vous \u00e9viter de le faire manuellement.\r\n        <\/div>\r\n      <\/div>\r\n    <\/div>\r\n    <div class=\"col-md-3\">\r\n      <div class=\"feature-box\">\r\n        <div class=\"feature-icon\">\r\n       <img decoding=\"async\" src=\"\/wp-content\/uploads\/2025\/10\/Image-checklist-image.png\" alt=\"\" class=\"\">\r\n        <\/div>\r\n        <div class=\"feature-title\">Approbations num\u00e9riques en un clic<\/div>\r\n        <div class=\"feature-description\">\r\n          Ne perdez plus de temps \u00e0 faire circuler les factures et ch\u00e8ques \u2014 approuvez \u00e9lectroniquement et r\u00e9duisez consid\u00e9rablement votre cycle de traitement des comptes fournisseurs.\r\n        <\/div>\r\n      <\/div>\r\n    <\/div>\r\n  <\/div>\r\n\r\n  <div class=\"row\">\r\n    <!-- Second Row -->\r\n\r\n    <div class=\"col-md-3 empty-col\">\r\n    <\/div><!-- col --> \r\n\r\n    <div class=\"col-md-3\">\r\n      <div class=\"feature-box\">\r\n        <div class=\"feature-icon\">\r\n          <img decoding=\"async\" src=\"\/wp-content\/uploads\/2025\/10\/Image-checklist-image.png\" alt=\"\" class=\"\">\r\n        <\/div>\r\n        <div class=\"feature-title\">Paiements sans tracas<\/div>\r\n        <div class=\"feature-description\">\r\n          Plus besoin d\u2019imprimer, signer et envoyer des ch\u00e8ques. Une fois la facture approuv\u00e9e pour paiement, LeapAP s\u2019occupe du reste.\r\n        <\/div>\r\n      <\/div>\r\n    <\/div>\r\n    <div class=\"col-md-3\">\r\n      <div class=\"feature-box\">\r\n        <div class=\"feature-icon\">\r\n          <img decoding=\"async\" src=\"\/wp-content\/uploads\/2025\/10\/Image-checklist-image.png\" alt=\"\" class=\"\">\r\n        <\/div>\r\n        <div class=\"feature-title\">Travaillez de n\u2019importe o\u00f9<\/div>\r\n        <div class=\"feature-description\">\r\n          Plus besoin d\u2019\u00eatre au bureau \u2014 g\u00e9rez vos processus de comptes fournisseurs o\u00f9 que vous soyez.\r\n        <\/div>\r\n      <\/div>\r\n    <\/div>\r\n    <div class=\"col-md-3\">\r\n      <div class=\"feature-box\">\r\n        <div class=\"feature-icon\">\r\n          <img decoding=\"async\" src=\"\/wp-content\/uploads\/2025\/10\/Image-checklist-image.png\" alt=\"\" class=\"\">\r\n        <\/div>\r\n        <div class=\"feature-title\">Codage rapide<\/div>\r\n        <div class=\"feature-description\">\r\n          Configurez les factures r\u00e9currentes pour qu\u2019elles soient automatiquement cod\u00e9es, gagnant ainsi encore plus de temps.\r\n        <\/div>\r\n      <\/div>\r\n    <\/div>\r\n    \r\n      \r\n  <\/div><!-- row -->\r\n\r\n  <div class=\"row\">\r\n    <!-- Third Row -->\r\n\r\n    <div class=\"col-md-3 empty-col\">\r\n    <\/div><!-- col --> \r\n\r\n\r\n    <div class=\"col-md-3\">\r\n      <div class=\"feature-box\">\r\n        <div class=\"feature-icon\">\r\n          <img decoding=\"async\" src=\"\/wp-content\/uploads\/2025\/10\/Image-checklist-image.png\" alt=\"\" class=\"\">\r\n        <\/div>\r\n        <div class=\"feature-title\">Conformit\u00e9 des fournisseurs<\/div>\r\n        <div class=\"feature-description\">\r\n          LeapAP vous aide \u00e0 assurer la conformit\u00e9 de vos fournisseurs gr\u00e2ce \u00e0 la d\u00e9tection des doublons et aux alertes de conformit\u00e9 d\u2019assurance.\r\n        <\/div>\r\n      <\/div>\r\n    <\/div>\r\n    <div class=\"col-md-3\">\r\n      <div class=\"feature-box\">\r\n        <div class=\"feature-icon\">\r\n         <img decoding=\"async\" src=\"\/wp-content\/uploads\/2025\/10\/Image-checklist-image.png\" alt=\"\" class=\"\">\r\n        <\/div>\r\n        <div class=\"feature-title\">Livres \u00e0 l\u2019\u00e9preuve des audits<\/div>\r\n        <div class=\"feature-description\">\r\n          LeapAP conserve un enregistrement complet du parcours et des approbations des factures, vous offrant ainsi une tranquillit\u00e9 d\u2019esprit.\r\n        <\/div>\r\n      <\/div>\r\n    <\/div>\r\n\r\n  <\/div><!-- row -->\r\n<\/div>\r\n\r\n<section class=\"section no-bottom-space hompepage-benefits wf-section\" style=\"margin-top:3%; margin-bottom: 3%;\">\r\n  <div class=\"container\" style=\"text-align:center\">\r\n    <h3 class=\"h1\" id=\"simplifiez-la-gestion-de-votre-copropriete\">Simplifiez la gestion de votre copropri\u00e9t\u00e9<\/h3>\r\n    <div class=\"text-large\">\r\n      D\u00e9couvrez comment l'int\u00e9gration de Condo Inspection \u00e0 Condo Manager peut transformer la gestion de vos biens immobiliers.\r\n    <\/div>\r\n    <div class=\"hero-section-action\" style=\"margin-top:2%\">\r\n      <a href=\"\/fr\/contact\/demo-gratuit\" class=\"btn btn-cta\">Obtenir une d\u00e9mo gratuite<\/a>\r\n    <\/div>\r\n  <\/div>\r\n<\/section>\n","protected":false},"excerpt":{"rendered":"","protected":false},"author":4,"featured_media":0,"parent":0,"menu_order":0,"comment_status":"closed","ping_status":"closed","template":"","meta":{"site-sidebar-layout":"default","site-content-layout":"","ast-site-content-layout":"default","site-content-style":"default","site-sidebar-style":"default","ast-global-header-display":"","ast-banner-title-visibility":"","ast-main-header-display":"","ast-hfb-above-header-display":"","ast-hfb-below-header-display":"","ast-hfb-mobile-header-display":"","site-post-title":"disabled","ast-breadcrumbs-content":"","ast-featured-img":"","footer-sml-layout":"","ast-disable-related-posts":"","theme-transparent-header-meta":"default","adv-header-id-meta":"","stick-header-meta":"default","header-above-stick-meta":"","header-main-stick-meta":"","header-below-stick-meta":"","astra-migrate-meta-layouts":"set","ast-page-background-enabled":"default","ast-page-background-meta":{"desktop":{"background-color":"var(--ast-global-color-5)","background-image":"","background-repeat":"repeat","background-position":"center center","background-size":"auto","background-attachment":"scroll","background-type":"","background-media":"","overlay-type":"","overlay-color":"","overlay-opacity":"","overlay-gradient":""},"tablet":{"background-color":"","background-image":"","background-repeat":"repeat","background-position":"center center","background-size":"auto","background-attachment":"scroll","background-type":"","background-media":"","overlay-type":"","overlay-color":"","overlay-opacity":"","overlay-gradient":""},"mobile":{"background-color":"","background-image":"","background-repeat":"repeat","background-position":"center center","background-size":"auto","background-attachment":"scroll","background-type":"","background-media":"","overlay-type":"","overlay-color":"","overlay-opacity":"","overlay-gradient":""}},"ast-content-background-meta":{"desktop":{"background-color":"var(--ast-global-color-4)","background-image":"","background-repeat":"repeat","background-position":"center center","background-size":"auto","background-attachment":"scroll","background-type":"","background-media":"","overlay-type":"","overlay-color":"","overlay-opacity":"","overlay-gradient":""},"tablet":{"background-color":"var(--ast-global-color-4)","background-image":"","background-repeat":"repeat","background-position":"center center","background-size":"auto","background-attachment":"scroll","background-type":"","background-media":"","overlay-type":"","overlay-color":"","overlay-opacity":"","overlay-gradient":""},"mobile":{"background-color":"var(--ast-global-color-4)","background-image":"","background-repeat":"repeat","background-position":"center center","background-size":"auto","background-attachment":"scroll","background-type":"","background-media":"","overlay-type":"","overlay-color":"","overlay-opacity":"","overlay-gradient":""}},"footnotes":""},"coauthors":[],"class_list":["post-355","page","type-page","status-publish","hentry"],"yoast_head":"<!-- This site is optimized with the Yoast SEO plugin v27.3 - https:\/\/yoast.com\/product\/yoast-seo-wordpress\/ -->\n<title>Int\u00e9grations LeapAp - Condo Manager<\/title>\n<meta name=\"robots\" content=\"index, follow, max-snippet:-1, max-image-preview:large, max-video-preview:-1\" \/>\n<link rel=\"canonical\" href=\"https:\/\/www.condomanager.com\/fr\/integrations\/leapap\/\" \/>\n<meta property=\"og:locale\" content=\"fr_FR\" \/>\n<meta property=\"og:type\" content=\"article\" \/>\n<meta property=\"og:title\" content=\"Int\u00e9grations LeapAp - Condo Manager\" \/>\n<meta property=\"og:url\" content=\"https:\/\/www.condomanager.com\/fr\/integrations\/leapap\/\" \/>\n<meta property=\"og:site_name\" content=\"Condo Manager\" \/>\n<meta property=\"article:modified_time\" content=\"2025-11-05T16:13:35+00:00\" \/>\n<meta name=\"twitter:card\" content=\"summary_large_image\" \/>\n<meta name=\"twitter:label1\" content=\"Dur\u00e9e de lecture estim\u00e9e\" \/>\n\t<meta name=\"twitter:data1\" content=\"1 minute\" \/>\n\t<meta name=\"twitter:label2\" content=\"Written by\" \/>\n\t<meta name=\"twitter:data2\" content=\"Adeel Abbasi\" \/>\n<script type=\"application\/ld+json\" class=\"yoast-schema-graph\">{\"@context\":\"https:\\\/\\\/schema.org\",\"@graph\":[{\"@type\":\"WebPage\",\"@id\":\"https:\\\/\\\/www.condomanager.com\\\/fr\\\/integrations\\\/leapap\\\/\",\"url\":\"https:\\\/\\\/www.condomanager.com\\\/fr\\\/integrations\\\/leapap\\\/\",\"name\":\"Int\u00e9grations LeapAp - Condo Manager\",\"isPartOf\":{\"@id\":\"https:\\\/\\\/www.condomanager.com\\\/fr\\\/#website\"},\"datePublished\":\"2025-10-20T15:19:36+00:00\",\"dateModified\":\"2025-11-05T16:13:35+00:00\",\"breadcrumb\":{\"@id\":\"https:\\\/\\\/www.condomanager.com\\\/fr\\\/integrations\\\/leapap\\\/#breadcrumb\"},\"inLanguage\":\"fr-FR\",\"potentialAction\":[{\"@type\":\"ReadAction\",\"target\":[\"https:\\\/\\\/www.condomanager.com\\\/fr\\\/integrations\\\/leapap\\\/\"]}]},{\"@type\":\"BreadcrumbList\",\"@id\":\"https:\\\/\\\/www.condomanager.com\\\/fr\\\/integrations\\\/leapap\\\/#breadcrumb\",\"itemListElement\":[{\"@type\":\"ListItem\",\"position\":1,\"name\":\"Home\",\"item\":\"https:\\\/\\\/www.condomanager.com\\\/fr\\\/\"},{\"@type\":\"ListItem\",\"position\":2,\"name\":\"Int\u00e9grations LeapAp\"}]},{\"@type\":\"WebSite\",\"@id\":\"https:\\\/\\\/www.condomanager.com\\\/fr\\\/#website\",\"url\":\"https:\\\/\\\/www.condomanager.com\\\/fr\\\/\",\"name\":\"Condo Manager\",\"description\":\"Online Property Condo management Services, HOA Software\",\"publisher\":{\"@id\":\"https:\\\/\\\/www.condomanager.com\\\/fr\\\/#organization\"},\"potentialAction\":[{\"@type\":\"SearchAction\",\"target\":{\"@type\":\"EntryPoint\",\"urlTemplate\":\"https:\\\/\\\/www.condomanager.com\\\/fr\\\/?s={search_term_string}\"},\"query-input\":{\"@type\":\"PropertyValueSpecification\",\"valueRequired\":true,\"valueName\":\"search_term_string\"}}],\"inLanguage\":\"fr-FR\"},{\"@type\":\"Organization\",\"@id\":\"https:\\\/\\\/www.condomanager.com\\\/fr\\\/#organization\",\"name\":\"Condo Manager\",\"url\":\"https:\\\/\\\/www.condomanager.com\\\/fr\\\/\",\"logo\":{\"@type\":\"ImageObject\",\"inLanguage\":\"fr-FR\",\"@id\":\"https:\\\/\\\/www.condomanager.com\\\/fr\\\/#\\\/schema\\\/logo\\\/image\\\/\",\"url\":\"https:\\\/\\\/www.condomanager.com\\\/wp-content\\\/uploads\\\/2025\\\/10\\\/condomanager-logo-1.png-1.png\",\"contentUrl\":\"https:\\\/\\\/www.condomanager.com\\\/wp-content\\\/uploads\\\/2025\\\/10\\\/condomanager-logo-1.png-1.png\",\"width\":291,\"height\":53,\"caption\":\"Condo Manager\"},\"image\":{\"@id\":\"https:\\\/\\\/www.condomanager.com\\\/fr\\\/#\\\/schema\\\/logo\\\/image\\\/\"}}]}<\/script>\n<!-- \/ Yoast SEO plugin. -->","yoast_head_json":{"title":"Int\u00e9grations LeapAp - Condo Manager","robots":{"index":"index","follow":"follow","max-snippet":"max-snippet:-1","max-image-preview":"max-image-preview:large","max-video-preview":"max-video-preview:-1"},"canonical":"https:\/\/www.condomanager.com\/fr\/integrations\/leapap\/","og_locale":"fr_FR","og_type":"article","og_title":"Int\u00e9grations LeapAp - Condo Manager","og_url":"https:\/\/www.condomanager.com\/fr\/integrations\/leapap\/","og_site_name":"Condo Manager","article_modified_time":"2025-11-05T16:13:35+00:00","twitter_card":"summary_large_image","twitter_misc":{"Dur\u00e9e de lecture estim\u00e9e":"1 minute","Written by":"Adeel Abbasi"},"schema":{"@context":"https:\/\/schema.org","@graph":[{"@type":"WebPage","@id":"https:\/\/www.condomanager.com\/fr\/integrations\/leapap\/","url":"https:\/\/www.condomanager.com\/fr\/integrations\/leapap\/","name":"Int\u00e9grations LeapAp - Condo Manager","isPartOf":{"@id":"https:\/\/www.condomanager.com\/fr\/#website"},"datePublished":"2025-10-20T15:19:36+00:00","dateModified":"2025-11-05T16:13:35+00:00","breadcrumb":{"@id":"https:\/\/www.condomanager.com\/fr\/integrations\/leapap\/#breadcrumb"},"inLanguage":"fr-FR","potentialAction":[{"@type":"ReadAction","target":["https:\/\/www.condomanager.com\/fr\/integrations\/leapap\/"]}]},{"@type":"BreadcrumbList","@id":"https:\/\/www.condomanager.com\/fr\/integrations\/leapap\/#breadcrumb","itemListElement":[{"@type":"ListItem","position":1,"name":"Home","item":"https:\/\/www.condomanager.com\/fr\/"},{"@type":"ListItem","position":2,"name":"Int\u00e9grations LeapAp"}]},{"@type":"WebSite","@id":"https:\/\/www.condomanager.com\/fr\/#website","url":"https:\/\/www.condomanager.com\/fr\/","name":"Condo Manager","description":"Online Property Condo management Services, HOA Software","publisher":{"@id":"https:\/\/www.condomanager.com\/fr\/#organization"},"potentialAction":[{"@type":"SearchAction","target":{"@type":"EntryPoint","urlTemplate":"https:\/\/www.condomanager.com\/fr\/?s={search_term_string}"},"query-input":{"@type":"PropertyValueSpecification","valueRequired":true,"valueName":"search_term_string"}}],"inLanguage":"fr-FR"},{"@type":"Organization","@id":"https:\/\/www.condomanager.com\/fr\/#organization","name":"Condo Manager","url":"https:\/\/www.condomanager.com\/fr\/","logo":{"@type":"ImageObject","inLanguage":"fr-FR","@id":"https:\/\/www.condomanager.com\/fr\/#\/schema\/logo\/image\/","url":"https:\/\/www.condomanager.com\/wp-content\/uploads\/2025\/10\/condomanager-logo-1.png-1.png","contentUrl":"https:\/\/www.condomanager.com\/wp-content\/uploads\/2025\/10\/condomanager-logo-1.png-1.png","width":291,"height":53,"caption":"Condo Manager"},"image":{"@id":"https:\/\/www.condomanager.com\/fr\/#\/schema\/logo\/image\/"}}]}},"_links":{"self":[{"href":"https:\/\/www.condomanager.com\/fr\/wp-json\/wp\/v2\/pages\/355","targetHints":{"allow":["GET"]}}],"collection":[{"href":"https:\/\/www.condomanager.com\/fr\/wp-json\/wp\/v2\/pages"}],"about":[{"href":"https:\/\/www.condomanager.com\/fr\/wp-json\/wp\/v2\/types\/page"}],"author":[{"embeddable":true,"href":"https:\/\/www.condomanager.com\/fr\/wp-json\/wp\/v2\/users\/4"}],"replies":[{"embeddable":true,"href":"https:\/\/www.condomanager.com\/fr\/wp-json\/wp\/v2\/comments?post=355"}],"version-history":[{"count":0,"href":"https:\/\/www.condomanager.com\/fr\/wp-json\/wp\/v2\/pages\/355\/revisions"}],"wp:attachment":[{"href":"https:\/\/www.condomanager.com\/fr\/wp-json\/wp\/v2\/media?parent=355"}],"wp:term":[{"taxonomy":"author","embeddable":true,"href":"https:\/\/www.condomanager.com\/fr\/wp-json\/wp\/v2\/coauthors?post=355"}],"curies":[{"name":"wp","href":"https:\/\/api.w.org\/{rel}","templated":true}]}}