{"id":358,"date":"2025-10-20T15:32:33","date_gmt":"2025-10-20T15:32:33","guid":{"rendered":"https:\/\/condomanagedev.wpenginepowered.com\/?page_id=358"},"modified":"2025-11-05T16:14:01","modified_gmt":"2025-11-05T16:14:01","slug":"french-integrations-smart-lockers-2","status":"publish","type":"page","link":"https:\/\/www.condomanager.com\/fr\/integrations\/casiers-intelligents\/","title":{"rendered":"Int\u00e9grations Casiers intelligents"},"content":{"rendered":"<section class=\"hero hero-illustation\">\r\n  <div class=\"container hero-container\">\r\n    <div class=\"row align-items-center my-row\">\r\n      <!-- LEFT: text -->\r\n      <div class=\"col-md-12\">\r\n        <h1 class=\"text-huge\">Casiers intelligents<\/h1>\r\n        <p class=\"text-large section-subtitle hompage-sub\" style=\"justify-content: left !important\">Des casiers intelligents pour g\u00e9rer les colis de vos r\u00e9sidents.<\/p>\r\n        <p class=\"text-large section-subtitle hompage-sub\" style=\"justify-content: left !important\">Consid\u00e9rez les casiers intelligents comme une solution efficace aux probl\u00e8mes de livraison de colis pour vos r\u00e9sidents. Leur satisfaction est aussi importante que leurs livraisons.<\/p> \r\n        <p class=\"text-large section-subtitle hompage-sub\" style=\"justify-content: left !important\">Votre r\u00e9ception n\u2019aura plus besoin de g\u00e9rer les colis, les pertes ou les vols, et vos r\u00e9sidents pourront r\u00e9cup\u00e9rer leurs colis eux-m\u00eames !<\/p>\r\n        \r\n        <div class=\"hero-section-action\">\r\n          <a href=\"\/contact\/free-demo\" class=\"btn btn-cta\">Obtenir une d\u00e9mo gratuite<\/a>\r\n        <\/div>\r\n      <\/div><!-- col -->\r\n    <\/div>\r\n  <\/div>\r\n<\/section>\r\n\r\n<section class=\"section no-bottom-space hompepage-benefits wf-section\" style=\"margin-top:3%\">\r\n  <div class=\"container\">\r\n    <!--<p style=\"color:#666\">Content below the hero \u2014 the V notch exposes this white area.<\/p>-->\r\n\r\n    <div class=\"row\">\r\n      <p class=\"paragraph-large text-large\">L\u2019API de Condo Manager permet de collaborer avec n\u2019importe quel syst\u00e8me de casiers intelligents. Condo Manager est d\u00e9j\u00e0 int\u00e9gr\u00e9 avec les fabricants de casiers intelligents suivants :<\/p>\r\n      \r\n      <div class=\"col-md-6 d-flex justify-content-center align-items-center\">\r\n        <img decoding=\"async\" src=\"\/wp-content\/uploads\/2025\/10\/IMAGE-7.png\" alt=\"\" class=\"content-pair-image\">\r\n      <\/div>\r\n\r\n      <div class=\"col-md-6 d-flex justify-content-center align-items-center\">\r\n        <img decoding=\"async\" src=\"\/wp-content\/uploads\/2025\/10\/IMAGE-8.png\" alt=\"\" class=\"content-pair-image\">\r\n      <\/div>\r\n    <\/div><!-- row --> \r\n  <\/div> <!-- container -->\r\n<\/section>\r\n\r\n\r\n\r\n\r\n\r\n\r\n<section class=\"section no-bottom-space hompepage-benefits wf-section\" style=\"margin-top:3%; margin-bottom: 3%;\">\r\n  <div class=\"container\" style=\"text-align:center\">\r\n    <h3 class=\"h1\" id=\"simplifiez-la-gestion-de-votre-copropriete\">Simplifiez la gestion de votre copropri\u00e9t\u00e9<\/h3>\r\n    <div class=\"text-large\">\r\n      D\u00e9couvrez comment l'int\u00e9gration de Condo Inspection \u00e0 Condo Manager peut transformer la gestion de vos biens immobiliers.\r\n    <\/div>\r\n    <div class=\"hero-section-action\" style=\"margin-top:2%\">\r\n      <a href=\"\/fr\/contact\/demo-gratuit\" class=\"btn btn-cta\">Obtenir une d\u00e9mo gratuite<\/a>\r\n    <\/div>\r\n  <\/div>\r\n<\/section>\n","protected":false},"excerpt":{"rendered":"","protected":false},"author":4,"featured_media":0,"parent":0,"menu_order":0,"comment_status":"closed","ping_status":"closed","template":"","meta":{"site-sidebar-layout":"default","site-content-layout":"","ast-site-content-layout":"default","site-content-style":"default","site-sidebar-style":"default","ast-global-header-display":"","ast-banner-title-visibility":"","ast-main-header-display":"","ast-hfb-above-header-display":"","ast-hfb-below-header-display":"","ast-hfb-mobile-header-display":"","site-post-title":"disabled","ast-breadcrumbs-content":"","ast-featured-img":"","footer-sml-layout":"","ast-disable-related-posts":"","theme-transparent-header-meta":"","adv-header-id-meta":"","stick-header-meta":"","header-above-stick-meta":"","header-main-stick-meta":"","header-below-stick-meta":"","astra-migrate-meta-layouts":"set","ast-page-background-enabled":"default","ast-page-background-meta":{"desktop":{"background-color":"var(--ast-global-color-5)","background-image":"","background-repeat":"repeat","background-position":"center center","background-size":"auto","background-attachment":"scroll","background-type":"","background-media":"","overlay-type":"","overlay-color":"","overlay-opacity":"","overlay-gradient":""},"tablet":{"background-color":"","background-image":"","background-repeat":"repeat","background-position":"center center","background-size":"auto","background-attachment":"scroll","background-type":"","background-media":"","overlay-type":"","overlay-color":"","overlay-opacity":"","overlay-gradient":""},"mobile":{"background-color":"","background-image":"","background-repeat":"repeat","background-position":"center center","background-size":"auto","background-attachment":"scroll","background-type":"","background-media":"","overlay-type":"","overlay-color":"","overlay-opacity":"","overlay-gradient":""}},"ast-content-background-meta":{"desktop":{"background-color":"var(--ast-global-color-4)","background-image":"","background-repeat":"repeat","background-position":"center center","background-size":"auto","background-attachment":"scroll","background-type":"","background-media":"","overlay-type":"","overlay-color":"","overlay-opacity":"","overlay-gradient":""},"tablet":{"background-color":"var(--ast-global-color-4)","background-image":"","background-repeat":"repeat","background-position":"center center","background-size":"auto","background-attachment":"scroll","background-type":"","background-media":"","overlay-type":"","overlay-color":"","overlay-opacity":"","overlay-gradient":""},"mobile":{"background-color":"var(--ast-global-color-4)","background-image":"","background-repeat":"repeat","background-position":"center center","background-size":"auto","background-attachment":"scroll","background-type":"","background-media":"","overlay-type":"","overlay-color":"","overlay-opacity":"","overlay-gradient":""}},"footnotes":""},"coauthors":[],"class_list":["post-358","page","type-page","status-publish","hentry"],"yoast_head":"<!-- This site is optimized with the Yoast SEO plugin v27.2 - https:\/\/yoast.com\/product\/yoast-seo-wordpress\/ -->\n<title>Int\u00e9grations Casiers intelligents - Condo Manager<\/title>\n<meta name=\"robots\" content=\"index, follow, max-snippet:-1, max-image-preview:large, max-video-preview:-1\" \/>\n<link rel=\"canonical\" href=\"https:\/\/www.condomanager.com\/fr\/integrations\/casiers-intelligents\/\" \/>\n<meta property=\"og:locale\" content=\"fr_FR\" \/>\n<meta property=\"og:type\" content=\"article\" \/>\n<meta property=\"og:title\" content=\"Int\u00e9grations Casiers intelligents - Condo Manager\" \/>\n<meta property=\"og:url\" content=\"https:\/\/www.condomanager.com\/fr\/integrations\/casiers-intelligents\/\" \/>\n<meta property=\"og:site_name\" content=\"Condo Manager\" \/>\n<meta property=\"article:modified_time\" content=\"2025-11-05T16:14:01+00:00\" \/>\n<meta name=\"twitter:card\" content=\"summary_large_image\" \/>\n<meta name=\"twitter:label1\" content=\"Dur\u00e9e de lecture estim\u00e9e\" \/>\n\t<meta name=\"twitter:data1\" content=\"1 minute\" \/>\n\t<meta name=\"twitter:label2\" content=\"Written by\" \/>\n\t<meta name=\"twitter:data2\" content=\"Adeel Abbasi\" \/>\n<script type=\"application\/ld+json\" class=\"yoast-schema-graph\">{\"@context\":\"https:\/\/schema.org\",\"@graph\":[{\"@type\":\"WebPage\",\"@id\":\"https:\/\/www.condomanager.com\/fr\/integrations\/casiers-intelligents\/\",\"url\":\"https:\/\/www.condomanager.com\/fr\/integrations\/casiers-intelligents\/\",\"name\":\"Int\u00e9grations Casiers intelligents - Condo Manager\",\"isPartOf\":{\"@id\":\"https:\/\/www.condomanager.com\/fr\/#website\"},\"datePublished\":\"2025-10-20T15:32:33+00:00\",\"dateModified\":\"2025-11-05T16:14:01+00:00\",\"breadcrumb\":{\"@id\":\"https:\/\/www.condomanager.com\/fr\/integrations\/casiers-intelligents\/#breadcrumb\"},\"inLanguage\":\"fr-FR\",\"potentialAction\":[{\"@type\":\"ReadAction\",\"target\":[\"https:\/\/www.condomanager.com\/fr\/integrations\/casiers-intelligents\/\"]}]},{\"@type\":\"BreadcrumbList\",\"@id\":\"https:\/\/www.condomanager.com\/fr\/integrations\/casiers-intelligents\/#breadcrumb\",\"itemListElement\":[{\"@type\":\"ListItem\",\"position\":1,\"name\":\"Home\",\"item\":\"https:\/\/www.condomanager.com\/fr\/\"},{\"@type\":\"ListItem\",\"position\":2,\"name\":\"Int\u00e9grations Casiers intelligents\"}]},{\"@type\":\"WebSite\",\"@id\":\"https:\/\/www.condomanager.com\/fr\/#website\",\"url\":\"https:\/\/www.condomanager.com\/fr\/\",\"name\":\"Condo Manager\",\"description\":\"Online Property Condo management Services, HOA Software\",\"publisher\":{\"@id\":\"https:\/\/www.condomanager.com\/fr\/#organization\"},\"potentialAction\":[{\"@type\":\"SearchAction\",\"target\":{\"@type\":\"EntryPoint\",\"urlTemplate\":\"https:\/\/www.condomanager.com\/fr\/?s={search_term_string}\"},\"query-input\":{\"@type\":\"PropertyValueSpecification\",\"valueRequired\":true,\"valueName\":\"search_term_string\"}}],\"inLanguage\":\"fr-FR\"},{\"@type\":\"Organization\",\"@id\":\"https:\/\/www.condomanager.com\/fr\/#organization\",\"name\":\"Condo Manager\",\"url\":\"https:\/\/www.condomanager.com\/fr\/\",\"logo\":{\"@type\":\"ImageObject\",\"inLanguage\":\"fr-FR\",\"@id\":\"https:\/\/www.condomanager.com\/fr\/#\/schema\/logo\/image\/\",\"url\":\"https:\/\/www.condomanager.com\/wp-content\/uploads\/2025\/10\/condomanager-logo-1.png-1.png\",\"contentUrl\":\"https:\/\/www.condomanager.com\/wp-content\/uploads\/2025\/10\/condomanager-logo-1.png-1.png\",\"width\":291,\"height\":53,\"caption\":\"Condo Manager\"},\"image\":{\"@id\":\"https:\/\/www.condomanager.com\/fr\/#\/schema\/logo\/image\/\"}}]}<\/script>\n<!-- \/ Yoast SEO plugin. -->","yoast_head_json":{"title":"Int\u00e9grations Casiers intelligents - Condo Manager","robots":{"index":"index","follow":"follow","max-snippet":"max-snippet:-1","max-image-preview":"max-image-preview:large","max-video-preview":"max-video-preview:-1"},"canonical":"https:\/\/www.condomanager.com\/fr\/integrations\/casiers-intelligents\/","og_locale":"fr_FR","og_type":"article","og_title":"Int\u00e9grations Casiers intelligents - Condo Manager","og_url":"https:\/\/www.condomanager.com\/fr\/integrations\/casiers-intelligents\/","og_site_name":"Condo Manager","article_modified_time":"2025-11-05T16:14:01+00:00","twitter_card":"summary_large_image","twitter_misc":{"Dur\u00e9e de lecture estim\u00e9e":"1 minute","Written by":"Adeel Abbasi"},"schema":{"@context":"https:\/\/schema.org","@graph":[{"@type":"WebPage","@id":"https:\/\/www.condomanager.com\/fr\/integrations\/casiers-intelligents\/","url":"https:\/\/www.condomanager.com\/fr\/integrations\/casiers-intelligents\/","name":"Int\u00e9grations Casiers intelligents - Condo Manager","isPartOf":{"@id":"https:\/\/www.condomanager.com\/fr\/#website"},"datePublished":"2025-10-20T15:32:33+00:00","dateModified":"2025-11-05T16:14:01+00:00","breadcrumb":{"@id":"https:\/\/www.condomanager.com\/fr\/integrations\/casiers-intelligents\/#breadcrumb"},"inLanguage":"fr-FR","potentialAction":[{"@type":"ReadAction","target":["https:\/\/www.condomanager.com\/fr\/integrations\/casiers-intelligents\/"]}]},{"@type":"BreadcrumbList","@id":"https:\/\/www.condomanager.com\/fr\/integrations\/casiers-intelligents\/#breadcrumb","itemListElement":[{"@type":"ListItem","position":1,"name":"Home","item":"https:\/\/www.condomanager.com\/fr\/"},{"@type":"ListItem","position":2,"name":"Int\u00e9grations Casiers intelligents"}]},{"@type":"WebSite","@id":"https:\/\/www.condomanager.com\/fr\/#website","url":"https:\/\/www.condomanager.com\/fr\/","name":"Condo Manager","description":"Online Property Condo management Services, HOA Software","publisher":{"@id":"https:\/\/www.condomanager.com\/fr\/#organization"},"potentialAction":[{"@type":"SearchAction","target":{"@type":"EntryPoint","urlTemplate":"https:\/\/www.condomanager.com\/fr\/?s={search_term_string}"},"query-input":{"@type":"PropertyValueSpecification","valueRequired":true,"valueName":"search_term_string"}}],"inLanguage":"fr-FR"},{"@type":"Organization","@id":"https:\/\/www.condomanager.com\/fr\/#organization","name":"Condo Manager","url":"https:\/\/www.condomanager.com\/fr\/","logo":{"@type":"ImageObject","inLanguage":"fr-FR","@id":"https:\/\/www.condomanager.com\/fr\/#\/schema\/logo\/image\/","url":"https:\/\/www.condomanager.com\/wp-content\/uploads\/2025\/10\/condomanager-logo-1.png-1.png","contentUrl":"https:\/\/www.condomanager.com\/wp-content\/uploads\/2025\/10\/condomanager-logo-1.png-1.png","width":291,"height":53,"caption":"Condo Manager"},"image":{"@id":"https:\/\/www.condomanager.com\/fr\/#\/schema\/logo\/image\/"}}]}},"_links":{"self":[{"href":"https:\/\/www.condomanager.com\/fr\/wp-json\/wp\/v2\/pages\/358","targetHints":{"allow":["GET"]}}],"collection":[{"href":"https:\/\/www.condomanager.com\/fr\/wp-json\/wp\/v2\/pages"}],"about":[{"href":"https:\/\/www.condomanager.com\/fr\/wp-json\/wp\/v2\/types\/page"}],"author":[{"embeddable":true,"href":"https:\/\/www.condomanager.com\/fr\/wp-json\/wp\/v2\/users\/4"}],"replies":[{"embeddable":true,"href":"https:\/\/www.condomanager.com\/fr\/wp-json\/wp\/v2\/comments?post=358"}],"version-history":[{"count":0,"href":"https:\/\/www.condomanager.com\/fr\/wp-json\/wp\/v2\/pages\/358\/revisions"}],"wp:attachment":[{"href":"https:\/\/www.condomanager.com\/fr\/wp-json\/wp\/v2\/media?parent=358"}],"wp:term":[{"taxonomy":"author","embeddable":true,"href":"https:\/\/www.condomanager.com\/fr\/wp-json\/wp\/v2\/coauthors?post=358"}],"curies":[{"name":"wp","href":"https:\/\/api.w.org\/{rel}","templated":true}]}}