{"id":360,"date":"2025-10-20T16:07:39","date_gmt":"2025-10-20T16:07:39","guid":{"rendered":"https:\/\/condomanagedev.wpenginepowered.com\/?page_id=360"},"modified":"2025-11-05T16:14:13","modified_gmt":"2025-11-05T16:14:13","slug":"french-integrations-sparcpay","status":"publish","type":"page","link":"https:\/\/www.condomanager.com\/fr\/integrations\/sparcpay\/","title":{"rendered":"Int\u00e9grations sparcpay"},"content":{"rendered":"  <style>\r\n\/*.features-rectangle {\r\n  background: #1a1a1a;\r\n  padding: 40px 20px;\r\n  border-radius: 10px;\r\n}*\/\r\n\r\n.features-rectangle {\r\n  background: url('\/wp-content\/uploads\/2025\/10\/Background.jpg') no-repeat center center;\r\n  background-size: cover;\r\n  padding: 60px 20px;\r\n  border-radius: 12px;\r\n  position: relative;\r\n}\r\n\r\n.glide__card {\r\n  background: #0091C5;\r\n  border-radius: 8px;\r\n  min-height: 180px;\r\n  color: #fff;\r\n  transition: transform 0.3s ease;\r\n  min-height: 200px;\r\n}\r\n\r\n\r\n.slider-card-h{font-size:32px; font-weight: 400px}\r\n\r\n\r\n.carousel-control-prev,\r\n.carousel-control-next {\r\n  position: absolute;\r\n  top: auto;\r\n  bottom: 20px;\r\n  width: auto;\r\n  height: auto;\r\n  transform: none;\r\n}\r\n\r\n.carousel-control-prev {\r\n  left: 45%;\r\n}\r\n\r\n.carousel-control-next {\r\n  right: 45%;\r\n}\r\n\r\n\r\n.carousel-control-prev-icon,\r\n.carousel-control-next-icon {\r\n  background-image: none;\r\n  width: 2rem;\r\n  height: 2rem;\r\n  border: solid white;\r\n  border-width: 0 3px 3px 0;\r\n  display: inline-block;\r\n  padding: 5px;\r\n}\r\n\r\n.carousel-control-prev-icon {\r\n  transform: rotate(135deg);\r\n}\r\n\r\n.carousel-control-next-icon {\r\n  transform: rotate(-45deg);\r\n}\r\n\r\n\r\n@media (max-width: 768px) {\r\n  .carousel-control-prev {\r\n    left: 35%;\r\n  }\r\n\r\n  .carousel-control-next {\r\n    right: 35%;\r\n  }\r\n}\r\n\r\n\r\n <\/style>\r\n\r\n <section class=\"hero hero-illustation\">\r\n  <div class=\"container hero-container\">\r\n    <div class=\"row align-items-center my-row\">\r\n      <!-- LEFT: text -->\r\n      <div class=\"col-md-12\">\r\n        <h1 class=\"text-huge\">Comptes fournisseurs simplifi\u00e9s<\/h1>\r\n        <p class=\"text-large section-subtitle hompage-sub\">SparcPay est une solution innovante permettant aux gestionnaires immobiliers et aux conseils de copropri\u00e9t\u00e9 de collaborer pour approuver les factures et effectuer les paiements aux fournisseurs \u00e0 partir de n\u2019importe quel appareil.<\/p>\r\n        \r\n        <div class=\"hero-section-action\">\r\n          <a href=\"\/fr\/contact\/demo-gratuit\" class=\"btn btn-cta\">Obtenir une d\u00e9mo gratuite<\/a>\r\n        <\/div>\r\n      <\/div><!-- col -->\r\n    <\/div>\r\n  <\/div>\r\n<\/section>\r\n\r\n<section class=\"section no-bottom-space hompepage-benefits wf-section\" style=\"margin-top:3%\">\r\n  <div class=\"container\">\r\n    <!--<p style=\"color:#666\">Contenu sous le h\u00e9ros \u2014 l'encoche en V r\u00e9v\u00e8le cette zone blanche.<\/p>-->\r\n\r\n    <div class=\"row\">\r\n      <div class=\"col-md-6\">\r\n        <div class=\"content-pair-text\">\r\n          <!--<div class=\"text-small-caps small-caps-title\">Puissant. Facile \u00e0 utiliser.<\/div>-->\r\n          <h2 id=\"les-approbations-et-paiements-numeriques-remplacent-les-factures-et-cheques-papier-grace-a-condo-manager-et-sparcpay\">Les approbations et paiements num\u00e9riques remplacent les factures et ch\u00e8ques papier gr\u00e2ce \u00e0 Condo Manager et SparcPay<\/h2>\r\n          \r\n          <p class=\"paragraph-large text-large\">Avec la solution compl\u00e8te de SparcPay, les factures sont re\u00e7ues et cod\u00e9es \u00e0 l\u2019aide de l\u2019intelligence artificielle. Vous pouvez examiner et approuver les factures depuis votre t\u00e9l\u00e9phone et payer les fournisseurs \u00e9lectroniquement en un seul clic.<\/p>\r\n\r\n          <p class=\"paragraph-large text-large\">Notre int\u00e9gration transparente avec Condo Manager r\u00e9duit la saisie de donn\u00e9es, \u00e9limine la paperasse et permet d\u2019\u00e9conomiser un temps pr\u00e9cieux consacr\u00e9 aux t\u00e2ches administratives.<\/p>\r\n          \r\n          <!--<a href=\"\/about\/why-condo-manager\" class=\"text-large\">D\u00e9couvrez les avantages de Condo Manager<\/a>-->\r\n        <\/div><!-- content-pair-text -->\r\n      <\/div><!-- col --> \r\n\r\n      <div class=\"col-md-6 d-flex justify-content-center align-items-center\">\r\n        <img decoding=\"async\" src=\"\/wp-content\/uploads\/2025\/10\/sparcpay-approvals.png.png\" alt=\"\" class=\"content-pair-image\">\r\n      <\/div>\r\n    <\/div><!-- row --> \r\n  <\/div> <!-- container -->\r\n<\/section>\r\n\r\n<section class=\"section\" style=\"margin-top:3%; max-width: 100% !important; width: 100% !important;\">\r\n  <!-- Bootstrap Carousel -->\r\n  <div id=\"sparcPayCarousel\" class=\"carousel slide\" data-bs-ride=\"carousel\">\r\n    <div class=\"features-rectangle text-white\">\r\n      <h3 class=\"text-white mb-4\" id=\"fonctionnalites-de-lintegration-sparcpay\">Fonctionnalit\u00e9s de l\u2019int\u00e9gration SparcPay<\/h3>\r\n\r\n      <!-- Carousel Inner -->\r\n      <div class=\"carousel-inner\">\r\n\r\n        <!-- Slide 1 -->\r\n        <div class=\"carousel-item active\">\r\n          <div class=\"row\">\r\n            <div class=\"col-md-4\">\r\n              <div class=\"glide__card p-3\">\r\n                <h4 style=\"color:#fff\" class=\"slider-card-h\">R\u00e9seau \u00e9tendu de fournisseurs<\/h4>\r\n                <p style=\"color:#fff !important\" class=\"paragraph-large text-large\">Le taux d\u2019acceptation des fournisseurs de SparcPay est le plus \u00e9lev\u00e9 du secteur, avec plus de 90 % des paiements effectu\u00e9s \u00e9lectroniquement.<\/p>\r\n              <\/div>\r\n            <\/div>\r\n            <div class=\"col-md-4\">\r\n              <div class=\"glide__card p-3\">\r\n                <h4 style=\"color:#fff\">Tarification par transaction<\/h4>\r\n                <p style=\"color:#fff !important\" class=\"paragraph-large text-large\">Aucun co\u00fbt d\u2019installation, aucuns frais mensuels ni engagement \u00e0 long terme avec SparcPay.<\/p>\r\n              <\/div>\r\n            <\/div>\r\n            <div class=\"col-md-4\">\r\n              <div class=\"glide__card p-3\">\r\n                <h4 style=\"color:#fff\">Tra\u00e7abilit\u00e9 compl\u00e8te<\/h4>\r\n                <p style=\"color:#fff !important\" class=\"paragraph-large text-large\">Chaque paiement dispose d\u2019un historique d\u00e9taill\u00e9 garantissant une transparence totale tout en permettant un audit sans papier en fin d\u2019ann\u00e9e.<\/p>\r\n              <\/div>\r\n            <\/div>\r\n          <\/div>\r\n        <\/div>\r\n\r\n        <!-- Slide 2 -->\r\n        <div class=\"carousel-item\">\r\n          <div class=\"row\">\r\n            <div class=\"col-md-4\">\r\n              <div class=\"glide__card p-3\">\r\n                <h4 style=\"color:#fff\">S\u00e9curis\u00e9 et conforme<\/h4>\r\n                <p style=\"color:#fff !important\" class=\"paragraph-large text-large\">Faites confiance \u00e0 SparcPay, une entreprise de services mon\u00e9taires enregistr\u00e9e aupr\u00e8s du CANAFE, pour g\u00e9rer vos paiements en toute conformit\u00e9 l\u00e9gale.<\/p>\r\n              <\/div>\r\n            <\/div>\r\n            <div class=\"col-md-4\">\r\n              <div class=\"glide__card p-3\">\r\n                <h4 style=\"color:#fff\">Int\u00e9gration rapide et facile<\/h4>\r\n                <p style=\"color:#fff !important\" class=\"paragraph-large text-large\">SparcPay garantit une mise en \u0153uvre fluide, permettant \u00e0 vos copropri\u00e9t\u00e9s d\u2019effectuer des paiements en 2 \u00e0 4 semaines.<\/p>\r\n              <\/div>\r\n            <\/div>\r\n            <div class=\"col-md-4\">\r\n              <div class=\"glide__card p-3\">\r\n                <h4 style=\"color:#fff\">Paiements en un clic<\/h4>\r\n                <p style=\"color:#fff !important\" class=\"paragraph-large text-large\">Cliquez sur \u00ab Payer \u00bb et SparcPay s\u2019occupe du reste. Aucun accord de virement \u00e9lectronique avec votre banque n\u2019est n\u00e9cessaire.<\/p>\r\n              <\/div>\r\n            <\/div>\r\n          <\/div>\r\n        <\/div>\r\n\r\n      <\/div>\r\n\r\n      <!-- Carousel Controls -->\r\n      <button class=\"carousel-control-prev\" type=\"button\" data-bs-target=\"#sparcPayCarousel\" data-bs-slide=\"prev\">\r\n        <span class=\"carousel-control-prev-icon\" aria-hidden=\"true\"><\/span>\r\n        <span class=\"visually-hidden\">Pr\u00e9c\u00e9dent<\/span>\r\n      <\/button>\r\n      <button class=\"carousel-control-next\" type=\"button\" data-bs-target=\"#sparcPayCarousel\" data-bs-slide=\"next\">\r\n        <span class=\"carousel-control-next-icon\" aria-hidden=\"true\"><\/span>\r\n        <span class=\"visually-hidden\">Suivant<\/span>\r\n      <\/button>\r\n\r\n      <!-- Carousel Indicators -->\r\n      <scrirpt><div><\/div><\/scrirpt>\r\n\r\n    <\/div>\r\n  <\/div>\r\n<\/section>\r\n\r\n\r\n\r\n\r\n\r\n\r\n<section class=\"section no-bottom-space hompepage-benefits wf-section\" style=\"margin-top:3%; margin-bottom: 3%;\">\r\n  <div class=\"container\" style=\"text-align:center\">\r\n    <h3 class=\"h1\" id=\"simplifiez-la-gestion-de-votre-copropriete\">Simplifiez la gestion de votre copropri\u00e9t\u00e9<\/h3>\r\n    <div class=\"text-large\">\r\n      D\u00e9couvrez comment l'int\u00e9gration de Condo Inspection \u00e0 Condo Manager peut transformer la gestion de vos biens immobiliers.\r\n    <\/div>\r\n    <div class=\"hero-section-action\" style=\"margin-top:2%\">\r\n      <a href=\"\/fr\/contact\/demo-gratuit\" class=\"btn btn-cta\">Obtenir une d\u00e9mo gratuite<\/a>\r\n    <\/div>\r\n  <\/div>\r\n<\/section>\n","protected":false},"excerpt":{"rendered":"","protected":false},"author":4,"featured_media":0,"parent":0,"menu_order":0,"comment_status":"closed","ping_status":"closed","template":"","meta":{"site-sidebar-layout":"default","site-content-layout":"","ast-site-content-layout":"default","site-content-style":"default","site-sidebar-style":"default","ast-global-header-display":"","ast-banner-title-visibility":"","ast-main-header-display":"","ast-hfb-above-header-display":"","ast-hfb-below-header-display":"","ast-hfb-mobile-header-display":"","site-post-title":"disabled","ast-breadcrumbs-content":"","ast-featured-img":"","footer-sml-layout":"","ast-disable-related-posts":"","theme-transparent-header-meta":"","adv-header-id-meta":"","stick-header-meta":"","header-above-stick-meta":"","header-main-stick-meta":"","header-below-stick-meta":"","astra-migrate-meta-layouts":"set","ast-page-background-enabled":"default","ast-page-background-meta":{"desktop":{"background-color":"var(--ast-global-color-5)","background-image":"","background-repeat":"repeat","background-position":"center center","background-size":"auto","background-attachment":"scroll","background-type":"","background-media":"","overlay-type":"","overlay-color":"","overlay-opacity":"","overlay-gradient":""},"tablet":{"background-color":"","background-image":"","background-repeat":"repeat","background-position":"center center","background-size":"auto","background-attachment":"scroll","background-type":"","background-media":"","overlay-type":"","overlay-color":"","overlay-opacity":"","overlay-gradient":""},"mobile":{"background-color":"","background-image":"","background-repeat":"repeat","background-position":"center center","background-size":"auto","background-attachment":"scroll","background-type":"","background-media":"","overlay-type":"","overlay-color":"","overlay-opacity":"","overlay-gradient":""}},"ast-content-background-meta":{"desktop":{"background-color":"var(--ast-global-color-4)","background-image":"","background-repeat":"repeat","background-position":"center center","background-size":"auto","background-attachment":"scroll","background-type":"","background-media":"","overlay-type":"","overlay-color":"","overlay-opacity":"","overlay-gradient":""},"tablet":{"background-color":"var(--ast-global-color-4)","background-image":"","background-repeat":"repeat","background-position":"center center","background-size":"auto","background-attachment":"scroll","background-type":"","background-media":"","overlay-type":"","overlay-color":"","overlay-opacity":"","overlay-gradient":""},"mobile":{"background-color":"var(--ast-global-color-4)","background-image":"","background-repeat":"repeat","background-position":"center center","background-size":"auto","background-attachment":"scroll","background-type":"","background-media":"","overlay-type":"","overlay-color":"","overlay-opacity":"","overlay-gradient":""}},"footnotes":""},"coauthors":[],"class_list":["post-360","page","type-page","status-publish","hentry"],"yoast_head":"<!-- This site is optimized with the Yoast SEO plugin v27.5 - https:\/\/yoast.com\/product\/yoast-seo-wordpress\/ -->\n<title>Int\u00e9grations sparcpay - Condo Manager<\/title>\n<meta name=\"robots\" content=\"index, follow, max-snippet:-1, max-image-preview:large, max-video-preview:-1\" \/>\n<link rel=\"canonical\" href=\"https:\/\/www.condomanager.com\/fr\/integrations\/sparcpay\/\" \/>\n<meta property=\"og:locale\" content=\"fr_FR\" \/>\n<meta property=\"og:type\" content=\"article\" \/>\n<meta property=\"og:title\" content=\"Int\u00e9grations sparcpay - Condo Manager\" \/>\n<meta property=\"og:url\" content=\"https:\/\/www.condomanager.com\/fr\/integrations\/sparcpay\/\" \/>\n<meta property=\"og:site_name\" content=\"Condo Manager\" \/>\n<meta property=\"article:modified_time\" content=\"2025-11-05T16:14:13+00:00\" \/>\n<meta name=\"twitter:card\" content=\"summary_large_image\" \/>\n<meta name=\"twitter:label1\" content=\"Dur\u00e9e de lecture estim\u00e9e\" \/>\n\t<meta name=\"twitter:data1\" content=\"1 minute\" \/>\n\t<meta name=\"twitter:label2\" content=\"Written by\" \/>\n\t<meta name=\"twitter:data2\" content=\"Adeel Abbasi\" \/>\n<script type=\"application\/ld+json\" class=\"yoast-schema-graph\">{\"@context\":\"https:\\\/\\\/schema.org\",\"@graph\":[{\"@type\":\"WebPage\",\"@id\":\"https:\\\/\\\/www.condomanager.com\\\/fr\\\/integrations\\\/sparcpay\\\/\",\"url\":\"https:\\\/\\\/www.condomanager.com\\\/fr\\\/integrations\\\/sparcpay\\\/\",\"name\":\"Int\u00e9grations sparcpay - Condo Manager\",\"isPartOf\":{\"@id\":\"https:\\\/\\\/www.condomanager.com\\\/fr\\\/#website\"},\"datePublished\":\"2025-10-20T16:07:39+00:00\",\"dateModified\":\"2025-11-05T16:14:13+00:00\",\"breadcrumb\":{\"@id\":\"https:\\\/\\\/www.condomanager.com\\\/fr\\\/integrations\\\/sparcpay\\\/#breadcrumb\"},\"inLanguage\":\"fr-FR\",\"potentialAction\":[{\"@type\":\"ReadAction\",\"target\":[\"https:\\\/\\\/www.condomanager.com\\\/fr\\\/integrations\\\/sparcpay\\\/\"]}]},{\"@type\":\"BreadcrumbList\",\"@id\":\"https:\\\/\\\/www.condomanager.com\\\/fr\\\/integrations\\\/sparcpay\\\/#breadcrumb\",\"itemListElement\":[{\"@type\":\"ListItem\",\"position\":1,\"name\":\"Home\",\"item\":\"https:\\\/\\\/www.condomanager.com\\\/fr\\\/\"},{\"@type\":\"ListItem\",\"position\":2,\"name\":\"Int\u00e9grations sparcpay\"}]},{\"@type\":\"WebSite\",\"@id\":\"https:\\\/\\\/www.condomanager.com\\\/fr\\\/#website\",\"url\":\"https:\\\/\\\/www.condomanager.com\\\/fr\\\/\",\"name\":\"Condo Manager\",\"description\":\"Online Property Condo management Services, HOA Software\",\"publisher\":{\"@id\":\"https:\\\/\\\/www.condomanager.com\\\/fr\\\/#organization\"},\"potentialAction\":[{\"@type\":\"SearchAction\",\"target\":{\"@type\":\"EntryPoint\",\"urlTemplate\":\"https:\\\/\\\/www.condomanager.com\\\/fr\\\/?s={search_term_string}\"},\"query-input\":{\"@type\":\"PropertyValueSpecification\",\"valueRequired\":true,\"valueName\":\"search_term_string\"}}],\"inLanguage\":\"fr-FR\"},{\"@type\":\"Organization\",\"@id\":\"https:\\\/\\\/www.condomanager.com\\\/fr\\\/#organization\",\"name\":\"Condo Manager\",\"url\":\"https:\\\/\\\/www.condomanager.com\\\/fr\\\/\",\"logo\":{\"@type\":\"ImageObject\",\"inLanguage\":\"fr-FR\",\"@id\":\"https:\\\/\\\/www.condomanager.com\\\/fr\\\/#\\\/schema\\\/logo\\\/image\\\/\",\"url\":\"https:\\\/\\\/www.condomanager.com\\\/wp-content\\\/uploads\\\/2025\\\/10\\\/condomanager-logo-1.png-1.png\",\"contentUrl\":\"https:\\\/\\\/www.condomanager.com\\\/wp-content\\\/uploads\\\/2025\\\/10\\\/condomanager-logo-1.png-1.png\",\"width\":291,\"height\":53,\"caption\":\"Condo Manager\"},\"image\":{\"@id\":\"https:\\\/\\\/www.condomanager.com\\\/fr\\\/#\\\/schema\\\/logo\\\/image\\\/\"}}]}<\/script>\n<!-- \/ Yoast SEO plugin. -->","yoast_head_json":{"title":"Int\u00e9grations sparcpay - Condo Manager","robots":{"index":"index","follow":"follow","max-snippet":"max-snippet:-1","max-image-preview":"max-image-preview:large","max-video-preview":"max-video-preview:-1"},"canonical":"https:\/\/www.condomanager.com\/fr\/integrations\/sparcpay\/","og_locale":"fr_FR","og_type":"article","og_title":"Int\u00e9grations sparcpay - Condo Manager","og_url":"https:\/\/www.condomanager.com\/fr\/integrations\/sparcpay\/","og_site_name":"Condo Manager","article_modified_time":"2025-11-05T16:14:13+00:00","twitter_card":"summary_large_image","twitter_misc":{"Dur\u00e9e de lecture estim\u00e9e":"1 minute","Written by":"Adeel Abbasi"},"schema":{"@context":"https:\/\/schema.org","@graph":[{"@type":"WebPage","@id":"https:\/\/www.condomanager.com\/fr\/integrations\/sparcpay\/","url":"https:\/\/www.condomanager.com\/fr\/integrations\/sparcpay\/","name":"Int\u00e9grations sparcpay - Condo Manager","isPartOf":{"@id":"https:\/\/www.condomanager.com\/fr\/#website"},"datePublished":"2025-10-20T16:07:39+00:00","dateModified":"2025-11-05T16:14:13+00:00","breadcrumb":{"@id":"https:\/\/www.condomanager.com\/fr\/integrations\/sparcpay\/#breadcrumb"},"inLanguage":"fr-FR","potentialAction":[{"@type":"ReadAction","target":["https:\/\/www.condomanager.com\/fr\/integrations\/sparcpay\/"]}]},{"@type":"BreadcrumbList","@id":"https:\/\/www.condomanager.com\/fr\/integrations\/sparcpay\/#breadcrumb","itemListElement":[{"@type":"ListItem","position":1,"name":"Home","item":"https:\/\/www.condomanager.com\/fr\/"},{"@type":"ListItem","position":2,"name":"Int\u00e9grations sparcpay"}]},{"@type":"WebSite","@id":"https:\/\/www.condomanager.com\/fr\/#website","url":"https:\/\/www.condomanager.com\/fr\/","name":"Condo Manager","description":"Online Property Condo management Services, HOA Software","publisher":{"@id":"https:\/\/www.condomanager.com\/fr\/#organization"},"potentialAction":[{"@type":"SearchAction","target":{"@type":"EntryPoint","urlTemplate":"https:\/\/www.condomanager.com\/fr\/?s={search_term_string}"},"query-input":{"@type":"PropertyValueSpecification","valueRequired":true,"valueName":"search_term_string"}}],"inLanguage":"fr-FR"},{"@type":"Organization","@id":"https:\/\/www.condomanager.com\/fr\/#organization","name":"Condo Manager","url":"https:\/\/www.condomanager.com\/fr\/","logo":{"@type":"ImageObject","inLanguage":"fr-FR","@id":"https:\/\/www.condomanager.com\/fr\/#\/schema\/logo\/image\/","url":"https:\/\/www.condomanager.com\/wp-content\/uploads\/2025\/10\/condomanager-logo-1.png-1.png","contentUrl":"https:\/\/www.condomanager.com\/wp-content\/uploads\/2025\/10\/condomanager-logo-1.png-1.png","width":291,"height":53,"caption":"Condo Manager"},"image":{"@id":"https:\/\/www.condomanager.com\/fr\/#\/schema\/logo\/image\/"}}]}},"_links":{"self":[{"href":"https:\/\/www.condomanager.com\/fr\/wp-json\/wp\/v2\/pages\/360","targetHints":{"allow":["GET"]}}],"collection":[{"href":"https:\/\/www.condomanager.com\/fr\/wp-json\/wp\/v2\/pages"}],"about":[{"href":"https:\/\/www.condomanager.com\/fr\/wp-json\/wp\/v2\/types\/page"}],"author":[{"embeddable":true,"href":"https:\/\/www.condomanager.com\/fr\/wp-json\/wp\/v2\/users\/4"}],"replies":[{"embeddable":true,"href":"https:\/\/www.condomanager.com\/fr\/wp-json\/wp\/v2\/comments?post=360"}],"version-history":[{"count":0,"href":"https:\/\/www.condomanager.com\/fr\/wp-json\/wp\/v2\/pages\/360\/revisions"}],"wp:attachment":[{"href":"https:\/\/www.condomanager.com\/fr\/wp-json\/wp\/v2\/media?parent=360"}],"wp:term":[{"taxonomy":"author","embeddable":true,"href":"https:\/\/www.condomanager.com\/fr\/wp-json\/wp\/v2\/coauthors?post=360"}],"curies":[{"name":"wp","href":"https:\/\/api.w.org\/{rel}","templated":true}]}}