{"id":362,"date":"2025-10-21T13:34:16","date_gmt":"2025-10-21T13:34:16","guid":{"rendered":"https:\/\/condomanagedev.wpenginepowered.com\/?page_id=362"},"modified":"2025-11-05T16:16:53","modified_gmt":"2025-11-05T16:16:53","slug":"french-why-condo-manager","status":"publish","type":"page","link":"https:\/\/www.condomanager.com\/fr\/a-propos\/pourquoi-condo-manager\/","title":{"rendered":"Pourquoi Condo Manager"},"content":{"rendered":" <style>\r\n\r\n.hero::before {\r\n    content: \"\";\r\n    position: absolute;\r\n    left: 0;\r\n    right: 0;\r\n    top: 0;\r\n    height: 100%;\r\n    z-index: 0;\r\n    background: linear-gradient(180deg, #0087EE 0%, #0087EE 100%);\r\n    -webkit-clip-path: polygon(0 0, 100% 0, 100% 82%, 50% 100%, 0 82%);\r\n    clip-path: polygon(0 0, 100% 0, 100% 82%, 50% 100%, 0 82%);\r\n}\r\n\r\n\r\n.content-pair-text {\r\n  display: flex;\r\n  flex-direction: column;\r\n  justify-content: center;\r\n  height: 100%;\r\n}\r\n\r\n.wf-section{padding:5% !important}\r\n\r\n\r\n\/* Force all homepage benefit sections to show image first, text second on mobile *\/\r\n@media (max-width: 767px) {\r\n  .hompepage-benefits .row {\r\n    display: flex;\r\n    flex-direction: column !important;\r\n  }\r\n\r\n  .hompepage-benefits .col-md-6 {\r\n    width: 100% !important;\r\n    max-width: 100% !important;\r\n  }\r\n\r\n  \/* Force image columns to always come first on mobile *\/\r\n  .hompepage-benefits .col-md-6:has(img) {\r\n    order: -1 !important;\r\n  }\r\n\r\n  \/* Add spacing between image and text *\/\r\n  .hompepage-benefits .col-md-6 img {\r\n    width: 100%;\r\n    height: auto;\r\n    margin-bottom: 20px;\r\n  }\r\n\r\n  \/* Optional: adjust text alignment if needed *\/\r\n  .content-pair-text {\r\n    text-align: center;\r\n  }\r\n}\r\n\r\n\r\n <\/style>\r\n\r\n\r\n\r\n <section class=\"hero hero-illustation\">\r\n  <div class=\"container hero-container\">\r\n    <div class=\"row align-items-center my-row\">\r\n      <!-- LEFT: text -->\r\n      <div class=\"col-md-12\" style=\"text-align:center !important\">\r\n        <div class=\"text-small-caps small-caps-title\" style=\"color:#fff !important\">Pourquoi Condo Manager ?<\/div>\r\n        <h1 class=\"text-huge\" style=\"color:#fff !important\">La solution la plus avanc\u00e9e pour une gestion simplifi\u00e9e.<\/h1>\r\n        <p class=\"text-large section-subtitle hompage-sub\" style=\"margin-left:auto !important; color:#fff !important\">Con\u00e7u, test\u00e9 et perfectionn\u00e9 par des gestionnaires immobiliers, Condo Manager offre une solution puissante et compl\u00e8te qui combine des fonctions comptables avanc\u00e9es avec des outils de communication pratiques pour la gestion. Condo Manager r\u00e9volutionnera votre fa\u00e7on de travailler. Vous vous demanderez comment vous faisiez sans lui.<\/p>\r\n      <\/div><!-- col -->\r\n    <\/div>\r\n  <\/div>\r\n<\/section>\r\n\r\n<section class=\"section no-bottom-space hompepage-benefits wf-section\" style=\"margin-top:3%; max-width: 100%;\">\r\n  <div class=\"container\">\r\n    <div class=\"row\">\r\n      <div class=\"col-md-6\">\r\n        <div class=\"content-pair-text\">\r\n          <h2 id=\"puissant-mais-facile-a-utiliser\">Puissant, mais facile \u00e0 utiliser.<\/h2>\r\n          <p class=\"paragraph-large text-large\">Depuis plus de 25 ans, Condo Manager est continuellement optimis\u00e9 et mis \u00e0 jour par une \u00e9quipe de d\u00e9veloppeurs exp\u00e9riment\u00e9s afin de r\u00e9pondre aux besoins r\u00e9els des gestionnaires immobiliers. Vous b\u00e9n\u00e9ficiez d\u2019un outil performant et \u00e0 la fine pointe de la technologie qui augmente votre productivit\u00e9 chaque jour tout en simplifiant vos t\u00e2ches au maximum.<\/p>\r\n        <\/div><!-- content-pair-text -->\r\n      <\/div><!-- col --> \r\n\r\n      <div class=\"col-md-6 d-flex justify-content-centerX align-items-center\">\r\n        <img decoding=\"async\" src=\"\/wp-content\/uploads\/2025\/10\/IMAGE-9.png\" alt=\"\" class=\"content-pair-image\">\r\n      <\/div>\r\n    <\/div><!-- row --> \r\n  <\/div> <!-- container -->\r\n<\/section>\r\n\r\n<section class=\"section no-bottom-space hompepage-benefits wf-section\" style=\"margin-top:1%; background-color: #F7FAFC; max-width: 100%;\">\r\n  <div class=\"container\">\r\n    <div class=\"row\">\r\n      <div class=\"col-md-6 d-flex justify-content-centerX align-items-center\">\r\n        <img decoding=\"async\" src=\"\/wp-content\/uploads\/2025\/10\/IMAGE-10.png\" alt=\"\" class=\"content-pair-image\">\r\n      <\/div>\r\n\r\n      <div class=\"col-md-6\">\r\n        <div class=\"content-pair-text\">\r\n          <h2 id=\"comptabilite-entierement-integree\">Comptabilit\u00e9 enti\u00e8rement int\u00e9gr\u00e9e.<\/h2>\r\n          <p class=\"paragraph-large text-large\">Comptes clients\/fournisseurs, transactions r\u00e9currentes, cl\u00f4tures de p\u00e9riodes, conciliations bancaires et plus encore. Au fil des ans, notre logiciel s\u2019est adapt\u00e9 aux besoins suppl\u00e9mentaires de nos clients gr\u00e2ce \u00e0 divers outils de gestion et de communication. Fini le jonglage entre plusieurs logiciels. Condo Manager regroupe toutes les fonctions dont vous avez besoin au quotidien. C\u2019est la solution simple, efficace et puissante que vous recherchiez.<\/p>\r\n        <\/div><!-- content-pair-text -->\r\n      <\/div><!-- col --> \r\n    <\/div><!-- row --> \r\n  <\/div> <!-- container -->\r\n<\/section>\r\n\r\n<section class=\"section no-bottom-space hompepage-benefits wf-section\" style=\"margin-top:1%; max-width: 100%;\">\r\n  <div class=\"container\">\r\n    <div class=\"row\">\r\n      <div class=\"col-md-6\">\r\n        <div class=\"content-pair-text\">\r\n          <h2 id=\"nombre-illimite-dunites-et-de-coproprietes\">Nombre illimit\u00e9 d\u2019unit\u00e9s et de copropri\u00e9t\u00e9s.<\/h2>\r\n          <p class=\"paragraph-large text-large\">Condo Manager n\u2019impose aucune limite sur le nombre de copropri\u00e9t\u00e9s ou d\u2019unit\u00e9s. De plus, vous pouvez g\u00e9rer un nombre illimit\u00e9 d\u2019adresses suppl\u00e9mentaires de propri\u00e9taires dans les listes d\u2019envoi pour les relev\u00e9s, lettres et courriels.<\/p>\r\n        <\/div><!-- content-pair-text -->\r\n      <\/div><!-- col --> \r\n\r\n      <div class=\"col-md-6 d-flex justify-content-centerX align-items-center\">\r\n        <img decoding=\"async\" src=\"\/wp-content\/uploads\/2025\/10\/IMAGE-11.png\" alt=\"\" class=\"content-pair-image\">\r\n      <\/div>\r\n    <\/div><!-- row --> \r\n  <\/div> <!-- container -->\r\n<\/section>\r\n\r\n<section class=\"section no-bottom-space hompepage-benefits wf-section\" style=\"margin-top:1%; background-color: #F7FAFC; max-width: 100%;\">\r\n  <div class=\"container\">\r\n    <div class=\"row\">\r\n      <div class=\"col-md-6 d-flex justify-content-centerX align-items-center\">\r\n        <img decoding=\"async\" src=\"\/wp-content\/uploads\/2025\/10\/IMAGE-12.png\" alt=\"\" class=\"content-pair-image\">\r\n      <\/div>\r\n\r\n      <div class=\"col-md-6\">\r\n        <div class=\"content-pair-text\">\r\n          <h2 id=\"ideal-pour-lautomatisation-des-taches\">Id\u00e9al pour l\u2019automatisation des t\u00e2ches.<\/h2>\r\n          <p class=\"paragraph-large text-large\">Condo Manager a \u00e9t\u00e9 con\u00e7u pour faciliter votre travail. Nous avons automatis\u00e9 autant de t\u00e2ches routini\u00e8res que possible afin que vous puissiez consacrer votre temps \u00e0 des activit\u00e9s plus importantes. Laissez Condo Manager payer et classer les factures, g\u00e9n\u00e9rer des rapports et relev\u00e9s de comptes, g\u00e9rer les groupes de transactions, cr\u00e9er, imprimer ou envoyer des \u00e9tats financiers complets par courriel, g\u00e9n\u00e9rer des rappels de t\u00e2ches et bien plus encore. Le logiciel est con\u00e7u pour r\u00e9duire votre charge de travail au minimum et offrir une satisfaction totale \u00e0 vos clients.<\/p>\r\n        <\/div><!-- content-pair-text -->\r\n      <\/div><!-- col --> \r\n    <\/div><!-- row --> \r\n  <\/div> <!-- container -->\r\n<\/section>\r\n\r\n<section class=\"section no-bottom-space hompepage-benefits wf-section\" style=\"margin-top:1%; max-width: 100%;\">\r\n  <div class=\"container\">\r\n    <div class=\"row\">\r\n      <div class=\"col-md-6\">\r\n        <div class=\"content-pair-text\">\r\n          <h2 id=\"facile-a-personnaliser\">Facile \u00e0 personnaliser.<\/h2>\r\n          <p class=\"paragraph-large text-large\">Un service personnalis\u00e9 est la cl\u00e9 d\u2019une gestion immobili\u00e8re efficace. Condo Manager applique ce principe gr\u00e2ce \u00e0 des modules, fonctions et mod\u00e8les de documents personnalisables pour les factures, demandes de service, instructions de proc\u00e9dures, fichiers de paiement et plus encore. Tout a \u00e9t\u00e9 con\u00e7u pour clarifier vos communications, simplifier vos t\u00e2ches et vous faire gagner un maximum de temps pr\u00e9cieux.<\/p>\r\n        <\/div><!-- content-pair-text -->\r\n      <\/div><!-- col --> \r\n\r\n      <div class=\"col-md-6 d-flex justify-content-centerX align-items-center\">\r\n        <img decoding=\"async\" src=\"\/wp-content\/uploads\/2025\/10\/IMAGE-13.png\" alt=\"\" class=\"content-pair-image\">\r\n      <\/div>\r\n    <\/div><!-- row --> \r\n  <\/div> <!-- container -->\r\n<\/section>\r\n\r\n<section class=\"blue-curve-section\">\r\n  <div class=\"container\" style=\"padding-top: 6%;\">\r\n    <h2 class=\"text-white\" id=\"30-ans\">30 ans<\/h2>    \r\n    <div class=\"section-subtitle text-large\" style=\"color:#fff !important\">d\u2019exp\u00e9rience en gestion immobili\u00e8re et en d\u00e9veloppement logiciel<\/div><!-- section-subtitle text-large -->\r\n\r\n    <h2 class=\"text-white\" id=\"15m\">1,5M+<\/h2>    \r\n    <div class=\"section-subtitle text-large\" style=\"color:#fff !important\">Unit\u00e9s g\u00e9r\u00e9es avec Condo Manager<\/div><!-- section-subtitle text-large -->\r\n\r\n    <h2 class=\"text-white\" id=\"48k\">48k+<\/h2>    \r\n    <div class=\"section-subtitle text-large\" style=\"color:#fff !important\">Nombre de copropri\u00e9t\u00e9s g\u00e9r\u00e9es avec Condo Manager<\/div><!-- section-subtitle text-large -->\r\n  <\/div><!-- container -->\r\n<\/section>\r\n\r\n\r\n\n","protected":false},"excerpt":{"rendered":"","protected":false},"author":4,"featured_media":0,"parent":0,"menu_order":0,"comment_status":"closed","ping_status":"closed","template":"","meta":{"site-sidebar-layout":"default","site-content-layout":"","ast-site-content-layout":"default","site-content-style":"default","site-sidebar-style":"default","ast-global-header-display":"","ast-banner-title-visibility":"","ast-main-header-display":"","ast-hfb-above-header-display":"","ast-hfb-below-header-display":"","ast-hfb-mobile-header-display":"","site-post-title":"disabled","ast-breadcrumbs-content":"","ast-featured-img":"","footer-sml-layout":"","ast-disable-related-posts":"","theme-transparent-header-meta":"","adv-header-id-meta":"","stick-header-meta":"","header-above-stick-meta":"","header-main-stick-meta":"","header-below-stick-meta":"","astra-migrate-meta-layouts":"set","ast-page-background-enabled":"default","ast-page-background-meta":{"desktop":{"background-color":"var(--ast-global-color-5)","background-image":"","background-repeat":"repeat","background-position":"center center","background-size":"auto","background-attachment":"scroll","background-type":"","background-media":"","overlay-type":"","overlay-color":"","overlay-opacity":"","overlay-gradient":""},"tablet":{"background-color":"","background-image":"","background-repeat":"repeat","background-position":"center center","background-size":"auto","background-attachment":"scroll","background-type":"","background-media":"","overlay-type":"","overlay-color":"","overlay-opacity":"","overlay-gradient":""},"mobile":{"background-color":"","background-image":"","background-repeat":"repeat","background-position":"center center","background-size":"auto","background-attachment":"scroll","background-type":"","background-media":"","overlay-type":"","overlay-color":"","overlay-opacity":"","overlay-gradient":""}},"ast-content-background-meta":{"desktop":{"background-color":"var(--ast-global-color-4)","background-image":"","background-repeat":"repeat","background-position":"center center","background-size":"auto","background-attachment":"scroll","background-type":"","background-media":"","overlay-type":"","overlay-color":"","overlay-opacity":"","overlay-gradient":""},"tablet":{"background-color":"var(--ast-global-color-4)","background-image":"","background-repeat":"repeat","background-position":"center center","background-size":"auto","background-attachment":"scroll","background-type":"","background-media":"","overlay-type":"","overlay-color":"","overlay-opacity":"","overlay-gradient":""},"mobile":{"background-color":"var(--ast-global-color-4)","background-image":"","background-repeat":"repeat","background-position":"center center","background-size":"auto","background-attachment":"scroll","background-type":"","background-media":"","overlay-type":"","overlay-color":"","overlay-opacity":"","overlay-gradient":""}},"footnotes":""},"coauthors":[],"class_list":["post-362","page","type-page","status-publish","hentry"],"yoast_head":"<!-- This site is optimized with the Yoast SEO plugin v27.3 - https:\/\/yoast.com\/product\/yoast-seo-wordpress\/ -->\n<title>Pourquoi Condo Manager - Condo Manager<\/title>\n<meta name=\"robots\" content=\"index, follow, max-snippet:-1, max-image-preview:large, max-video-preview:-1\" \/>\n<link rel=\"canonical\" href=\"https:\/\/www.condomanager.com\/fr\/a-propos\/pourquoi-condo-manager\/\" \/>\n<meta property=\"og:locale\" content=\"fr_FR\" \/>\n<meta property=\"og:type\" content=\"article\" \/>\n<meta property=\"og:title\" content=\"Pourquoi Condo Manager - Condo Manager\" \/>\n<meta property=\"og:url\" content=\"https:\/\/www.condomanager.com\/fr\/a-propos\/pourquoi-condo-manager\/\" \/>\n<meta property=\"og:site_name\" content=\"Condo Manager\" \/>\n<meta property=\"article:modified_time\" content=\"2025-11-05T16:16:53+00:00\" \/>\n<meta name=\"twitter:card\" content=\"summary_large_image\" \/>\n<meta name=\"twitter:label1\" content=\"Dur\u00e9e de lecture estim\u00e9e\" \/>\n\t<meta name=\"twitter:data1\" content=\"1 minute\" \/>\n\t<meta name=\"twitter:label2\" content=\"Written by\" \/>\n\t<meta name=\"twitter:data2\" content=\"Adeel Abbasi\" \/>\n<script type=\"application\/ld+json\" class=\"yoast-schema-graph\">{\"@context\":\"https:\\\/\\\/schema.org\",\"@graph\":[{\"@type\":\"WebPage\",\"@id\":\"https:\\\/\\\/www.condomanager.com\\\/fr\\\/a-propos\\\/pourquoi-condo-manager\\\/\",\"url\":\"https:\\\/\\\/www.condomanager.com\\\/fr\\\/a-propos\\\/pourquoi-condo-manager\\\/\",\"name\":\"Pourquoi Condo Manager - Condo Manager\",\"isPartOf\":{\"@id\":\"https:\\\/\\\/www.condomanager.com\\\/fr\\\/#website\"},\"datePublished\":\"2025-10-21T13:34:16+00:00\",\"dateModified\":\"2025-11-05T16:16:53+00:00\",\"breadcrumb\":{\"@id\":\"https:\\\/\\\/www.condomanager.com\\\/fr\\\/a-propos\\\/pourquoi-condo-manager\\\/#breadcrumb\"},\"inLanguage\":\"fr-FR\",\"potentialAction\":[{\"@type\":\"ReadAction\",\"target\":[\"https:\\\/\\\/www.condomanager.com\\\/fr\\\/a-propos\\\/pourquoi-condo-manager\\\/\"]}]},{\"@type\":\"BreadcrumbList\",\"@id\":\"https:\\\/\\\/www.condomanager.com\\\/fr\\\/a-propos\\\/pourquoi-condo-manager\\\/#breadcrumb\",\"itemListElement\":[{\"@type\":\"ListItem\",\"position\":1,\"name\":\"Home\",\"item\":\"https:\\\/\\\/www.condomanager.com\\\/fr\\\/\"},{\"@type\":\"ListItem\",\"position\":2,\"name\":\"Pourquoi Condo Manager\"}]},{\"@type\":\"WebSite\",\"@id\":\"https:\\\/\\\/www.condomanager.com\\\/fr\\\/#website\",\"url\":\"https:\\\/\\\/www.condomanager.com\\\/fr\\\/\",\"name\":\"Condo Manager\",\"description\":\"Online Property Condo management Services, HOA Software\",\"publisher\":{\"@id\":\"https:\\\/\\\/www.condomanager.com\\\/fr\\\/#organization\"},\"potentialAction\":[{\"@type\":\"SearchAction\",\"target\":{\"@type\":\"EntryPoint\",\"urlTemplate\":\"https:\\\/\\\/www.condomanager.com\\\/fr\\\/?s={search_term_string}\"},\"query-input\":{\"@type\":\"PropertyValueSpecification\",\"valueRequired\":true,\"valueName\":\"search_term_string\"}}],\"inLanguage\":\"fr-FR\"},{\"@type\":\"Organization\",\"@id\":\"https:\\\/\\\/www.condomanager.com\\\/fr\\\/#organization\",\"name\":\"Condo Manager\",\"url\":\"https:\\\/\\\/www.condomanager.com\\\/fr\\\/\",\"logo\":{\"@type\":\"ImageObject\",\"inLanguage\":\"fr-FR\",\"@id\":\"https:\\\/\\\/www.condomanager.com\\\/fr\\\/#\\\/schema\\\/logo\\\/image\\\/\",\"url\":\"https:\\\/\\\/www.condomanager.com\\\/wp-content\\\/uploads\\\/2025\\\/10\\\/condomanager-logo-1.png-1.png\",\"contentUrl\":\"https:\\\/\\\/www.condomanager.com\\\/wp-content\\\/uploads\\\/2025\\\/10\\\/condomanager-logo-1.png-1.png\",\"width\":291,\"height\":53,\"caption\":\"Condo Manager\"},\"image\":{\"@id\":\"https:\\\/\\\/www.condomanager.com\\\/fr\\\/#\\\/schema\\\/logo\\\/image\\\/\"}}]}<\/script>\n<!-- \/ Yoast SEO plugin. -->","yoast_head_json":{"title":"Pourquoi Condo Manager - Condo Manager","robots":{"index":"index","follow":"follow","max-snippet":"max-snippet:-1","max-image-preview":"max-image-preview:large","max-video-preview":"max-video-preview:-1"},"canonical":"https:\/\/www.condomanager.com\/fr\/a-propos\/pourquoi-condo-manager\/","og_locale":"fr_FR","og_type":"article","og_title":"Pourquoi Condo Manager - Condo Manager","og_url":"https:\/\/www.condomanager.com\/fr\/a-propos\/pourquoi-condo-manager\/","og_site_name":"Condo Manager","article_modified_time":"2025-11-05T16:16:53+00:00","twitter_card":"summary_large_image","twitter_misc":{"Dur\u00e9e de lecture estim\u00e9e":"1 minute","Written by":"Adeel Abbasi"},"schema":{"@context":"https:\/\/schema.org","@graph":[{"@type":"WebPage","@id":"https:\/\/www.condomanager.com\/fr\/a-propos\/pourquoi-condo-manager\/","url":"https:\/\/www.condomanager.com\/fr\/a-propos\/pourquoi-condo-manager\/","name":"Pourquoi Condo Manager - Condo Manager","isPartOf":{"@id":"https:\/\/www.condomanager.com\/fr\/#website"},"datePublished":"2025-10-21T13:34:16+00:00","dateModified":"2025-11-05T16:16:53+00:00","breadcrumb":{"@id":"https:\/\/www.condomanager.com\/fr\/a-propos\/pourquoi-condo-manager\/#breadcrumb"},"inLanguage":"fr-FR","potentialAction":[{"@type":"ReadAction","target":["https:\/\/www.condomanager.com\/fr\/a-propos\/pourquoi-condo-manager\/"]}]},{"@type":"BreadcrumbList","@id":"https:\/\/www.condomanager.com\/fr\/a-propos\/pourquoi-condo-manager\/#breadcrumb","itemListElement":[{"@type":"ListItem","position":1,"name":"Home","item":"https:\/\/www.condomanager.com\/fr\/"},{"@type":"ListItem","position":2,"name":"Pourquoi Condo Manager"}]},{"@type":"WebSite","@id":"https:\/\/www.condomanager.com\/fr\/#website","url":"https:\/\/www.condomanager.com\/fr\/","name":"Condo Manager","description":"Online Property Condo management Services, HOA Software","publisher":{"@id":"https:\/\/www.condomanager.com\/fr\/#organization"},"potentialAction":[{"@type":"SearchAction","target":{"@type":"EntryPoint","urlTemplate":"https:\/\/www.condomanager.com\/fr\/?s={search_term_string}"},"query-input":{"@type":"PropertyValueSpecification","valueRequired":true,"valueName":"search_term_string"}}],"inLanguage":"fr-FR"},{"@type":"Organization","@id":"https:\/\/www.condomanager.com\/fr\/#organization","name":"Condo Manager","url":"https:\/\/www.condomanager.com\/fr\/","logo":{"@type":"ImageObject","inLanguage":"fr-FR","@id":"https:\/\/www.condomanager.com\/fr\/#\/schema\/logo\/image\/","url":"https:\/\/www.condomanager.com\/wp-content\/uploads\/2025\/10\/condomanager-logo-1.png-1.png","contentUrl":"https:\/\/www.condomanager.com\/wp-content\/uploads\/2025\/10\/condomanager-logo-1.png-1.png","width":291,"height":53,"caption":"Condo Manager"},"image":{"@id":"https:\/\/www.condomanager.com\/fr\/#\/schema\/logo\/image\/"}}]}},"_links":{"self":[{"href":"https:\/\/www.condomanager.com\/fr\/wp-json\/wp\/v2\/pages\/362","targetHints":{"allow":["GET"]}}],"collection":[{"href":"https:\/\/www.condomanager.com\/fr\/wp-json\/wp\/v2\/pages"}],"about":[{"href":"https:\/\/www.condomanager.com\/fr\/wp-json\/wp\/v2\/types\/page"}],"author":[{"embeddable":true,"href":"https:\/\/www.condomanager.com\/fr\/wp-json\/wp\/v2\/users\/4"}],"replies":[{"embeddable":true,"href":"https:\/\/www.condomanager.com\/fr\/wp-json\/wp\/v2\/comments?post=362"}],"version-history":[{"count":0,"href":"https:\/\/www.condomanager.com\/fr\/wp-json\/wp\/v2\/pages\/362\/revisions"}],"wp:attachment":[{"href":"https:\/\/www.condomanager.com\/fr\/wp-json\/wp\/v2\/media?parent=362"}],"wp:term":[{"taxonomy":"author","embeddable":true,"href":"https:\/\/www.condomanager.com\/fr\/wp-json\/wp\/v2\/coauthors?post=362"}],"curies":[{"name":"wp","href":"https:\/\/api.w.org\/{rel}","templated":true}]}}