{"id":363,"date":"2025-10-21T14:37:19","date_gmt":"2025-10-21T14:37:19","guid":{"rendered":"https:\/\/condomanagedev.wpenginepowered.com\/?page_id=363"},"modified":"2025-11-05T16:16:37","modified_gmt":"2025-11-05T16:16:37","slug":"french-who-are-we","status":"publish","type":"page","link":"https:\/\/www.condomanager.com\/fr\/a-propos\/qui-sommes-nous\/","title":{"rendered":"Qui sommes-nous"},"content":{"rendered":" <style>\r\n\r\n.hero::before {\r\n    content: \"\";\r\n    position: absolute;\r\n    left: 0;\r\n    right: 0;\r\n    top: 0;\r\n    height: 100%;\r\n    z-index: 0;\r\n    background: linear-gradient(180deg, #0087EE 0%, #0087EE 100%);\r\n    -webkit-clip-path: polygon(0 0, 100% 0, 100% 82%, 50% 100%, 0 82%);\r\n    clip-path: polygon(0 0, 100% 0, 100% 82%, 50% 100%, 0 82%);\r\n}\r\n\r\n\r\n.content-pair-text {\r\n  display: flex;\r\n  flex-direction: column;\r\n  justify-content: center;\r\n  height: 100%;\r\n}\r\n\r\n.wf-section{padding:5% !important}\r\n\r\n\r\n\/* Force all homepage benefit sections to show image first, text second on mobile *\/\r\n@media (max-width: 767px) {\r\n  .hompepage-benefits .row {\r\n    display: flex;\r\n    flex-direction: column !important;\r\n  }\r\n\r\n  .hompepage-benefits .col-md-6 {\r\n    width: 100% !important;\r\n    max-width: 100% !important;\r\n  }\r\n\r\n  \/* Force image columns to always come first on mobile *\/\r\n  .hompepage-benefits .col-md-6:has(img) {\r\n    order: -1 !important;\r\n  }\r\n\r\n  \/* Add spacing between image and text *\/\r\n  .hompepage-benefits .col-md-6 img {\r\n    width: 100%;\r\n    height: auto;\r\n    margin-bottom: 20px;\r\n  }\r\n\r\n  \/* Optional: adjust text alignment if needed *\/\r\n  .content-pair-text {\r\n    text-align: center;\r\n  }\r\n}\r\n\r\n\r\n <\/style>\r\n\r\n\r\n\r\n <section class=\"hero hero-illustation\">\r\n  <div class=\"container hero-container\">\r\n    <div class=\"row align-items-center my-row\">\r\n      <!-- LEFT: text -->\r\n      <div class=\"col-md-12\" style=\"text-align:center !important\">\r\n        <div class=\"text-small-caps small-caps-title\" style=\"color:#fff !important\">Notre mission<\/div>\r\n        <h1 class=\"text-huge\" style=\"color:#fff !important\">Cr\u00e9er des outils innovants pour simplifier\u2028et optimiser la gestion de copropri\u00e9t\u00e9.<\/h1>\r\n      <\/div><!-- col -->\r\n    <\/div>\r\n  <\/div>\r\n<\/section>\r\n\r\n<section class=\"section no-bottom-space hompepage-benefits wf-section\" style=\"margin-top:1%; background-color: #F7FAFC; max-width: 100%;\">\r\n  <div class=\"container\">\r\n    <div class=\"row\">\r\n      <div class=\"col-md-6 d-flex justify-content-centerX align-items-center\">\r\n        <img decoding=\"async\" src=\"\/wp-content\/uploads\/2025\/10\/IMAGE-10.png\" alt=\"\" class=\"content-pair-image\">\r\n      <\/div>\r\n\r\n      <div class=\"col-md-6\">\r\n        <div class=\"content-pair-text\">\r\n          <h2 id=\"nos-valeurs\">Nos valeurs<\/h2>\r\n          <p class=\"paragraph-large text-large\">\r\n            \u00c9coute \u2013 \u00catre \u00e0 l\u2019\u00e9coute de nos clients, partenaires et employ\u00e9s<br>\r\n            Innovation \u2013 Am\u00e9liorer constamment nos produits et nos processus<br>\r\n            Collaboration \u2013 Laisser le g\u00e9nie collectif nous porter plus haut<br>\r\n            entraide \u2013 S\u2019entraider pour mieux vivre, en sant\u00e9 et sans stress\r\n          <\/p>\r\n        <\/div><!-- content-pair-text -->\r\n      <\/div><!-- col --> \r\n    <\/div><!-- row --> \r\n  <\/div> <!-- container -->\r\n<\/section>\r\n\r\n<section class=\"section no-bottom-space hompepage-benefits wf-section\" style=\"margin-top:3%; max-width: 100%;\">\r\n  <div class=\"container\">\r\n    <div class=\"row\">\r\n      <div class=\"col-md-6\">\r\n        <div class=\"content-pair-text\">\r\n          <h2 id=\"notre-histoire\">Notre histoire<\/h2>\r\n          <p class=\"paragraph-large text-large\">\r\n            Tout a commenc\u00e9 en 1991. Eric Drouin, alors \u00e9tudiant en g\u00e9nie \u00e0 l\u2019\u00c9cole Polytechnique de Montr\u00e9al, cherchait une id\u00e9e pour son projet de fin d\u2019\u00e9tudes. Son p\u00e8re, Andr\u00e9, \u00e9tait membre du conseil d\u2019administration d\u2019un immeuble en copropri\u00e9t\u00e9 au centre-ville de Montr\u00e9al. Il a constat\u00e9 qu\u2019il n\u2019existait aucun logiciel permettant de g\u00e9rer efficacement leur association de copropri\u00e9taires.\r\n          <\/p>\r\n\r\n          <p class=\"paragraph-large text-large\">\r\n            Eric a alors d\u00e9cid\u00e9 d\u2019en concevoir un lui-m\u00eame pour son projet de fin d\u2019\u00e9tudes et a ainsi cr\u00e9\u00e9 Condo Manager 1.0.\r\n          <\/p>\r\n\r\n          <p class=\"paragraph-large text-large\">\r\n            Le logiciel a tr\u00e8s bien fonctionn\u00e9 et a \u00e9t\u00e9 pr\u00e9sent\u00e9 \u00e0 d\u2019autres associations voisines afin de les aider dans leur gestion. Apr\u00e8s avoir constat\u00e9 son utilit\u00e9, il a \u00e9t\u00e9 commercialis\u00e9 sur le march\u00e9 qu\u00e9b\u00e9cois. Ensuite, apr\u00e8s sa traduction en anglais, il a \u00e9t\u00e9 introduit aux \u00c9tats-Unis et dans le reste du Canada.\u2028\u2028\r\n            30 ans plus tard, Condo Manager, dans sa 9e version, est utilis\u00e9 pour g\u00e9rer plus de 1,5 million d\u2019unit\u00e9s r\u00e9parties dans 8 pays.\r\n          <\/p>\r\n        <\/div><!-- content-pair-text -->\r\n      <\/div><!-- col --> \r\n\r\n      <div class=\"col-md-6 d-flex justify-content-centerX align-items-center\">\r\n        <img decoding=\"async\" src=\"\/wp-content\/uploads\/2025\/10\/IMAGE-9.png\" alt=\"\" class=\"content-pair-image\">\r\n      <\/div>\r\n    <\/div><!-- row --> \r\n  <\/div> <!-- container -->\r\n<\/section>\r\n\r\n\r\n\r\n\r\n\r\n\r\n\n","protected":false},"excerpt":{"rendered":"","protected":false},"author":4,"featured_media":0,"parent":0,"menu_order":0,"comment_status":"closed","ping_status":"closed","template":"","meta":{"site-sidebar-layout":"default","site-content-layout":"","ast-site-content-layout":"default","site-content-style":"default","site-sidebar-style":"default","ast-global-header-display":"","ast-banner-title-visibility":"","ast-main-header-display":"","ast-hfb-above-header-display":"","ast-hfb-below-header-display":"","ast-hfb-mobile-header-display":"","site-post-title":"disabled","ast-breadcrumbs-content":"","ast-featured-img":"","footer-sml-layout":"","ast-disable-related-posts":"","theme-transparent-header-meta":"","adv-header-id-meta":"","stick-header-meta":"","header-above-stick-meta":"","header-main-stick-meta":"","header-below-stick-meta":"","astra-migrate-meta-layouts":"set","ast-page-background-enabled":"default","ast-page-background-meta":{"desktop":{"background-color":"var(--ast-global-color-5)","background-image":"","background-repeat":"repeat","background-position":"center center","background-size":"auto","background-attachment":"scroll","background-type":"","background-media":"","overlay-type":"","overlay-color":"","overlay-opacity":"","overlay-gradient":""},"tablet":{"background-color":"","background-image":"","background-repeat":"repeat","background-position":"center center","background-size":"auto","background-attachment":"scroll","background-type":"","background-media":"","overlay-type":"","overlay-color":"","overlay-opacity":"","overlay-gradient":""},"mobile":{"background-color":"","background-image":"","background-repeat":"repeat","background-position":"center center","background-size":"auto","background-attachment":"scroll","background-type":"","background-media":"","overlay-type":"","overlay-color":"","overlay-opacity":"","overlay-gradient":""}},"ast-content-background-meta":{"desktop":{"background-color":"var(--ast-global-color-4)","background-image":"","background-repeat":"repeat","background-position":"center center","background-size":"auto","background-attachment":"scroll","background-type":"","background-media":"","overlay-type":"","overlay-color":"","overlay-opacity":"","overlay-gradient":""},"tablet":{"background-color":"var(--ast-global-color-4)","background-image":"","background-repeat":"repeat","background-position":"center center","background-size":"auto","background-attachment":"scroll","background-type":"","background-media":"","overlay-type":"","overlay-color":"","overlay-opacity":"","overlay-gradient":""},"mobile":{"background-color":"var(--ast-global-color-4)","background-image":"","background-repeat":"repeat","background-position":"center center","background-size":"auto","background-attachment":"scroll","background-type":"","background-media":"","overlay-type":"","overlay-color":"","overlay-opacity":"","overlay-gradient":""}},"footnotes":""},"coauthors":[],"class_list":["post-363","page","type-page","status-publish","hentry"],"yoast_head":"<!-- This site is optimized with the Yoast SEO plugin v27.2 - https:\/\/yoast.com\/product\/yoast-seo-wordpress\/ -->\n<title>Qui sommes-nous - Condo Manager<\/title>\n<meta name=\"robots\" content=\"index, follow, max-snippet:-1, max-image-preview:large, max-video-preview:-1\" \/>\n<link rel=\"canonical\" href=\"https:\/\/www.condomanager.com\/fr\/a-propos\/qui-sommes-nous\/\" \/>\n<meta property=\"og:locale\" content=\"fr_FR\" \/>\n<meta property=\"og:type\" content=\"article\" \/>\n<meta property=\"og:title\" content=\"Qui sommes-nous - Condo Manager\" \/>\n<meta property=\"og:url\" content=\"https:\/\/www.condomanager.com\/fr\/a-propos\/qui-sommes-nous\/\" \/>\n<meta property=\"og:site_name\" content=\"Condo Manager\" \/>\n<meta property=\"article:modified_time\" content=\"2025-11-05T16:16:37+00:00\" \/>\n<meta name=\"twitter:card\" content=\"summary_large_image\" \/>\n<meta name=\"twitter:label1\" content=\"Dur\u00e9e de lecture estim\u00e9e\" \/>\n\t<meta name=\"twitter:data1\" content=\"1 minute\" \/>\n\t<meta name=\"twitter:label2\" content=\"Written by\" \/>\n\t<meta name=\"twitter:data2\" content=\"Adeel Abbasi\" \/>\n<script type=\"application\/ld+json\" class=\"yoast-schema-graph\">{\"@context\":\"https:\/\/schema.org\",\"@graph\":[{\"@type\":\"WebPage\",\"@id\":\"https:\/\/www.condomanager.com\/fr\/a-propos\/qui-sommes-nous\/\",\"url\":\"https:\/\/www.condomanager.com\/fr\/a-propos\/qui-sommes-nous\/\",\"name\":\"Qui sommes-nous - Condo Manager\",\"isPartOf\":{\"@id\":\"https:\/\/www.condomanager.com\/fr\/#website\"},\"datePublished\":\"2025-10-21T14:37:19+00:00\",\"dateModified\":\"2025-11-05T16:16:37+00:00\",\"breadcrumb\":{\"@id\":\"https:\/\/www.condomanager.com\/fr\/a-propos\/qui-sommes-nous\/#breadcrumb\"},\"inLanguage\":\"fr-FR\",\"potentialAction\":[{\"@type\":\"ReadAction\",\"target\":[\"https:\/\/www.condomanager.com\/fr\/a-propos\/qui-sommes-nous\/\"]}]},{\"@type\":\"BreadcrumbList\",\"@id\":\"https:\/\/www.condomanager.com\/fr\/a-propos\/qui-sommes-nous\/#breadcrumb\",\"itemListElement\":[{\"@type\":\"ListItem\",\"position\":1,\"name\":\"Home\",\"item\":\"https:\/\/www.condomanager.com\/fr\/\"},{\"@type\":\"ListItem\",\"position\":2,\"name\":\"Qui sommes-nous\"}]},{\"@type\":\"WebSite\",\"@id\":\"https:\/\/www.condomanager.com\/fr\/#website\",\"url\":\"https:\/\/www.condomanager.com\/fr\/\",\"name\":\"Condo Manager\",\"description\":\"Online Property Condo management Services, HOA Software\",\"publisher\":{\"@id\":\"https:\/\/www.condomanager.com\/fr\/#organization\"},\"potentialAction\":[{\"@type\":\"SearchAction\",\"target\":{\"@type\":\"EntryPoint\",\"urlTemplate\":\"https:\/\/www.condomanager.com\/fr\/?s={search_term_string}\"},\"query-input\":{\"@type\":\"PropertyValueSpecification\",\"valueRequired\":true,\"valueName\":\"search_term_string\"}}],\"inLanguage\":\"fr-FR\"},{\"@type\":\"Organization\",\"@id\":\"https:\/\/www.condomanager.com\/fr\/#organization\",\"name\":\"Condo Manager\",\"url\":\"https:\/\/www.condomanager.com\/fr\/\",\"logo\":{\"@type\":\"ImageObject\",\"inLanguage\":\"fr-FR\",\"@id\":\"https:\/\/www.condomanager.com\/fr\/#\/schema\/logo\/image\/\",\"url\":\"https:\/\/www.condomanager.com\/wp-content\/uploads\/2025\/10\/condomanager-logo-1.png-1.png\",\"contentUrl\":\"https:\/\/www.condomanager.com\/wp-content\/uploads\/2025\/10\/condomanager-logo-1.png-1.png\",\"width\":291,\"height\":53,\"caption\":\"Condo Manager\"},\"image\":{\"@id\":\"https:\/\/www.condomanager.com\/fr\/#\/schema\/logo\/image\/\"}}]}<\/script>\n<!-- \/ Yoast SEO plugin. -->","yoast_head_json":{"title":"Qui sommes-nous - Condo Manager","robots":{"index":"index","follow":"follow","max-snippet":"max-snippet:-1","max-image-preview":"max-image-preview:large","max-video-preview":"max-video-preview:-1"},"canonical":"https:\/\/www.condomanager.com\/fr\/a-propos\/qui-sommes-nous\/","og_locale":"fr_FR","og_type":"article","og_title":"Qui sommes-nous - Condo Manager","og_url":"https:\/\/www.condomanager.com\/fr\/a-propos\/qui-sommes-nous\/","og_site_name":"Condo Manager","article_modified_time":"2025-11-05T16:16:37+00:00","twitter_card":"summary_large_image","twitter_misc":{"Dur\u00e9e de lecture estim\u00e9e":"1 minute","Written by":"Adeel Abbasi"},"schema":{"@context":"https:\/\/schema.org","@graph":[{"@type":"WebPage","@id":"https:\/\/www.condomanager.com\/fr\/a-propos\/qui-sommes-nous\/","url":"https:\/\/www.condomanager.com\/fr\/a-propos\/qui-sommes-nous\/","name":"Qui sommes-nous - Condo Manager","isPartOf":{"@id":"https:\/\/www.condomanager.com\/fr\/#website"},"datePublished":"2025-10-21T14:37:19+00:00","dateModified":"2025-11-05T16:16:37+00:00","breadcrumb":{"@id":"https:\/\/www.condomanager.com\/fr\/a-propos\/qui-sommes-nous\/#breadcrumb"},"inLanguage":"fr-FR","potentialAction":[{"@type":"ReadAction","target":["https:\/\/www.condomanager.com\/fr\/a-propos\/qui-sommes-nous\/"]}]},{"@type":"BreadcrumbList","@id":"https:\/\/www.condomanager.com\/fr\/a-propos\/qui-sommes-nous\/#breadcrumb","itemListElement":[{"@type":"ListItem","position":1,"name":"Home","item":"https:\/\/www.condomanager.com\/fr\/"},{"@type":"ListItem","position":2,"name":"Qui sommes-nous"}]},{"@type":"WebSite","@id":"https:\/\/www.condomanager.com\/fr\/#website","url":"https:\/\/www.condomanager.com\/fr\/","name":"Condo Manager","description":"Online Property Condo management Services, HOA Software","publisher":{"@id":"https:\/\/www.condomanager.com\/fr\/#organization"},"potentialAction":[{"@type":"SearchAction","target":{"@type":"EntryPoint","urlTemplate":"https:\/\/www.condomanager.com\/fr\/?s={search_term_string}"},"query-input":{"@type":"PropertyValueSpecification","valueRequired":true,"valueName":"search_term_string"}}],"inLanguage":"fr-FR"},{"@type":"Organization","@id":"https:\/\/www.condomanager.com\/fr\/#organization","name":"Condo Manager","url":"https:\/\/www.condomanager.com\/fr\/","logo":{"@type":"ImageObject","inLanguage":"fr-FR","@id":"https:\/\/www.condomanager.com\/fr\/#\/schema\/logo\/image\/","url":"https:\/\/www.condomanager.com\/wp-content\/uploads\/2025\/10\/condomanager-logo-1.png-1.png","contentUrl":"https:\/\/www.condomanager.com\/wp-content\/uploads\/2025\/10\/condomanager-logo-1.png-1.png","width":291,"height":53,"caption":"Condo Manager"},"image":{"@id":"https:\/\/www.condomanager.com\/fr\/#\/schema\/logo\/image\/"}}]}},"_links":{"self":[{"href":"https:\/\/www.condomanager.com\/fr\/wp-json\/wp\/v2\/pages\/363","targetHints":{"allow":["GET"]}}],"collection":[{"href":"https:\/\/www.condomanager.com\/fr\/wp-json\/wp\/v2\/pages"}],"about":[{"href":"https:\/\/www.condomanager.com\/fr\/wp-json\/wp\/v2\/types\/page"}],"author":[{"embeddable":true,"href":"https:\/\/www.condomanager.com\/fr\/wp-json\/wp\/v2\/users\/4"}],"replies":[{"embeddable":true,"href":"https:\/\/www.condomanager.com\/fr\/wp-json\/wp\/v2\/comments?post=363"}],"version-history":[{"count":0,"href":"https:\/\/www.condomanager.com\/fr\/wp-json\/wp\/v2\/pages\/363\/revisions"}],"wp:attachment":[{"href":"https:\/\/www.condomanager.com\/fr\/wp-json\/wp\/v2\/media?parent=363"}],"wp:term":[{"taxonomy":"author","embeddable":true,"href":"https:\/\/www.condomanager.com\/fr\/wp-json\/wp\/v2\/coauthors?post=363"}],"curies":[{"name":"wp","href":"https:\/\/api.w.org\/{rel}","templated":true}]}}