{"id":373,"date":"2025-10-24T16:56:04","date_gmt":"2025-10-24T16:56:04","guid":{"rendered":"https:\/\/condomanagedev.wpenginepowered.com\/?page_id=373"},"modified":"2025-11-05T16:12:26","modified_gmt":"2025-11-05T16:12:26","slug":"french-full-stack-web-developer","status":"publish","type":"page","link":"https:\/\/www.condomanager.com\/fr\/carrieres\/programmeur-web-full-stack\/","title":{"rendered":"D\u00e9veloppeur web full stack"},"content":{"rendered":"\r\n<h1 class=\"wp-block-heading has-text-align-center\">D\u00e9veloppeur Web Full-Stack<\/h1>\r\n\r\n\r\n\r\n<p>Temps plein, Drummondville<\/p>\r\n\r\n\r\n\r\n<h6 class=\"wp-block-heading\">Description :<\/h6>\r\n\r\n\r\n\r\n<p>Nous recherchons un d\u00e9veloppeur .NET pour de nouveaux produits web Condo Manager.<\/p>\r\n\r\n\r\n\r\n<p>Le candidat id\u00e9al est proactif, polyvalent et autonome.<\/p>\r\n\r\n\r\n\r\n<p>Vous poss\u00e9dez \u00e9galement les connaissances et qualifications suivantes :<\/p>\r\n\r\n\r\n\r\n<ul class=\"wp-block-list\">\r\n<li>Dipl\u00f4me universitaire ou coll\u00e9gial en informatique ou dans une discipline jug\u00e9e pertinente.<\/li>\r\n<li>Bilingue (anglais et fran\u00e7ais).<\/li>\r\n<li>Connaissance de la programmation ASP.NET Core MVC et C#.<\/li>\r\n<li>La connaissance de VueJS est un atout important.<\/li>\r\n<li>Exp\u00e9rience avec Microsoft Visual Studio et Team Foundation Server un plus.<\/li>\r\n<li>Connaissance des langages Less ou SCSS et de Entity Framework.<\/li>\r\n<li>La connaissance de Microsoft SQL Server est un plus.<\/li>\r\n<\/ul>\r\n\r\n\r\n\r\n<p>Pourquoi postuler \u00e0 ce poste :<\/p>\r\n\r\n\r\n\r\n<ul class=\"wp-block-list\">\r\n<li>Travailler avec une \u00e9quipe dynamique et sympathique avec des \u00e9quipements et logiciels de pointe.<\/li>\r\n<li>Coaching par des programmeurs exp\u00e9riment\u00e9s.<\/li>\r\n<li>Possibilit\u00e9 de formation externe (Technologia, etc.).<\/li>\r\n<li>Excellents avantages.<\/li>\r\n<li>Environnement de travail d\u00e9tendu et sans pression.<\/li>\r\n<\/ul>\r\n\r\n\r\n\r\n<p>Comment postuler \u00e0 ce poste :<\/p>\r\n\r\n\r\n\r\n<ul class=\"wp-block-list\">\r\n<li>Contactez \u00c9ric Drouin par courriel \u00e0 <a href=\"mailto:info@condomanager.com\" target=\"_blank\" rel=\"noreferrer noopener\">info@condomanager.com<\/a> (merci de joindre votre CV).<\/li>\r\n<li>Vous recevrez une r\u00e9ponse sous 24 heures et, si votre candidature est retenue, un entretien sera pr\u00e9vu la m\u00eame semaine (selon disponibilit\u00e9s).<\/li>\r\n<\/ul>\r\n\r\n","protected":false},"excerpt":{"rendered":"<p>D\u00e9veloppeur Web Full-Stack Temps plein, Drummondville Description : Nous recherchons un d\u00e9veloppeur .NET pour de nouveaux produits web Condo Manager. [&hellip;]<\/p>\n","protected":false},"author":4,"featured_media":0,"parent":0,"menu_order":0,"comment_status":"closed","ping_status":"closed","template":"","meta":{"site-sidebar-layout":"default","site-content-layout":"","ast-site-content-layout":"default","site-content-style":"default","site-sidebar-style":"default","ast-global-header-display":"","ast-banner-title-visibility":"","ast-main-header-display":"","ast-hfb-above-header-display":"","ast-hfb-below-header-display":"","ast-hfb-mobile-header-display":"","site-post-title":"disabled","ast-breadcrumbs-content":"","ast-featured-img":"","footer-sml-layout":"","ast-disable-related-posts":"","theme-transparent-header-meta":"","adv-header-id-meta":"","stick-header-meta":"","header-above-stick-meta":"","header-main-stick-meta":"","header-below-stick-meta":"","astra-migrate-meta-layouts":"set","ast-page-background-enabled":"default","ast-page-background-meta":{"desktop":{"background-color":"var(--ast-global-color-5)","background-image":"","background-repeat":"repeat","background-position":"center center","background-size":"auto","background-attachment":"scroll","background-type":"","background-media":"","overlay-type":"","overlay-color":"","overlay-opacity":"","overlay-gradient":""},"tablet":{"background-color":"","background-image":"","background-repeat":"repeat","background-position":"center center","background-size":"auto","background-attachment":"scroll","background-type":"","background-media":"","overlay-type":"","overlay-color":"","overlay-opacity":"","overlay-gradient":""},"mobile":{"background-color":"","background-image":"","background-repeat":"repeat","background-position":"center center","background-size":"auto","background-attachment":"scroll","background-type":"","background-media":"","overlay-type":"","overlay-color":"","overlay-opacity":"","overlay-gradient":""}},"ast-content-background-meta":{"desktop":{"background-color":"var(--ast-global-color-4)","background-image":"","background-repeat":"repeat","background-position":"center center","background-size":"auto","background-attachment":"scroll","background-type":"","background-media":"","overlay-type":"","overlay-color":"","overlay-opacity":"","overlay-gradient":""},"tablet":{"background-color":"var(--ast-global-color-4)","background-image":"","background-repeat":"repeat","background-position":"center center","background-size":"auto","background-attachment":"scroll","background-type":"","background-media":"","overlay-type":"","overlay-color":"","overlay-opacity":"","overlay-gradient":""},"mobile":{"background-color":"var(--ast-global-color-4)","background-image":"","background-repeat":"repeat","background-position":"center center","background-size":"auto","background-attachment":"scroll","background-type":"","background-media":"","overlay-type":"","overlay-color":"","overlay-opacity":"","overlay-gradient":""}},"footnotes":""},"coauthors":[],"class_list":["post-373","page","type-page","status-publish","hentry"],"yoast_head":"<!-- This site is optimized with the Yoast SEO plugin v27.5 - https:\/\/yoast.com\/product\/yoast-seo-wordpress\/ -->\n<title>D\u00e9veloppeur web full stack - Condo Manager<\/title>\n<meta name=\"robots\" content=\"index, follow, max-snippet:-1, max-image-preview:large, max-video-preview:-1\" \/>\n<link rel=\"canonical\" href=\"https:\/\/www.condomanager.com\/fr\/carrieres\/programmeur-web-full-stack\/\" \/>\n<meta property=\"og:locale\" content=\"fr_FR\" \/>\n<meta property=\"og:type\" content=\"article\" \/>\n<meta property=\"og:title\" content=\"D\u00e9veloppeur web full stack - Condo Manager\" \/>\n<meta property=\"og:description\" content=\"D\u00e9veloppeur Web Full-Stack Temps plein, Drummondville Description : Nous recherchons un d\u00e9veloppeur .NET pour de nouveaux produits web Condo Manager. [&hellip;]\" \/>\n<meta property=\"og:url\" content=\"https:\/\/www.condomanager.com\/fr\/carrieres\/programmeur-web-full-stack\/\" \/>\n<meta property=\"og:site_name\" content=\"Condo Manager\" \/>\n<meta property=\"article:modified_time\" content=\"2025-11-05T16:12:26+00:00\" \/>\n<meta name=\"twitter:card\" content=\"summary_large_image\" \/>\n<meta name=\"twitter:label1\" content=\"Dur\u00e9e de lecture estim\u00e9e\" \/>\n\t<meta name=\"twitter:data1\" content=\"1 minute\" \/>\n\t<meta name=\"twitter:label2\" content=\"Written by\" \/>\n\t<meta name=\"twitter:data2\" content=\"Adeel Abbasi\" \/>\n<script type=\"application\/ld+json\" class=\"yoast-schema-graph\">{\"@context\":\"https:\\\/\\\/schema.org\",\"@graph\":[{\"@type\":\"WebPage\",\"@id\":\"https:\\\/\\\/www.condomanager.com\\\/fr\\\/carrieres\\\/programmeur-web-full-stack\\\/\",\"url\":\"https:\\\/\\\/www.condomanager.com\\\/fr\\\/carrieres\\\/programmeur-web-full-stack\\\/\",\"name\":\"D\u00e9veloppeur web full stack - Condo Manager\",\"isPartOf\":{\"@id\":\"https:\\\/\\\/www.condomanager.com\\\/fr\\\/#website\"},\"datePublished\":\"2025-10-24T16:56:04+00:00\",\"dateModified\":\"2025-11-05T16:12:26+00:00\",\"breadcrumb\":{\"@id\":\"https:\\\/\\\/www.condomanager.com\\\/fr\\\/carrieres\\\/programmeur-web-full-stack\\\/#breadcrumb\"},\"inLanguage\":\"fr-FR\",\"potentialAction\":[{\"@type\":\"ReadAction\",\"target\":[\"https:\\\/\\\/www.condomanager.com\\\/fr\\\/carrieres\\\/programmeur-web-full-stack\\\/\"]}]},{\"@type\":\"BreadcrumbList\",\"@id\":\"https:\\\/\\\/www.condomanager.com\\\/fr\\\/carrieres\\\/programmeur-web-full-stack\\\/#breadcrumb\",\"itemListElement\":[{\"@type\":\"ListItem\",\"position\":1,\"name\":\"Home\",\"item\":\"https:\\\/\\\/www.condomanager.com\\\/fr\\\/\"},{\"@type\":\"ListItem\",\"position\":2,\"name\":\"D\u00e9veloppeur web full stack\"}]},{\"@type\":\"WebSite\",\"@id\":\"https:\\\/\\\/www.condomanager.com\\\/fr\\\/#website\",\"url\":\"https:\\\/\\\/www.condomanager.com\\\/fr\\\/\",\"name\":\"Condo Manager\",\"description\":\"Online Property Condo management Services, HOA Software\",\"publisher\":{\"@id\":\"https:\\\/\\\/www.condomanager.com\\\/fr\\\/#organization\"},\"potentialAction\":[{\"@type\":\"SearchAction\",\"target\":{\"@type\":\"EntryPoint\",\"urlTemplate\":\"https:\\\/\\\/www.condomanager.com\\\/fr\\\/?s={search_term_string}\"},\"query-input\":{\"@type\":\"PropertyValueSpecification\",\"valueRequired\":true,\"valueName\":\"search_term_string\"}}],\"inLanguage\":\"fr-FR\"},{\"@type\":\"Organization\",\"@id\":\"https:\\\/\\\/www.condomanager.com\\\/fr\\\/#organization\",\"name\":\"Condo Manager\",\"url\":\"https:\\\/\\\/www.condomanager.com\\\/fr\\\/\",\"logo\":{\"@type\":\"ImageObject\",\"inLanguage\":\"fr-FR\",\"@id\":\"https:\\\/\\\/www.condomanager.com\\\/fr\\\/#\\\/schema\\\/logo\\\/image\\\/\",\"url\":\"https:\\\/\\\/www.condomanager.com\\\/wp-content\\\/uploads\\\/2025\\\/10\\\/condomanager-logo-1.png-1.png\",\"contentUrl\":\"https:\\\/\\\/www.condomanager.com\\\/wp-content\\\/uploads\\\/2025\\\/10\\\/condomanager-logo-1.png-1.png\",\"width\":291,\"height\":53,\"caption\":\"Condo Manager\"},\"image\":{\"@id\":\"https:\\\/\\\/www.condomanager.com\\\/fr\\\/#\\\/schema\\\/logo\\\/image\\\/\"}}]}<\/script>\n<!-- \/ Yoast SEO plugin. -->","yoast_head_json":{"title":"D\u00e9veloppeur web full stack - Condo Manager","robots":{"index":"index","follow":"follow","max-snippet":"max-snippet:-1","max-image-preview":"max-image-preview:large","max-video-preview":"max-video-preview:-1"},"canonical":"https:\/\/www.condomanager.com\/fr\/carrieres\/programmeur-web-full-stack\/","og_locale":"fr_FR","og_type":"article","og_title":"D\u00e9veloppeur web full stack - Condo Manager","og_description":"D\u00e9veloppeur Web Full-Stack Temps plein, Drummondville Description : Nous recherchons un d\u00e9veloppeur .NET pour de nouveaux produits web Condo Manager. [&hellip;]","og_url":"https:\/\/www.condomanager.com\/fr\/carrieres\/programmeur-web-full-stack\/","og_site_name":"Condo Manager","article_modified_time":"2025-11-05T16:12:26+00:00","twitter_card":"summary_large_image","twitter_misc":{"Dur\u00e9e de lecture estim\u00e9e":"1 minute","Written by":"Adeel Abbasi"},"schema":{"@context":"https:\/\/schema.org","@graph":[{"@type":"WebPage","@id":"https:\/\/www.condomanager.com\/fr\/carrieres\/programmeur-web-full-stack\/","url":"https:\/\/www.condomanager.com\/fr\/carrieres\/programmeur-web-full-stack\/","name":"D\u00e9veloppeur web full stack - Condo Manager","isPartOf":{"@id":"https:\/\/www.condomanager.com\/fr\/#website"},"datePublished":"2025-10-24T16:56:04+00:00","dateModified":"2025-11-05T16:12:26+00:00","breadcrumb":{"@id":"https:\/\/www.condomanager.com\/fr\/carrieres\/programmeur-web-full-stack\/#breadcrumb"},"inLanguage":"fr-FR","potentialAction":[{"@type":"ReadAction","target":["https:\/\/www.condomanager.com\/fr\/carrieres\/programmeur-web-full-stack\/"]}]},{"@type":"BreadcrumbList","@id":"https:\/\/www.condomanager.com\/fr\/carrieres\/programmeur-web-full-stack\/#breadcrumb","itemListElement":[{"@type":"ListItem","position":1,"name":"Home","item":"https:\/\/www.condomanager.com\/fr\/"},{"@type":"ListItem","position":2,"name":"D\u00e9veloppeur web full stack"}]},{"@type":"WebSite","@id":"https:\/\/www.condomanager.com\/fr\/#website","url":"https:\/\/www.condomanager.com\/fr\/","name":"Condo Manager","description":"Online Property Condo management Services, HOA Software","publisher":{"@id":"https:\/\/www.condomanager.com\/fr\/#organization"},"potentialAction":[{"@type":"SearchAction","target":{"@type":"EntryPoint","urlTemplate":"https:\/\/www.condomanager.com\/fr\/?s={search_term_string}"},"query-input":{"@type":"PropertyValueSpecification","valueRequired":true,"valueName":"search_term_string"}}],"inLanguage":"fr-FR"},{"@type":"Organization","@id":"https:\/\/www.condomanager.com\/fr\/#organization","name":"Condo Manager","url":"https:\/\/www.condomanager.com\/fr\/","logo":{"@type":"ImageObject","inLanguage":"fr-FR","@id":"https:\/\/www.condomanager.com\/fr\/#\/schema\/logo\/image\/","url":"https:\/\/www.condomanager.com\/wp-content\/uploads\/2025\/10\/condomanager-logo-1.png-1.png","contentUrl":"https:\/\/www.condomanager.com\/wp-content\/uploads\/2025\/10\/condomanager-logo-1.png-1.png","width":291,"height":53,"caption":"Condo Manager"},"image":{"@id":"https:\/\/www.condomanager.com\/fr\/#\/schema\/logo\/image\/"}}]}},"_links":{"self":[{"href":"https:\/\/www.condomanager.com\/fr\/wp-json\/wp\/v2\/pages\/373","targetHints":{"allow":["GET"]}}],"collection":[{"href":"https:\/\/www.condomanager.com\/fr\/wp-json\/wp\/v2\/pages"}],"about":[{"href":"https:\/\/www.condomanager.com\/fr\/wp-json\/wp\/v2\/types\/page"}],"author":[{"embeddable":true,"href":"https:\/\/www.condomanager.com\/fr\/wp-json\/wp\/v2\/users\/4"}],"replies":[{"embeddable":true,"href":"https:\/\/www.condomanager.com\/fr\/wp-json\/wp\/v2\/comments?post=373"}],"version-history":[{"count":0,"href":"https:\/\/www.condomanager.com\/fr\/wp-json\/wp\/v2\/pages\/373\/revisions"}],"wp:attachment":[{"href":"https:\/\/www.condomanager.com\/fr\/wp-json\/wp\/v2\/media?parent=373"}],"wp:term":[{"taxonomy":"author","embeddable":true,"href":"https:\/\/www.condomanager.com\/fr\/wp-json\/wp\/v2\/coauthors?post=373"}],"curies":[{"name":"wp","href":"https:\/\/api.w.org\/{rel}","templated":true}]}}