{"id":374,"date":"2025-10-24T16:56:57","date_gmt":"2025-10-24T16:56:57","guid":{"rendered":"https:\/\/condomanagedev.wpenginepowered.com\/?page_id=374"},"modified":"2025-11-05T16:16:09","modified_gmt":"2025-11-05T16:16:09","slug":"french-technical-support-representative","status":"publish","type":"page","link":"https:\/\/www.condomanager.com\/fr\/carrieres\/representant-support-technique\/","title":{"rendered":"Repr\u00e9sentant du support technique"},"content":{"rendered":"\r\n<h1 class=\"wp-block-heading has-text-align-center\">Repr\u00e9sentant du support technique<\/h1>\r\n\r\n\r\n\r\n<p>Temps plein, Drummondville<\/p>\r\n\r\n\r\n\r\n<h6 class=\"wp-block-heading\">Description :<\/h6>\r\n\r\n\r\n\r\n<p>Nous recherchons un repr\u00e9sentant du service \u00e0 la client\u00e8le pour soutenir les clients des produits Condo Manager. Le poste consiste \u00e0 r\u00e9pondre aux questions des clients concernant le logiciel et la comptabilit\u00e9 en g\u00e9n\u00e9ral.<\/p>\r\n\r\n\r\n\r\n<p>Le candidat id\u00e9al poss\u00e9dera les connaissances et qualifications suivantes :<\/p>\r\n\r\n\r\n\r\n<ul class=\"wp-block-list\">\r\n<li>Niveau d\u2019\u00e9tudes : Coll\u00e8ge (DEC) ou Professionnel (DEP) compl\u00e9t\u00e9 ou en voie de l\u2019\u00eatre.<\/li>\r\n<li>Des ann\u00e9es d\u2019exp\u00e9rience en lien avec le poste sont un atout.<\/li>\r\n<li>Description des qualifications : DEP en comptabilit\u00e9 ou DEC en techniques administratives (ou \u00e9quivalent).<\/li>\r\n<li>Bilingue (fran\u00e7ais et anglais).<\/li>\r\n<li>Tr\u00e8s bonne connaissance de l\u2019environnement MS Office.<\/li>\r\n<li>Connaissance des logiciels comptables est un atout.<\/li>\r\n<li>Comp\u00e9tences en communication et r\u00e9daction.<\/li>\r\n<li>Int\u00e9r\u00eat pour le service \u00e0 la client\u00e8le.<\/li>\r\n<li>Rigueur et attention aux d\u00e9tails, esprit d\u2019\u00e9quipe, polyvalence, bonnes comp\u00e9tences interpersonnelles, dynamisme, initiative et flexibilit\u00e9.<\/li>\r\n<\/ul>\r\n\r\n\r\n\r\n<p>Pourquoi postuler \u00e0 ce poste :<\/p>\r\n\r\n\r\n\r\n<ul class=\"wp-block-list\">\r\n<li>Travailler avec une \u00e9quipe dynamique et sympathique sur des \u00e9quipements et logiciels de pointe.<\/li>\r\n<li>Environnement de travail d\u00e9tendu et sans pression.<\/li>\r\n<\/ul>\r\n\r\n\r\n\r\n<p>Comment postuler au poste :<\/p>\r\n\r\n\r\n\r\n<ul class=\"wp-block-list\">\r\n<li>Contactez \u00c9ric Drouin par courriel \u00e0 <a href=\"mailto:info@condomanager.com\" target=\"_blank\" rel=\"noreferrer noopener\">info@condomanager.com<\/a> (merci de joindre votre CV).<\/li>\r\n<li>Vous recevrez une r\u00e9ponse sous 24 heures et, si votre candidature est retenue, un entretien sera pr\u00e9vu la m\u00eame semaine (selon disponibilit\u00e9s).<\/li>\r\n<\/ul>\r\n\r\n","protected":false},"excerpt":{"rendered":"<p>Repr\u00e9sentant du support technique Temps plein, Drummondville Description : Nous recherchons un repr\u00e9sentant du service \u00e0 la client\u00e8le pour soutenir [&hellip;]<\/p>\n","protected":false},"author":4,"featured_media":0,"parent":0,"menu_order":0,"comment_status":"closed","ping_status":"closed","template":"","meta":{"site-sidebar-layout":"default","site-content-layout":"","ast-site-content-layout":"default","site-content-style":"default","site-sidebar-style":"default","ast-global-header-display":"","ast-banner-title-visibility":"","ast-main-header-display":"","ast-hfb-above-header-display":"","ast-hfb-below-header-display":"","ast-hfb-mobile-header-display":"","site-post-title":"disabled","ast-breadcrumbs-content":"","ast-featured-img":"","footer-sml-layout":"","ast-disable-related-posts":"","theme-transparent-header-meta":"","adv-header-id-meta":"","stick-header-meta":"","header-above-stick-meta":"","header-main-stick-meta":"","header-below-stick-meta":"","astra-migrate-meta-layouts":"set","ast-page-background-enabled":"default","ast-page-background-meta":{"desktop":{"background-color":"var(--ast-global-color-5)","background-image":"","background-repeat":"repeat","background-position":"center center","background-size":"auto","background-attachment":"scroll","background-type":"","background-media":"","overlay-type":"","overlay-color":"","overlay-opacity":"","overlay-gradient":""},"tablet":{"background-color":"","background-image":"","background-repeat":"repeat","background-position":"center center","background-size":"auto","background-attachment":"scroll","background-type":"","background-media":"","overlay-type":"","overlay-color":"","overlay-opacity":"","overlay-gradient":""},"mobile":{"background-color":"","background-image":"","background-repeat":"repeat","background-position":"center center","background-size":"auto","background-attachment":"scroll","background-type":"","background-media":"","overlay-type":"","overlay-color":"","overlay-opacity":"","overlay-gradient":""}},"ast-content-background-meta":{"desktop":{"background-color":"var(--ast-global-color-4)","background-image":"","background-repeat":"repeat","background-position":"center center","background-size":"auto","background-attachment":"scroll","background-type":"","background-media":"","overlay-type":"","overlay-color":"","overlay-opacity":"","overlay-gradient":""},"tablet":{"background-color":"var(--ast-global-color-4)","background-image":"","background-repeat":"repeat","background-position":"center center","background-size":"auto","background-attachment":"scroll","background-type":"","background-media":"","overlay-type":"","overlay-color":"","overlay-opacity":"","overlay-gradient":""},"mobile":{"background-color":"var(--ast-global-color-4)","background-image":"","background-repeat":"repeat","background-position":"center center","background-size":"auto","background-attachment":"scroll","background-type":"","background-media":"","overlay-type":"","overlay-color":"","overlay-opacity":"","overlay-gradient":""}},"footnotes":""},"coauthors":[],"class_list":["post-374","page","type-page","status-publish","hentry"],"yoast_head":"<!-- This site is optimized with the Yoast SEO plugin v27.5 - https:\/\/yoast.com\/product\/yoast-seo-wordpress\/ -->\n<title>Repr\u00e9sentant du support technique - Condo Manager<\/title>\n<meta name=\"robots\" content=\"index, follow, max-snippet:-1, max-image-preview:large, max-video-preview:-1\" \/>\n<link rel=\"canonical\" href=\"https:\/\/www.condomanager.com\/fr\/carrieres\/representant-support-technique\/\" \/>\n<meta property=\"og:locale\" content=\"fr_FR\" \/>\n<meta property=\"og:type\" content=\"article\" \/>\n<meta property=\"og:title\" content=\"Repr\u00e9sentant du support technique - Condo Manager\" \/>\n<meta property=\"og:description\" content=\"Repr\u00e9sentant du support technique Temps plein, Drummondville Description : Nous recherchons un repr\u00e9sentant du service \u00e0 la client\u00e8le pour soutenir [&hellip;]\" \/>\n<meta property=\"og:url\" content=\"https:\/\/www.condomanager.com\/fr\/carrieres\/representant-support-technique\/\" \/>\n<meta property=\"og:site_name\" content=\"Condo Manager\" \/>\n<meta property=\"article:modified_time\" content=\"2025-11-05T16:16:09+00:00\" \/>\n<meta name=\"twitter:card\" content=\"summary_large_image\" \/>\n<meta name=\"twitter:label1\" content=\"Dur\u00e9e de lecture estim\u00e9e\" \/>\n\t<meta name=\"twitter:data1\" content=\"1 minute\" \/>\n\t<meta name=\"twitter:label2\" content=\"Written by\" \/>\n\t<meta name=\"twitter:data2\" content=\"Adeel Abbasi\" \/>\n<script type=\"application\/ld+json\" class=\"yoast-schema-graph\">{\"@context\":\"https:\\\/\\\/schema.org\",\"@graph\":[{\"@type\":\"WebPage\",\"@id\":\"https:\\\/\\\/www.condomanager.com\\\/fr\\\/carrieres\\\/representant-support-technique\\\/\",\"url\":\"https:\\\/\\\/www.condomanager.com\\\/fr\\\/carrieres\\\/representant-support-technique\\\/\",\"name\":\"Repr\u00e9sentant du support technique - Condo Manager\",\"isPartOf\":{\"@id\":\"https:\\\/\\\/www.condomanager.com\\\/fr\\\/#website\"},\"datePublished\":\"2025-10-24T16:56:57+00:00\",\"dateModified\":\"2025-11-05T16:16:09+00:00\",\"breadcrumb\":{\"@id\":\"https:\\\/\\\/www.condomanager.com\\\/fr\\\/carrieres\\\/representant-support-technique\\\/#breadcrumb\"},\"inLanguage\":\"fr-FR\",\"potentialAction\":[{\"@type\":\"ReadAction\",\"target\":[\"https:\\\/\\\/www.condomanager.com\\\/fr\\\/carrieres\\\/representant-support-technique\\\/\"]}]},{\"@type\":\"BreadcrumbList\",\"@id\":\"https:\\\/\\\/www.condomanager.com\\\/fr\\\/carrieres\\\/representant-support-technique\\\/#breadcrumb\",\"itemListElement\":[{\"@type\":\"ListItem\",\"position\":1,\"name\":\"Home\",\"item\":\"https:\\\/\\\/www.condomanager.com\\\/fr\\\/\"},{\"@type\":\"ListItem\",\"position\":2,\"name\":\"Repr\u00e9sentant du support technique\"}]},{\"@type\":\"WebSite\",\"@id\":\"https:\\\/\\\/www.condomanager.com\\\/fr\\\/#website\",\"url\":\"https:\\\/\\\/www.condomanager.com\\\/fr\\\/\",\"name\":\"Condo Manager\",\"description\":\"Online Property Condo management Services, HOA Software\",\"publisher\":{\"@id\":\"https:\\\/\\\/www.condomanager.com\\\/fr\\\/#organization\"},\"potentialAction\":[{\"@type\":\"SearchAction\",\"target\":{\"@type\":\"EntryPoint\",\"urlTemplate\":\"https:\\\/\\\/www.condomanager.com\\\/fr\\\/?s={search_term_string}\"},\"query-input\":{\"@type\":\"PropertyValueSpecification\",\"valueRequired\":true,\"valueName\":\"search_term_string\"}}],\"inLanguage\":\"fr-FR\"},{\"@type\":\"Organization\",\"@id\":\"https:\\\/\\\/www.condomanager.com\\\/fr\\\/#organization\",\"name\":\"Condo Manager\",\"url\":\"https:\\\/\\\/www.condomanager.com\\\/fr\\\/\",\"logo\":{\"@type\":\"ImageObject\",\"inLanguage\":\"fr-FR\",\"@id\":\"https:\\\/\\\/www.condomanager.com\\\/fr\\\/#\\\/schema\\\/logo\\\/image\\\/\",\"url\":\"https:\\\/\\\/www.condomanager.com\\\/wp-content\\\/uploads\\\/2025\\\/10\\\/condomanager-logo-1.png-1.png\",\"contentUrl\":\"https:\\\/\\\/www.condomanager.com\\\/wp-content\\\/uploads\\\/2025\\\/10\\\/condomanager-logo-1.png-1.png\",\"width\":291,\"height\":53,\"caption\":\"Condo Manager\"},\"image\":{\"@id\":\"https:\\\/\\\/www.condomanager.com\\\/fr\\\/#\\\/schema\\\/logo\\\/image\\\/\"}}]}<\/script>\n<!-- \/ Yoast SEO plugin. -->","yoast_head_json":{"title":"Repr\u00e9sentant du support technique - Condo Manager","robots":{"index":"index","follow":"follow","max-snippet":"max-snippet:-1","max-image-preview":"max-image-preview:large","max-video-preview":"max-video-preview:-1"},"canonical":"https:\/\/www.condomanager.com\/fr\/carrieres\/representant-support-technique\/","og_locale":"fr_FR","og_type":"article","og_title":"Repr\u00e9sentant du support technique - Condo Manager","og_description":"Repr\u00e9sentant du support technique Temps plein, Drummondville Description : Nous recherchons un repr\u00e9sentant du service \u00e0 la client\u00e8le pour soutenir [&hellip;]","og_url":"https:\/\/www.condomanager.com\/fr\/carrieres\/representant-support-technique\/","og_site_name":"Condo Manager","article_modified_time":"2025-11-05T16:16:09+00:00","twitter_card":"summary_large_image","twitter_misc":{"Dur\u00e9e de lecture estim\u00e9e":"1 minute","Written by":"Adeel Abbasi"},"schema":{"@context":"https:\/\/schema.org","@graph":[{"@type":"WebPage","@id":"https:\/\/www.condomanager.com\/fr\/carrieres\/representant-support-technique\/","url":"https:\/\/www.condomanager.com\/fr\/carrieres\/representant-support-technique\/","name":"Repr\u00e9sentant du support technique - Condo Manager","isPartOf":{"@id":"https:\/\/www.condomanager.com\/fr\/#website"},"datePublished":"2025-10-24T16:56:57+00:00","dateModified":"2025-11-05T16:16:09+00:00","breadcrumb":{"@id":"https:\/\/www.condomanager.com\/fr\/carrieres\/representant-support-technique\/#breadcrumb"},"inLanguage":"fr-FR","potentialAction":[{"@type":"ReadAction","target":["https:\/\/www.condomanager.com\/fr\/carrieres\/representant-support-technique\/"]}]},{"@type":"BreadcrumbList","@id":"https:\/\/www.condomanager.com\/fr\/carrieres\/representant-support-technique\/#breadcrumb","itemListElement":[{"@type":"ListItem","position":1,"name":"Home","item":"https:\/\/www.condomanager.com\/fr\/"},{"@type":"ListItem","position":2,"name":"Repr\u00e9sentant du support technique"}]},{"@type":"WebSite","@id":"https:\/\/www.condomanager.com\/fr\/#website","url":"https:\/\/www.condomanager.com\/fr\/","name":"Condo Manager","description":"Online Property Condo management Services, HOA Software","publisher":{"@id":"https:\/\/www.condomanager.com\/fr\/#organization"},"potentialAction":[{"@type":"SearchAction","target":{"@type":"EntryPoint","urlTemplate":"https:\/\/www.condomanager.com\/fr\/?s={search_term_string}"},"query-input":{"@type":"PropertyValueSpecification","valueRequired":true,"valueName":"search_term_string"}}],"inLanguage":"fr-FR"},{"@type":"Organization","@id":"https:\/\/www.condomanager.com\/fr\/#organization","name":"Condo Manager","url":"https:\/\/www.condomanager.com\/fr\/","logo":{"@type":"ImageObject","inLanguage":"fr-FR","@id":"https:\/\/www.condomanager.com\/fr\/#\/schema\/logo\/image\/","url":"https:\/\/www.condomanager.com\/wp-content\/uploads\/2025\/10\/condomanager-logo-1.png-1.png","contentUrl":"https:\/\/www.condomanager.com\/wp-content\/uploads\/2025\/10\/condomanager-logo-1.png-1.png","width":291,"height":53,"caption":"Condo Manager"},"image":{"@id":"https:\/\/www.condomanager.com\/fr\/#\/schema\/logo\/image\/"}}]}},"_links":{"self":[{"href":"https:\/\/www.condomanager.com\/fr\/wp-json\/wp\/v2\/pages\/374","targetHints":{"allow":["GET"]}}],"collection":[{"href":"https:\/\/www.condomanager.com\/fr\/wp-json\/wp\/v2\/pages"}],"about":[{"href":"https:\/\/www.condomanager.com\/fr\/wp-json\/wp\/v2\/types\/page"}],"author":[{"embeddable":true,"href":"https:\/\/www.condomanager.com\/fr\/wp-json\/wp\/v2\/users\/4"}],"replies":[{"embeddable":true,"href":"https:\/\/www.condomanager.com\/fr\/wp-json\/wp\/v2\/comments?post=374"}],"version-history":[{"count":0,"href":"https:\/\/www.condomanager.com\/fr\/wp-json\/wp\/v2\/pages\/374\/revisions"}],"wp:attachment":[{"href":"https:\/\/www.condomanager.com\/fr\/wp-json\/wp\/v2\/media?parent=374"}],"wp:term":[{"taxonomy":"author","embeddable":true,"href":"https:\/\/www.condomanager.com\/fr\/wp-json\/wp\/v2\/coauthors?post=374"}],"curies":[{"name":"wp","href":"https:\/\/api.w.org\/{rel}","templated":true}]}}