{"id":613,"date":"2025-10-24T13:07:59","date_gmt":"2025-10-24T13:07:59","guid":{"rendered":"https:\/\/condomanagedev.wpenginepowered.com\/?page_id=613"},"modified":"2025-11-05T16:10:44","modified_gmt":"2025-11-05T16:10:44","slug":"french-contact-us","status":"publish","type":"page","link":"https:\/\/www.condomanager.com\/fr\/a-propos\/contactez-nous\/","title":{"rendered":"Contactez-nous"},"content":{"rendered":" <style>\r\n\r\n.hero::before {\r\n    content: \"\";\r\n    position: absolute;\r\n    left: 0;\r\n    right: 0;\r\n    top: 0;\r\n    height: 100%;\r\n    z-index: 0;\r\n    background: linear-gradient(90deg, #0087EE 0%, #0fbf95 100%);\r\n    -webkit-clip-path: polygon(0 0, 100% 0, 100% 82%, 50% 100%, 0 82%);\r\n    clip-path: polygon(0 0, 100% 0, 100% 82%, 50% 100%, 0 82%);\r\n}\r\n\r\n\r\n.content-pair-text {\r\n  display: flex;\r\n  flex-direction: column;\r\n  justify-content: center;\r\n  height: 100%;\r\n}\r\n\r\n.wf-section{padding:5% !important}\r\n\r\n\r\n\/* Force all homepage benefit sections to show image first, text second on mobile *\/\r\n@media (max-width: 767px) {\r\n  .hompepage-benefits .row {\r\n    display: flex;\r\n    flex-direction: column !important;\r\n  }\r\n\r\n  .hompepage-benefits .col-md-6 {\r\n    width: 100% !important;\r\n    max-width: 100% !important;\r\n  }\r\n\r\n  \/* Force image columns to always come first on mobile *\/\r\n  .hompepage-benefits .col-md-6:has(img) {\r\n    order: -1 !important;\r\n  }\r\n\r\n  \/* Add spacing between image and text *\/\r\n  .hompepage-benefits .col-md-6 img {\r\n    width: 100%;\r\n    height: auto;\r\n    margin-bottom: 20px;\r\n  }\r\n\r\n  \/* Optional: adjust text alignment if needed *\/\r\n  .content-pair-text {\r\n    text-align: center;\r\n  }\r\n}\r\n\r\n\r\n <\/style>\r\n\r\n\r\n\r\n <section class=\"hero hero-illustation\">\r\n  <div class=\"container hero-container\">\r\n    <div class=\"row align-items-center my-row\">\r\n      <!-- LEFT: text -->\r\n      <div class=\"col-md-12\" style=\"text-align:center !important\">\r\n        <div class=\"text-small-caps small-caps-title\" style=\"color:#fff !important\">Notre mission<\/div>\r\n        <h1 class=\"text-huge\" style=\"color:#fff !important\">Condo Manager a \u00e9t\u00e9 con\u00e7u pour optimiser la productivit\u00e9 des gestionnaires immobiliers. <\/h1>\r\n        <p class=\"text-large section-subtitle hompage-sub\" style=\"margin-left:auto !important; color:#fff !important\">N'h\u00e9sitez pas \u00e0 contacter notre \u00e9quipe pour toute question ou commentaire. Remplissez le formulaire ci-dessous.<\/p>\r\n        \r\n        <!--<div class=\"hero-section-action\">\r\n        <a href=\"\/contact\/free-demo\" class=\"btn btn-cta\">Get a Free Demo<\/a>\r\n      <\/div>-->\r\n      \r\n\r\n\r\n      <\/div><!-- col -->\r\n    <\/div>\r\n  <\/div>\r\n<\/section>\r\n\r\n\r\n  <section class=\"section no-bottom-space hompepage-benefits wf-section\" style=\"margin-top:3%\">\r\n  <div class=\"container\" style=\"text-align:center\">\r\n    <h3 class=\"h1\" id=\"nhesitez-pas-a-nous-contacter\">N'h\u00e9sitez pas \u00e0 nous contacter<\/h3>\r\n    <div class=\"text-large\">\r\n      Contactez notre \u00e9quipe commerciale. Remplissez le formulaire ci-dessous.\r\n    <\/div>\r\n    <div id =\"demo\" class=\"hero-section-action\" style=\"margin-top:2%\">\r\n      \r\n    <\/div>\r\n  <\/div>\r\n<\/section>\r\n\r\n\r\n<script>\r\n        var iframe = document.createElement('iframe');\r\n        iframe.onload = function() {\r\n        };\r\n        iframe.id = 'myIframe';\r\n        \/*iframe.src = 'https:\/\/go.condocontrol.com\/l\/651773\/2025-05-08\/scfwq';*\/\r\n        iframe.src = 'https:\/\/learn.condomanager.com\/l\/651773\/2025-10-31\/sp5dq';\r\n        iframe.src = iframe.src + window.location.search;\r\n        iframe.width = '100%';\r\n        \/\/ iframe.height = '720';\r\n        iframe.style.border = \"none\";\r\n        iframe.style.overflow = \"hidden\";\r\n        document.getElementById(\"demo\").appendChild(iframe);\r\n    <\/script>\r\n\r\n<script src=\"\/wp-content\/uploads\/iframeResizer.min.js\"><\/script>\r\n\r\n\r\n\r\n<script>\r\n    iFrameResize({\r\n        autoResize: true,\r\n        minHeight: 200, \/\/ Set a minimum height for the iframe\r\n        checkOrigin: false\r\n    }, '#myIframe');\r\n<\/script>\n","protected":false},"excerpt":{"rendered":"","protected":false},"author":4,"featured_media":0,"parent":0,"menu_order":0,"comment_status":"closed","ping_status":"closed","template":"","meta":{"site-sidebar-layout":"default","site-content-layout":"","ast-site-content-layout":"default","site-content-style":"default","site-sidebar-style":"default","ast-global-header-display":"","ast-banner-title-visibility":"","ast-main-header-display":"","ast-hfb-above-header-display":"","ast-hfb-below-header-display":"","ast-hfb-mobile-header-display":"","site-post-title":"disabled","ast-breadcrumbs-content":"","ast-featured-img":"","footer-sml-layout":"","ast-disable-related-posts":"","theme-transparent-header-meta":"","adv-header-id-meta":"","stick-header-meta":"","header-above-stick-meta":"","header-main-stick-meta":"","header-below-stick-meta":"","astra-migrate-meta-layouts":"set","ast-page-background-enabled":"default","ast-page-background-meta":{"desktop":{"background-color":"var(--ast-global-color-5)","background-image":"","background-repeat":"repeat","background-position":"center center","background-size":"auto","background-attachment":"scroll","background-type":"","background-media":"","overlay-type":"","overlay-color":"","overlay-opacity":"","overlay-gradient":""},"tablet":{"background-color":"","background-image":"","background-repeat":"repeat","background-position":"center center","background-size":"auto","background-attachment":"scroll","background-type":"","background-media":"","overlay-type":"","overlay-color":"","overlay-opacity":"","overlay-gradient":""},"mobile":{"background-color":"","background-image":"","background-repeat":"repeat","background-position":"center center","background-size":"auto","background-attachment":"scroll","background-type":"","background-media":"","overlay-type":"","overlay-color":"","overlay-opacity":"","overlay-gradient":""}},"ast-content-background-meta":{"desktop":{"background-color":"var(--ast-global-color-4)","background-image":"","background-repeat":"repeat","background-position":"center center","background-size":"auto","background-attachment":"scroll","background-type":"","background-media":"","overlay-type":"","overlay-color":"","overlay-opacity":"","overlay-gradient":""},"tablet":{"background-color":"var(--ast-global-color-4)","background-image":"","background-repeat":"repeat","background-position":"center center","background-size":"auto","background-attachment":"scroll","background-type":"","background-media":"","overlay-type":"","overlay-color":"","overlay-opacity":"","overlay-gradient":""},"mobile":{"background-color":"var(--ast-global-color-4)","background-image":"","background-repeat":"repeat","background-position":"center center","background-size":"auto","background-attachment":"scroll","background-type":"","background-media":"","overlay-type":"","overlay-color":"","overlay-opacity":"","overlay-gradient":""}},"footnotes":""},"coauthors":[],"class_list":["post-613","page","type-page","status-publish","hentry"],"yoast_head":"<!-- This site is optimized with the Yoast SEO plugin v27.5 - https:\/\/yoast.com\/product\/yoast-seo-wordpress\/ -->\n<title>Contactez-nous - Condo Manager<\/title>\n<meta name=\"robots\" content=\"index, follow, max-snippet:-1, max-image-preview:large, max-video-preview:-1\" \/>\n<link rel=\"canonical\" href=\"https:\/\/www.condomanager.com\/fr\/a-propos\/contactez-nous\/\" \/>\n<meta property=\"og:locale\" content=\"fr_FR\" \/>\n<meta property=\"og:type\" content=\"article\" \/>\n<meta property=\"og:title\" content=\"Contactez-nous - Condo Manager\" \/>\n<meta property=\"og:url\" content=\"https:\/\/www.condomanager.com\/fr\/a-propos\/contactez-nous\/\" \/>\n<meta property=\"og:site_name\" content=\"Condo Manager\" \/>\n<meta property=\"article:modified_time\" content=\"2025-11-05T16:10:44+00:00\" \/>\n<meta name=\"twitter:card\" content=\"summary_large_image\" \/>\n<meta name=\"twitter:label1\" content=\"Dur\u00e9e de lecture estim\u00e9e\" \/>\n\t<meta name=\"twitter:data1\" content=\"1 minute\" \/>\n\t<meta name=\"twitter:label2\" content=\"Written by\" \/>\n\t<meta name=\"twitter:data2\" content=\"Adeel Abbasi\" \/>\n<script type=\"application\/ld+json\" class=\"yoast-schema-graph\">{\"@context\":\"https:\\\/\\\/schema.org\",\"@graph\":[{\"@type\":\"WebPage\",\"@id\":\"https:\\\/\\\/www.condomanager.com\\\/fr\\\/a-propos\\\/contactez-nous\\\/\",\"url\":\"https:\\\/\\\/www.condomanager.com\\\/fr\\\/a-propos\\\/contactez-nous\\\/\",\"name\":\"Contactez-nous - Condo Manager\",\"isPartOf\":{\"@id\":\"https:\\\/\\\/www.condomanager.com\\\/fr\\\/#website\"},\"datePublished\":\"2025-10-24T13:07:59+00:00\",\"dateModified\":\"2025-11-05T16:10:44+00:00\",\"breadcrumb\":{\"@id\":\"https:\\\/\\\/www.condomanager.com\\\/fr\\\/a-propos\\\/contactez-nous\\\/#breadcrumb\"},\"inLanguage\":\"fr-FR\",\"potentialAction\":[{\"@type\":\"ReadAction\",\"target\":[\"https:\\\/\\\/www.condomanager.com\\\/fr\\\/a-propos\\\/contactez-nous\\\/\"]}]},{\"@type\":\"BreadcrumbList\",\"@id\":\"https:\\\/\\\/www.condomanager.com\\\/fr\\\/a-propos\\\/contactez-nous\\\/#breadcrumb\",\"itemListElement\":[{\"@type\":\"ListItem\",\"position\":1,\"name\":\"Home\",\"item\":\"https:\\\/\\\/www.condomanager.com\\\/fr\\\/\"},{\"@type\":\"ListItem\",\"position\":2,\"name\":\"Contactez-nous\"}]},{\"@type\":\"WebSite\",\"@id\":\"https:\\\/\\\/www.condomanager.com\\\/fr\\\/#website\",\"url\":\"https:\\\/\\\/www.condomanager.com\\\/fr\\\/\",\"name\":\"Condo Manager\",\"description\":\"Online Property Condo management Services, HOA Software\",\"publisher\":{\"@id\":\"https:\\\/\\\/www.condomanager.com\\\/fr\\\/#organization\"},\"potentialAction\":[{\"@type\":\"SearchAction\",\"target\":{\"@type\":\"EntryPoint\",\"urlTemplate\":\"https:\\\/\\\/www.condomanager.com\\\/fr\\\/?s={search_term_string}\"},\"query-input\":{\"@type\":\"PropertyValueSpecification\",\"valueRequired\":true,\"valueName\":\"search_term_string\"}}],\"inLanguage\":\"fr-FR\"},{\"@type\":\"Organization\",\"@id\":\"https:\\\/\\\/www.condomanager.com\\\/fr\\\/#organization\",\"name\":\"Condo Manager\",\"url\":\"https:\\\/\\\/www.condomanager.com\\\/fr\\\/\",\"logo\":{\"@type\":\"ImageObject\",\"inLanguage\":\"fr-FR\",\"@id\":\"https:\\\/\\\/www.condomanager.com\\\/fr\\\/#\\\/schema\\\/logo\\\/image\\\/\",\"url\":\"https:\\\/\\\/www.condomanager.com\\\/wp-content\\\/uploads\\\/2025\\\/10\\\/condomanager-logo-1.png-1.png\",\"contentUrl\":\"https:\\\/\\\/www.condomanager.com\\\/wp-content\\\/uploads\\\/2025\\\/10\\\/condomanager-logo-1.png-1.png\",\"width\":291,\"height\":53,\"caption\":\"Condo Manager\"},\"image\":{\"@id\":\"https:\\\/\\\/www.condomanager.com\\\/fr\\\/#\\\/schema\\\/logo\\\/image\\\/\"}}]}<\/script>\n<!-- \/ Yoast SEO plugin. -->","yoast_head_json":{"title":"Contactez-nous - Condo Manager","robots":{"index":"index","follow":"follow","max-snippet":"max-snippet:-1","max-image-preview":"max-image-preview:large","max-video-preview":"max-video-preview:-1"},"canonical":"https:\/\/www.condomanager.com\/fr\/a-propos\/contactez-nous\/","og_locale":"fr_FR","og_type":"article","og_title":"Contactez-nous - Condo Manager","og_url":"https:\/\/www.condomanager.com\/fr\/a-propos\/contactez-nous\/","og_site_name":"Condo Manager","article_modified_time":"2025-11-05T16:10:44+00:00","twitter_card":"summary_large_image","twitter_misc":{"Dur\u00e9e de lecture estim\u00e9e":"1 minute","Written by":"Adeel Abbasi"},"schema":{"@context":"https:\/\/schema.org","@graph":[{"@type":"WebPage","@id":"https:\/\/www.condomanager.com\/fr\/a-propos\/contactez-nous\/","url":"https:\/\/www.condomanager.com\/fr\/a-propos\/contactez-nous\/","name":"Contactez-nous - Condo Manager","isPartOf":{"@id":"https:\/\/www.condomanager.com\/fr\/#website"},"datePublished":"2025-10-24T13:07:59+00:00","dateModified":"2025-11-05T16:10:44+00:00","breadcrumb":{"@id":"https:\/\/www.condomanager.com\/fr\/a-propos\/contactez-nous\/#breadcrumb"},"inLanguage":"fr-FR","potentialAction":[{"@type":"ReadAction","target":["https:\/\/www.condomanager.com\/fr\/a-propos\/contactez-nous\/"]}]},{"@type":"BreadcrumbList","@id":"https:\/\/www.condomanager.com\/fr\/a-propos\/contactez-nous\/#breadcrumb","itemListElement":[{"@type":"ListItem","position":1,"name":"Home","item":"https:\/\/www.condomanager.com\/fr\/"},{"@type":"ListItem","position":2,"name":"Contactez-nous"}]},{"@type":"WebSite","@id":"https:\/\/www.condomanager.com\/fr\/#website","url":"https:\/\/www.condomanager.com\/fr\/","name":"Condo Manager","description":"Online Property Condo management Services, HOA Software","publisher":{"@id":"https:\/\/www.condomanager.com\/fr\/#organization"},"potentialAction":[{"@type":"SearchAction","target":{"@type":"EntryPoint","urlTemplate":"https:\/\/www.condomanager.com\/fr\/?s={search_term_string}"},"query-input":{"@type":"PropertyValueSpecification","valueRequired":true,"valueName":"search_term_string"}}],"inLanguage":"fr-FR"},{"@type":"Organization","@id":"https:\/\/www.condomanager.com\/fr\/#organization","name":"Condo Manager","url":"https:\/\/www.condomanager.com\/fr\/","logo":{"@type":"ImageObject","inLanguage":"fr-FR","@id":"https:\/\/www.condomanager.com\/fr\/#\/schema\/logo\/image\/","url":"https:\/\/www.condomanager.com\/wp-content\/uploads\/2025\/10\/condomanager-logo-1.png-1.png","contentUrl":"https:\/\/www.condomanager.com\/wp-content\/uploads\/2025\/10\/condomanager-logo-1.png-1.png","width":291,"height":53,"caption":"Condo Manager"},"image":{"@id":"https:\/\/www.condomanager.com\/fr\/#\/schema\/logo\/image\/"}}]}},"_links":{"self":[{"href":"https:\/\/www.condomanager.com\/fr\/wp-json\/wp\/v2\/pages\/613","targetHints":{"allow":["GET"]}}],"collection":[{"href":"https:\/\/www.condomanager.com\/fr\/wp-json\/wp\/v2\/pages"}],"about":[{"href":"https:\/\/www.condomanager.com\/fr\/wp-json\/wp\/v2\/types\/page"}],"author":[{"embeddable":true,"href":"https:\/\/www.condomanager.com\/fr\/wp-json\/wp\/v2\/users\/4"}],"replies":[{"embeddable":true,"href":"https:\/\/www.condomanager.com\/fr\/wp-json\/wp\/v2\/comments?post=613"}],"version-history":[{"count":0,"href":"https:\/\/www.condomanager.com\/fr\/wp-json\/wp\/v2\/pages\/613\/revisions"}],"wp:attachment":[{"href":"https:\/\/www.condomanager.com\/fr\/wp-json\/wp\/v2\/media?parent=613"}],"wp:term":[{"taxonomy":"author","embeddable":true,"href":"https:\/\/www.condomanager.com\/fr\/wp-json\/wp\/v2\/coauthors?post=613"}],"curies":[{"name":"wp","href":"https:\/\/api.w.org\/{rel}","templated":true}]}}